{"id":7423,"date":"2026-04-22T08:05:13","date_gmt":"2026-04-22T08:05:13","guid":{"rendered":"https:\/\/xindasafety.com\/?post_type=product&#038;p=7423"},"modified":"2026-04-22T08:05:14","modified_gmt":"2026-04-22T08:05:14","slug":"xdq9692","status":"publish","type":"product","link":"https:\/\/xindasafety.com\/pt_br\/product\/xdq9692\/","title":{"rendered":"XDQ9692"},"content":{"rendered":"<p class=\"ds-markdown-paragraph\"><strong>Nome do produto:<\/strong>\u00a0Fechadura principal especial Jungle Crossing<br \/>\n<strong>Marca:<\/strong>\u00a0XINDA<br \/>\n<strong>Modelo n\u00ba:<\/strong>\u00a0XD-Q9692<br \/>\n<strong>Material:<\/strong>\u00a0A\u00e7o inoxid\u00e1vel 420<br \/>\n<strong>Carga de ruptura:<\/strong>\u00a015 kN<br \/>\n<strong>Padr\u00e3o:<\/strong>\u00a0Padr\u00e3o nacional (China)<br \/>\n<strong>Abertura do port\u00e3o:<\/strong>\u00a06 mm<br \/>\n<strong>Tamanho:<\/strong>\u00a014 \u00d7 8 cm<br \/>\n<strong>Cor:<\/strong>\u00a0(N\u00e3o especificado)<br \/>\n<strong>Peso:<\/strong>\u00a0388 g<\/p>\n<h3>Classifica\u00e7\u00e3o de for\u00e7a:<\/h3>\n<ul>\n<li>\n<p class=\"ds-markdown-paragraph\">Eixo principal: 15 kN<\/p>\n<\/li>\n<li>\n<p class=\"ds-markdown-paragraph\">(Eixo menor e port\u00e3o aberto n\u00e3o especificados)<\/p>\n<\/li>\n<\/ul>\n<p class=\"ds-markdown-paragraph\"><strong>Escopo do aplicativo:<\/strong>\u00a0Expans\u00e3o ao ar livre, explora\u00e7\u00e3o da selva, travessia de \u00e1rvores, Via Ferrata, v\u00e1rios parques tem\u00e1ticos de aventura, projetos de divers\u00e3o em altitude, etc.<\/p>","protected":false},"excerpt":{"rendered":"<p><strong>Mosquet\u00e3o principal de a\u00e7o inoxid\u00e1vel Xinda para travessia na selva, Via Ferrata, treinamento de expans\u00e3o, aventura em \u00e1rvores - Prote\u00e7\u00e3o cont\u00ednua, n\u00e3o destac\u00e1vel<\/strong><\/p>","protected":false},"featured_media":7424,"template":"","meta":{"_acf_changed":false},"product_brand":[],"product_cat":[58,102],"product_tag":[69,338,340,345,376,326,343],"class_list":{"0":"post-7423","1":"product","2":"type-product","3":"status-publish","4":"has-post-thumbnail","6":"product_cat-carabiner","7":"product_cat-carabiner-generation-1","8":"product_tag-carabiner","9":"product_tag-ropeaccess","10":"product_tag-ropedevice-ropeequipment","11":"product_tag-ropeequipment","12":"product_tag-workatheight","13":"product_tag-xinda","14":"product_tag-xinda-equipment","16":"first","17":"instock","18":"shipping-taxable","19":"product-type-simple"},"acf":[],"_links":{"self":[{"href":"https:\/\/xindasafety.com\/pt_br\/wp-json\/wp\/v2\/product\/7423","targetHints":{"allow":["GET"]}}],"collection":[{"href":"https:\/\/xindasafety.com\/pt_br\/wp-json\/wp\/v2\/product"}],"about":[{"href":"https:\/\/xindasafety.com\/pt_br\/wp-json\/wp\/v2\/types\/product"}],"version-history":[{"count":1,"href":"https:\/\/xindasafety.com\/pt_br\/wp-json\/wp\/v2\/product\/7423\/revisions"}],"predecessor-version":[{"id":7428,"href":"https:\/\/xindasafety.com\/pt_br\/wp-json\/wp\/v2\/product\/7423\/revisions\/7428"}],"wp:featuredmedia":[{"embeddable":true,"href":"https:\/\/xindasafety.com\/pt_br\/wp-json\/wp\/v2\/media\/7424"}],"wp:attachment":[{"href":"https:\/\/xindasafety.com\/pt_br\/wp-json\/wp\/v2\/media?parent=7423"}],"wp:term":[{"taxonomy":"product_brand","embeddable":true,"href":"https:\/\/xindasafety.com\/pt_br\/wp-json\/wp\/v2\/product_brand?post=7423"},{"taxonomy":"product_cat","embeddable":true,"href":"https:\/\/xindasafety.com\/pt_br\/wp-json\/wp\/v2\/product_cat?post=7423"},{"taxonomy":"product_tag","embeddable":true,"href":"https:\/\/xindasafety.com\/pt_br\/wp-json\/wp\/v2\/product_tag?post=7423"}],"curies":[{"name":"wp","href":"https:\/\/api.w.org\/{rel}","templated":true}]}}