{"id":7377,"date":"2026-04-22T05:07:09","date_gmt":"2026-04-22T05:07:09","guid":{"rendered":"https:\/\/xindasafety.com\/?post_type=product&#038;p=7377"},"modified":"2026-04-22T05:07:09","modified_gmt":"2026-04-22T05:07:09","slug":"xdq9676","status":"publish","type":"product","link":"https:\/\/xindasafety.com\/pt_br\/product\/xdq9676\/","title":{"rendered":"XDQ9676"},"content":{"rendered":"<p><strong>Marca:<\/strong> XINDA<br \/>\n<strong>Modelo n\u00ba:<\/strong>\u00a0XD-Q9676<br \/>\n<strong>Nome do produto:<\/strong>\u00a0Polia dupla de eixo duplo<br \/>\n<strong>Carga de ruptura:<\/strong>\u00a025kN<br \/>\n<strong>Material do corpo principal:<\/strong>\u00a0Liga de alum\u00ednio de alta resist\u00eancia<br \/>\n<strong>Material:<\/strong>\u00a0A\u00e7o inoxid\u00e1vel 316<br \/>\n<strong>Dimens\u00f5es:<\/strong>\u00a0Comprimento: 10,7 cm \u00d7 Largura: 8,2 cm<br \/>\n<strong>Cor:<\/strong>\u00a0Vermelho, preto, cinza<br \/>\n<strong>Peso:<\/strong>\u00a0289g<br \/>\n<strong>Padr\u00e3o de execu\u00e7\u00e3o:<\/strong>\u00a0Padr\u00e3o nacional (China)<br \/>\n<strong>Escopo do aplicativo:<\/strong>\u00a0Travessia de telef\u00e9rico ao ar livre, carrinho de corda a\u00e9reo, transporte de carga, rapel de escalada, prote\u00e7\u00e3o contra expans\u00e3o, arrasto, i\u00e7amento, sistemas de polias, etc.<\/p>","protected":false},"excerpt":{"rendered":"<p><strong>Xinda Outdoor Double-Axle Double Pulley, Heart-Shaped Zipline Pulley, High-Altitude Steel Cable Rope Crossing Trolley, Ropeway Pulley for Kindergarten<\/strong><\/p>","protected":false},"featured_media":7393,"template":"","meta":{"_acf_changed":false},"product_brand":[],"product_cat":[60,126],"product_tag":[169,338,340,345,326,343],"class_list":{"0":"post-7377","1":"product","2":"type-product","3":"status-publish","4":"has-post-thumbnail","6":"product_cat-pulley","7":"product_cat-pulley-gen1","8":"product_tag-pulley","9":"product_tag-ropeaccess","10":"product_tag-ropedevice-ropeequipment","11":"product_tag-ropeequipment","12":"product_tag-xinda","13":"product_tag-xinda-equipment","15":"first","16":"instock","17":"shipping-taxable","18":"product-type-variable"},"acf":[],"_links":{"self":[{"href":"https:\/\/xindasafety.com\/pt_br\/wp-json\/wp\/v2\/product\/7377","targetHints":{"allow":["GET"]}}],"collection":[{"href":"https:\/\/xindasafety.com\/pt_br\/wp-json\/wp\/v2\/product"}],"about":[{"href":"https:\/\/xindasafety.com\/pt_br\/wp-json\/wp\/v2\/types\/product"}],"version-history":[{"count":1,"href":"https:\/\/xindasafety.com\/pt_br\/wp-json\/wp\/v2\/product\/7377\/revisions"}],"predecessor-version":[{"id":7398,"href":"https:\/\/xindasafety.com\/pt_br\/wp-json\/wp\/v2\/product\/7377\/revisions\/7398"}],"wp:featuredmedia":[{"embeddable":true,"href":"https:\/\/xindasafety.com\/pt_br\/wp-json\/wp\/v2\/media\/7393"}],"wp:attachment":[{"href":"https:\/\/xindasafety.com\/pt_br\/wp-json\/wp\/v2\/media?parent=7377"}],"wp:term":[{"taxonomy":"product_brand","embeddable":true,"href":"https:\/\/xindasafety.com\/pt_br\/wp-json\/wp\/v2\/product_brand?post=7377"},{"taxonomy":"product_cat","embeddable":true,"href":"https:\/\/xindasafety.com\/pt_br\/wp-json\/wp\/v2\/product_cat?post=7377"},{"taxonomy":"product_tag","embeddable":true,"href":"https:\/\/xindasafety.com\/pt_br\/wp-json\/wp\/v2\/product_tag?post=7377"}],"curies":[{"name":"wp","href":"https:\/\/api.w.org\/{rel}","templated":true}]}}