{"id":7283,"date":"2026-04-21T06:53:41","date_gmt":"2026-04-21T06:53:41","guid":{"rendered":"https:\/\/xindasafety.com\/?post_type=product&#038;p=7283"},"modified":"2026-04-21T06:53:41","modified_gmt":"2026-04-21T06:53:41","slug":"xds9852","status":"publish","type":"product","link":"https:\/\/xindasafety.com\/pt_br\/product\/xds9852\/","title":{"rendered":"XDS9852"},"content":{"rendered":"<ul>\n<li>\n<p class=\"ds-markdown-paragraph\"><strong>Marca:<\/strong>\u00a0Xinda<\/p>\n<\/li>\n<li>\n<p class=\"ds-markdown-paragraph\"><strong>N\u00famero do modelo:<\/strong>\u00a0XD-S9852<\/p>\n<\/li>\n<li>\n<p class=\"ds-markdown-paragraph\"><strong>Material:<\/strong>\u00a0A\u00e7o, PU, alum\u00ednio, etc.<\/p>\n<\/li>\n<li>\n<p class=\"ds-markdown-paragraph\"><strong>Placa de a\u00e7o Dimens\u00f5es:<\/strong>\u00a06,3\u00d715\u00d73,8 cm (grande) \/ 6\u00d713\u00d73,5 cm (pequeno)<\/p>\n<\/li>\n<li>\n<p class=\"ds-markdown-paragraph\"><strong>Espessura da chapa de a\u00e7o:<\/strong>\u00a03,7 mm<\/p>\n<\/li>\n<li>\n<p class=\"ds-markdown-paragraph\"><strong>Di\u00e2metro do cabo de a\u00e7o:<\/strong>\u00a06 mm<\/p>\n<\/li>\n<li>\n<p class=\"ds-markdown-paragraph\"><strong>Di\u00e2metro do furo aplic\u00e1vel:<\/strong>\u00a040-63 mm<\/p>\n<\/li>\n<li>\n<p class=\"ds-markdown-paragraph\"><strong>Carga de trabalho:<\/strong>\u00a03,5 kN<\/p>\n<\/li>\n<li>\n<p class=\"ds-markdown-paragraph\"><strong>Carga de ruptura:<\/strong>\u00a015 kN<\/p>\n<\/li>\n<li>\n<p class=\"ds-markdown-paragraph\"><strong>Aplicativo:<\/strong>\u00a0Trabalho em grandes altitudes \/ Instala\u00e7\u00e3o de ar condicionado \/ F\u00e1cil de instalar \/ N\u00e3o requer perfura\u00e7\u00e3o \/ Apenas para um \u00fanico usu\u00e1rio<\/p>\n<\/li>\n<\/ul>","protected":false},"excerpt":{"rendered":"<p><strong>Xinda Stainless Steel Cable Anchor - Para instala\u00e7\u00e3o de CA, trabalho em alta altitude e ancoragem em paredes (multiuso)<\/strong><\/p>","protected":false},"featured_media":7290,"template":"","meta":{"_acf_changed":false},"product_brand":[],"product_cat":[68],"product_tag":[371,370,212,338,340,345,343],"class_list":{"0":"post-7283","1":"product","2":"type-product","3":"status-publish","4":"has-post-thumbnail","6":"product_cat-auxiliary-tools","7":"product_tag-anchor","8":"product_tag-cable-anchor","9":"product_tag-rope","10":"product_tag-ropeaccess","11":"product_tag-ropedevice-ropeequipment","12":"product_tag-ropeequipment","13":"product_tag-xinda-equipment","15":"first","16":"instock","17":"shipping-taxable","18":"product-type-simple"},"acf":[],"_links":{"self":[{"href":"https:\/\/xindasafety.com\/pt_br\/wp-json\/wp\/v2\/product\/7283","targetHints":{"allow":["GET"]}}],"collection":[{"href":"https:\/\/xindasafety.com\/pt_br\/wp-json\/wp\/v2\/product"}],"about":[{"href":"https:\/\/xindasafety.com\/pt_br\/wp-json\/wp\/v2\/types\/product"}],"version-history":[{"count":1,"href":"https:\/\/xindasafety.com\/pt_br\/wp-json\/wp\/v2\/product\/7283\/revisions"}],"predecessor-version":[{"id":7291,"href":"https:\/\/xindasafety.com\/pt_br\/wp-json\/wp\/v2\/product\/7283\/revisions\/7291"}],"wp:featuredmedia":[{"embeddable":true,"href":"https:\/\/xindasafety.com\/pt_br\/wp-json\/wp\/v2\/media\/7290"}],"wp:attachment":[{"href":"https:\/\/xindasafety.com\/pt_br\/wp-json\/wp\/v2\/media?parent=7283"}],"wp:term":[{"taxonomy":"product_brand","embeddable":true,"href":"https:\/\/xindasafety.com\/pt_br\/wp-json\/wp\/v2\/product_brand?post=7283"},{"taxonomy":"product_cat","embeddable":true,"href":"https:\/\/xindasafety.com\/pt_br\/wp-json\/wp\/v2\/product_cat?post=7283"},{"taxonomy":"product_tag","embeddable":true,"href":"https:\/\/xindasafety.com\/pt_br\/wp-json\/wp\/v2\/product_tag?post=7283"}],"curies":[{"name":"wp","href":"https:\/\/api.w.org\/{rel}","templated":true}]}}