{"id":7274,"date":"2026-04-21T05:55:20","date_gmt":"2026-04-21T05:55:20","guid":{"rendered":"https:\/\/xindasafety.com\/?post_type=product&#038;p=7274"},"modified":"2026-04-21T05:55:20","modified_gmt":"2026-04-21T05:55:20","slug":"hh-xzh9m","status":"publish","type":"product","link":"https:\/\/xindasafety.com\/pt_br\/product\/hh-xzh9m\/","title":{"rendered":"HH-XZH9M"},"content":{"rendered":"<p class=\"ds-markdown-paragraph\"><strong>Marca:<\/strong>\u00a0Xinda<\/p>\n<p class=\"ds-markdown-paragraph\"><strong>Modelo:<\/strong>\u00a0HH-XZH9M<\/p>\n<p class=\"ds-markdown-paragraph\"><strong>Material:<\/strong>\u00a0Alum\u00ednio de alta resist\u00eancia + a\u00e7o inoxid\u00e1vel<\/p>\n<p class=\"ds-markdown-paragraph\"><strong>Padr\u00e3o:<\/strong>\u00a0XF 494-2023<\/p>\n<p class=\"ds-markdown-paragraph\"><strong>For\u00e7a de ruptura:<\/strong>\u00a030 kN<\/p>\n<p class=\"ds-markdown-paragraph\"><strong>Peso:<\/strong>\u00a083 g<\/p>\n<p class=\"ds-markdown-paragraph\"><strong>Aplicativo:<\/strong>\u00a0Escalada em rocha, pr\u00e1tica de ioga em rede, trabalho em altitude elevada, etc.<\/p>","protected":false},"excerpt":{"rendered":"<p><strong>Polia girat\u00f3ria da s\u00e9rie H de 3\u00aa gera\u00e7\u00e3o da Xinda, rota\u00e7\u00e3o de 360\u00b0, para alpinismo, travessia, trabalho em alta altitude, resgate, suporte de carga, antiemaranhamento<\/strong><\/p>","protected":false},"featured_media":7275,"template":"","meta":{"_acf_changed":false},"product_brand":[],"product_cat":[60,128],"product_tag":[212,338,340,147,267,326,343],"class_list":{"0":"post-7274","1":"product","2":"type-product","3":"status-publish","4":"has-post-thumbnail","6":"product_cat-pulley","7":"product_cat-pulley-gen3","8":"product_tag-rope","9":"product_tag-ropeaccess","10":"product_tag-ropedevice-ropeequipment","11":"product_tag-swivel","12":"product_tag-swivel-pulley","13":"product_tag-xinda","14":"product_tag-xinda-equipment","16":"first","17":"instock","18":"shipping-taxable","19":"product-type-simple"},"acf":[],"_links":{"self":[{"href":"https:\/\/xindasafety.com\/pt_br\/wp-json\/wp\/v2\/product\/7274","targetHints":{"allow":["GET"]}}],"collection":[{"href":"https:\/\/xindasafety.com\/pt_br\/wp-json\/wp\/v2\/product"}],"about":[{"href":"https:\/\/xindasafety.com\/pt_br\/wp-json\/wp\/v2\/types\/product"}],"version-history":[{"count":1,"href":"https:\/\/xindasafety.com\/pt_br\/wp-json\/wp\/v2\/product\/7274\/revisions"}],"predecessor-version":[{"id":7280,"href":"https:\/\/xindasafety.com\/pt_br\/wp-json\/wp\/v2\/product\/7274\/revisions\/7280"}],"wp:featuredmedia":[{"embeddable":true,"href":"https:\/\/xindasafety.com\/pt_br\/wp-json\/wp\/v2\/media\/7275"}],"wp:attachment":[{"href":"https:\/\/xindasafety.com\/pt_br\/wp-json\/wp\/v2\/media?parent=7274"}],"wp:term":[{"taxonomy":"product_brand","embeddable":true,"href":"https:\/\/xindasafety.com\/pt_br\/wp-json\/wp\/v2\/product_brand?post=7274"},{"taxonomy":"product_cat","embeddable":true,"href":"https:\/\/xindasafety.com\/pt_br\/wp-json\/wp\/v2\/product_cat?post=7274"},{"taxonomy":"product_tag","embeddable":true,"href":"https:\/\/xindasafety.com\/pt_br\/wp-json\/wp\/v2\/product_tag?post=7274"}],"curies":[{"name":"wp","href":"https:\/\/api.w.org\/{rel}","templated":true}]}}