{"id":7167,"date":"2026-04-20T07:04:00","date_gmt":"2026-04-20T07:04:00","guid":{"rendered":"https:\/\/xindasafety.com\/?post_type=product&#038;p=7167"},"modified":"2026-04-20T07:04:00","modified_gmt":"2026-04-20T07:04:00","slug":"xd8620","status":"publish","type":"product","link":"https:\/\/xindasafety.com\/pt_br\/product\/xd8620\/","title":{"rendered":"XD8620"},"content":{"rendered":"<p class=\"ds-markdown-paragraph\"><strong>Nome do produto:<\/strong>\u00a0 Polia de eleva\u00e7\u00e3o<br \/>\n<strong>Marca:<\/strong>\u00a0Xinda<\/p>\n<p class=\"ds-markdown-paragraph\"><strong>Modelo n\u00ba:<\/strong>\u00a0XD-8620<\/p>\n<p class=\"ds-markdown-paragraph\"><strong>Material:<\/strong>\u00a0Liga de alum\u00ednio de alta resist\u00eancia<\/p>\n<p class=\"ds-markdown-paragraph\"><strong>Carga de ruptura:<\/strong>\u00a0Carga est\u00e1tica 25 kN \/ Carga de rolamento 12,5 kN<\/p>\n<p class=\"ds-markdown-paragraph\"><strong>Peso:<\/strong>\u00a0390 g<\/p>\n<p class=\"ds-markdown-paragraph\"><strong>Di\u00e2metro do cabo aplic\u00e1vel:<\/strong>\u00a08-12 mm<\/p>\n<p class=\"ds-markdown-paragraph\"><strong>Escopo do aplicativo:<\/strong><br \/>\nLevantamento de objetos pesados, transporte de trabalho em grandes altitudes, transporte e movimenta\u00e7\u00e3o de itens, i\u00e7amento de armaz\u00e9ns, instala\u00e7\u00e3o de ar-condicionado, movimenta\u00e7\u00e3o de m\u00f3veis em resid\u00eancias etc.<\/p>","protected":false},"excerpt":{"rendered":"<p><strong>Dispositivo de eleva\u00e7\u00e3o de carga pesada da Xinda - talha com travamento autom\u00e1tico, sistema de polia que economiza esfor\u00e7o, levantador de unidade externa de ar-condicionado, ascensor e equipamento de eleva\u00e7\u00e3o.<\/strong><\/p>","protected":false},"featured_media":7168,"template":"","meta":{"_acf_changed":false},"product_brand":[],"product_cat":[60,126],"product_tag":[359,169,302,338,340,345,326,343],"class_list":{"0":"post-7167","1":"product","2":"type-product","3":"status-publish","4":"has-post-thumbnail","6":"product_cat-pulley","7":"product_cat-pulley-gen1","8":"product_tag-lifting-pulley","9":"product_tag-pulley","10":"product_tag-pulley-system","11":"product_tag-ropeaccess","12":"product_tag-ropedevice-ropeequipment","13":"product_tag-ropeequipment","14":"product_tag-xinda","15":"product_tag-xinda-equipment","17":"first","18":"instock","19":"shipping-taxable","20":"product-type-variable"},"acf":[],"_links":{"self":[{"href":"https:\/\/xindasafety.com\/pt_br\/wp-json\/wp\/v2\/product\/7167","targetHints":{"allow":["GET"]}}],"collection":[{"href":"https:\/\/xindasafety.com\/pt_br\/wp-json\/wp\/v2\/product"}],"about":[{"href":"https:\/\/xindasafety.com\/pt_br\/wp-json\/wp\/v2\/types\/product"}],"version-history":[{"count":1,"href":"https:\/\/xindasafety.com\/pt_br\/wp-json\/wp\/v2\/product\/7167\/revisions"}],"predecessor-version":[{"id":7178,"href":"https:\/\/xindasafety.com\/pt_br\/wp-json\/wp\/v2\/product\/7167\/revisions\/7178"}],"wp:featuredmedia":[{"embeddable":true,"href":"https:\/\/xindasafety.com\/pt_br\/wp-json\/wp\/v2\/media\/7168"}],"wp:attachment":[{"href":"https:\/\/xindasafety.com\/pt_br\/wp-json\/wp\/v2\/media?parent=7167"}],"wp:term":[{"taxonomy":"product_brand","embeddable":true,"href":"https:\/\/xindasafety.com\/pt_br\/wp-json\/wp\/v2\/product_brand?post=7167"},{"taxonomy":"product_cat","embeddable":true,"href":"https:\/\/xindasafety.com\/pt_br\/wp-json\/wp\/v2\/product_cat?post=7167"},{"taxonomy":"product_tag","embeddable":true,"href":"https:\/\/xindasafety.com\/pt_br\/wp-json\/wp\/v2\/product_tag?post=7167"}],"curies":[{"name":"wp","href":"https:\/\/api.w.org\/{rel}","templated":true}]}}