{"id":7108,"date":"2026-04-20T05:04:26","date_gmt":"2026-04-20T05:04:26","guid":{"rendered":"https:\/\/xindasafety.com\/?post_type=product&#038;p=7108"},"modified":"2026-04-20T05:04:26","modified_gmt":"2026-04-20T05:04:26","slug":"xdq9724","status":"publish","type":"product","link":"https:\/\/xindasafety.com\/pt_br\/product\/xdq9724\/","title":{"rendered":"XDQ9724"},"content":{"rendered":"<p class=\"ds-markdown-paragraph\"><strong>Nome do produto:<\/strong>\u00a0Garra de corda de a\u00e7o inoxid\u00e1vel<br \/>\n<strong>Marca:<\/strong>\u00a0Xinda<\/p>\n<p class=\"ds-markdown-paragraph\"><strong>Modelo n\u00ba:<\/strong>\u00a0XD-Q9724<\/p>\n<p class=\"ds-markdown-paragraph\"><strong>Material:<\/strong>\u00a0A\u00e7o carbono \/ A\u00e7o inoxid\u00e1vel 304 \/ A\u00e7o liga<\/p>\n<p class=\"ds-markdown-paragraph\"><strong>Carga de ruptura:<\/strong>\u00a016 kN<\/p>\n<p class=\"ds-markdown-paragraph\"><strong>Peso:<\/strong>\u00a0645 g<\/p>\n<p class=\"ds-markdown-paragraph\"><strong>Di\u00e2metro do cabo aplic\u00e1vel:<\/strong>\u00a016-19 mm<\/p>\n<p class=\"ds-markdown-paragraph\"><strong>Padr\u00e3o:<\/strong>\u00a0XF 494-2023<\/p>\n<p class=\"ds-markdown-paragraph\"><strong>Tamanho:<\/strong>\u00a0130 \u00d7 140 \u00d7 70 mm<\/p>\n<p class=\"ds-markdown-paragraph\"><strong>Escopo do aplicativo:<\/strong><br \/>\nProte\u00e7\u00e3o para escalada e expans\u00e3o de rochas, canteiros de obras, prote\u00e7\u00e3o para trabalhos em alta altitude, prote\u00e7\u00e3o para engenharia de energia el\u00e9trica e e\u00f3lica, etc.<\/p>","protected":false},"excerpt":{"rendered":"<p><strong>Xinda Stainless Steel Rope Grab - Trava-quedas, prote\u00e7\u00e3o contra quedas, trabalho em alta altitude, limpeza de paredes externas, para cordas de 16-19 mm de di\u00e2metro.<\/strong><\/p>","protected":false},"featured_media":7113,"template":"","meta":{"_acf_changed":false},"product_brand":[],"product_cat":[64,108],"product_tag":[202,352,241,338,340,326,343],"class_list":{"0":"post-7108","1":"product","2":"type-product","3":"status-publish","4":"has-post-thumbnail","6":"product_cat-fall-arrester","7":"product_cat-full-arrestor-gen1","8":"product_tag-fall-arrester","9":"product_tag-grap","10":"product_tag-rope-grab","11":"product_tag-ropeaccess","12":"product_tag-ropedevice-ropeequipment","13":"product_tag-xinda","14":"product_tag-xinda-equipment","16":"first","17":"instock","18":"shipping-taxable","19":"product-type-simple"},"acf":[],"_links":{"self":[{"href":"https:\/\/xindasafety.com\/pt_br\/wp-json\/wp\/v2\/product\/7108","targetHints":{"allow":["GET"]}}],"collection":[{"href":"https:\/\/xindasafety.com\/pt_br\/wp-json\/wp\/v2\/product"}],"about":[{"href":"https:\/\/xindasafety.com\/pt_br\/wp-json\/wp\/v2\/types\/product"}],"version-history":[{"count":1,"href":"https:\/\/xindasafety.com\/pt_br\/wp-json\/wp\/v2\/product\/7108\/revisions"}],"predecessor-version":[{"id":7114,"href":"https:\/\/xindasafety.com\/pt_br\/wp-json\/wp\/v2\/product\/7108\/revisions\/7114"}],"wp:featuredmedia":[{"embeddable":true,"href":"https:\/\/xindasafety.com\/pt_br\/wp-json\/wp\/v2\/media\/7113"}],"wp:attachment":[{"href":"https:\/\/xindasafety.com\/pt_br\/wp-json\/wp\/v2\/media?parent=7108"}],"wp:term":[{"taxonomy":"product_brand","embeddable":true,"href":"https:\/\/xindasafety.com\/pt_br\/wp-json\/wp\/v2\/product_brand?post=7108"},{"taxonomy":"product_cat","embeddable":true,"href":"https:\/\/xindasafety.com\/pt_br\/wp-json\/wp\/v2\/product_cat?post=7108"},{"taxonomy":"product_tag","embeddable":true,"href":"https:\/\/xindasafety.com\/pt_br\/wp-json\/wp\/v2\/product_tag?post=7108"}],"curies":[{"name":"wp","href":"https:\/\/api.w.org\/{rel}","templated":true}]}}