{"id":7100,"date":"2026-04-20T03:46:09","date_gmt":"2026-04-20T03:46:09","guid":{"rendered":"https:\/\/xindasafety.com\/?post_type=product&#038;p=7100"},"modified":"2026-04-20T03:48:58","modified_gmt":"2026-04-20T03:48:58","slug":"xdq9722","status":"publish","type":"product","link":"https:\/\/xindasafety.com\/pt_br\/product\/xdq9722\/","title":{"rendered":"XDQ9722"},"content":{"rendered":"<p class=\"ds-markdown-paragraph\"><strong>Nome do produto:<\/strong> Placa de ancoragem com 8 furos<br \/>\n<strong>Marca:<\/strong>\u00a0Xinda<\/p>\n<p class=\"ds-markdown-paragraph\"><strong>Modelo n\u00ba:<\/strong>\u00a0XDQ9722<\/p>\n<p class=\"ds-markdown-paragraph\"><strong>Material:<\/strong>\u00a0Liga de alum\u00ednio de alta resist\u00eancia<\/p>\n<p class=\"ds-markdown-paragraph\"><strong>Carga de ruptura:<\/strong>\u00a045 kN<\/p>\n<p class=\"ds-markdown-paragraph\"><strong>Peso:<\/strong>\u00a0199 g<\/p>\n<p class=\"ds-markdown-paragraph\"><strong>Padr\u00e3o:<\/strong>\u00a0Seguro PICC, certificado XF<\/p>\n<p class=\"ds-markdown-paragraph\"><strong>Tamanho:<\/strong>\u00a0156 \u00d7 84 mm<\/p>","protected":false},"excerpt":{"rendered":"<p><strong>Xinda Outdoor 8-Hole Anchor Plate - Distribuidor de v\u00e1rias \u00e2ncoras, Finger Board, Separador de corda, Equipamento de escalada e montanhismo para expans\u00e3o externa<\/strong><\/p>","protected":false},"featured_media":7104,"template":"","meta":{"_acf_changed":false},"product_brand":[],"product_cat":[66,120],"product_tag":[163,338,340,345,326,343],"class_list":{"0":"post-7100","1":"product","2":"type-product","3":"status-publish","4":"has-post-thumbnail","6":"product_cat-multianchor","7":"product_cat-multianchor-gen1","8":"product_tag-anchor-rigging-plate","9":"product_tag-ropeaccess","10":"product_tag-ropedevice-ropeequipment","11":"product_tag-ropeequipment","12":"product_tag-xinda","13":"product_tag-xinda-equipment","15":"first","16":"instock","17":"shipping-taxable","18":"product-type-simple"},"acf":[],"_links":{"self":[{"href":"https:\/\/xindasafety.com\/pt_br\/wp-json\/wp\/v2\/product\/7100","targetHints":{"allow":["GET"]}}],"collection":[{"href":"https:\/\/xindasafety.com\/pt_br\/wp-json\/wp\/v2\/product"}],"about":[{"href":"https:\/\/xindasafety.com\/pt_br\/wp-json\/wp\/v2\/types\/product"}],"version-history":[{"count":2,"href":"https:\/\/xindasafety.com\/pt_br\/wp-json\/wp\/v2\/product\/7100\/revisions"}],"predecessor-version":[{"id":7107,"href":"https:\/\/xindasafety.com\/pt_br\/wp-json\/wp\/v2\/product\/7100\/revisions\/7107"}],"wp:featuredmedia":[{"embeddable":true,"href":"https:\/\/xindasafety.com\/pt_br\/wp-json\/wp\/v2\/media\/7104"}],"wp:attachment":[{"href":"https:\/\/xindasafety.com\/pt_br\/wp-json\/wp\/v2\/media?parent=7100"}],"wp:term":[{"taxonomy":"product_brand","embeddable":true,"href":"https:\/\/xindasafety.com\/pt_br\/wp-json\/wp\/v2\/product_brand?post=7100"},{"taxonomy":"product_cat","embeddable":true,"href":"https:\/\/xindasafety.com\/pt_br\/wp-json\/wp\/v2\/product_cat?post=7100"},{"taxonomy":"product_tag","embeddable":true,"href":"https:\/\/xindasafety.com\/pt_br\/wp-json\/wp\/v2\/product_tag?post=7100"}],"curies":[{"name":"wp","href":"https:\/\/api.w.org\/{rel}","templated":true}]}}