{"id":6640,"date":"2025-11-10T08:59:56","date_gmt":"2025-11-10T08:59:56","guid":{"rendered":"https:\/\/xindasafety.com\/?post_type=product&#038;p=6640"},"modified":"2026-04-21T02:15:29","modified_gmt":"2026-04-21T02:15:29","slug":"tripe-de-resgate","status":"publish","type":"product","link":"https:\/\/xindasafety.com\/pt_br\/product\/rescue-tripod\/","title":{"rendered":"HH9780"},"content":{"rendered":"<p data-start=\"90\" data-end=\"184\"><strong data-start=\"90\" data-end=\"107\">Nome do produto:<\/strong> Trip\u00e9 de resgate multifuncional<br data-start=\"137\" data-end=\"140\" \/><strong data-start=\"140\" data-end=\"150\">Marca:<\/strong> XINDA \/ \u6b23\u8fbe<br data-start=\"161\" data-end=\"164\" \/><strong data-start=\"164\" data-end=\"174\">Modelo:<\/strong> HH-9780<\/p>\n<p data-start=\"186\" data-end=\"420\"><strong data-start=\"186\" data-end=\"199\">Material:<\/strong> Liga de alum\u00ednio de alta resist\u00eancia + liga de a\u00e7o<br data-start=\"242\" data-end=\"245\" \/><strong data-start=\"245\" data-end=\"268\">Limite de carga de trabalho:<\/strong> 300 kg<br data-start=\"275\" data-end=\"278\" \/><strong data-start=\"278\" data-end=\"306\">Altura interna de trabalho:<\/strong> Aprox. 2,7 m (extens\u00edvel at\u00e9 3,7 m com pernas ajust\u00e1veis)<br data-start=\"363\" data-end=\"366\" \/><strong data-start=\"366\" data-end=\"384\">Di\u00e2metro do tubo:<\/strong> 60 mm<br data-start=\"390\" data-end=\"393\" \/><strong data-start=\"393\" data-end=\"404\">Peso:<\/strong> Aprox. 33 kg<\/p>\n<p data-start=\"186\" data-end=\"420\">Aplicativos e principais recursos\uff1a<\/p>\n<p data-start=\"476\" data-end=\"579\">Esse trip\u00e9 de resgate multifuncional foi projetado para <strong data-start=\"527\" data-end=\"578\">levantamento de cargas, ancoragem e opera\u00e7\u00f5es de resgate<\/strong>.<\/p>\n<ul data-start=\"581\" data-end=\"1029\">\n<li data-start=\"581\" data-end=\"660\">\n<p data-start=\"583\" data-end=\"660\">Fabricado com tubos de alum\u00ednio sem costura; de alta resist\u00eancia e resistente \u00e0 deforma\u00e7\u00e3o<\/p>\n<\/li>\n<li data-start=\"661\" data-end=\"728\">\n<p data-start=\"663\" data-end=\"728\">O trip\u00e9 pode ser <strong data-start=\"677\" data-end=\"707\">montado e desmontado<\/strong> para facilitar o transporte<\/p>\n<\/li>\n<li data-start=\"729\" data-end=\"796\">\n<p data-start=\"731\" data-end=\"796\"><strong data-start=\"731\" data-end=\"750\">Modo de perna \u00fanica<\/strong> dispon\u00edvel para ambientes de alta flexibilidade<\/p>\n<\/li>\n<li data-start=\"797\" data-end=\"856\">\n<p data-start=\"799\" data-end=\"856\"><strong data-start=\"799\" data-end=\"815\">Modo de duas pernas<\/strong> adequado para espa\u00e7os confinados ou estreitos<\/p>\n<\/li>\n<li data-start=\"857\" data-end=\"957\">\n<p data-start=\"859\" data-end=\"957\"><strong data-start=\"859\" data-end=\"878\">Configura\u00e7\u00e3o de tr\u00eas pernas<\/strong> fornece suporte robusto e est\u00e1vel; uma perna pode ser ajustada para um \u00e2ngulo amplo<\/p>\n<\/li>\n<li data-start=\"958\" data-end=\"1029\">\n<p data-start=\"960\" data-end=\"1029\">Cada tubo externo apresenta <strong data-start=\"985\" data-end=\"1029\">pontos de ancoragem para conectores e polias<\/strong><\/p>\n<\/li>\n<\/ul>\n<p data-start=\"1031\" data-end=\"1154\">Ideal para <strong data-start=\"1041\" data-end=\"1153\">resgate industrial, espa\u00e7os confinados, acesso por corda, emerg\u00eancia contra inc\u00eandio e resgate, minera\u00e7\u00e3o e opera\u00e7\u00f5es de manuten\u00e7\u00e3o<\/strong>.<\/p>","protected":false},"excerpt":{"rendered":"<p>Conjunto de trip\u00e9 multifuncional de resgate ao ar livre da s\u00e9rie H de 3\u00aa gera\u00e7\u00e3o da XINDA - destac\u00e1vel, port\u00e1til, com sistema de eleva\u00e7\u00e3o e maca<\/p>","protected":false},"featured_media":6635,"template":"","meta":{"_acf_changed":false},"product_brand":[],"product_cat":[135],"product_tag":[324,326],"class_list":{"0":"post-6640","1":"product","2":"type-product","3":"status-publish","4":"has-post-thumbnail","6":"product_cat-rescue","7":"product_tag-rescue-tripod","8":"product_tag-xinda","10":"first","11":"instock","12":"shipping-taxable","13":"product-type-simple"},"acf":[],"_links":{"self":[{"href":"https:\/\/xindasafety.com\/pt_br\/wp-json\/wp\/v2\/product\/6640","targetHints":{"allow":["GET"]}}],"collection":[{"href":"https:\/\/xindasafety.com\/pt_br\/wp-json\/wp\/v2\/product"}],"about":[{"href":"https:\/\/xindasafety.com\/pt_br\/wp-json\/wp\/v2\/types\/product"}],"version-history":[{"count":3,"href":"https:\/\/xindasafety.com\/pt_br\/wp-json\/wp\/v2\/product\/6640\/revisions"}],"predecessor-version":[{"id":7263,"href":"https:\/\/xindasafety.com\/pt_br\/wp-json\/wp\/v2\/product\/6640\/revisions\/7263"}],"wp:featuredmedia":[{"embeddable":true,"href":"https:\/\/xindasafety.com\/pt_br\/wp-json\/wp\/v2\/media\/6635"}],"wp:attachment":[{"href":"https:\/\/xindasafety.com\/pt_br\/wp-json\/wp\/v2\/media?parent=6640"}],"wp:term":[{"taxonomy":"product_brand","embeddable":true,"href":"https:\/\/xindasafety.com\/pt_br\/wp-json\/wp\/v2\/product_brand?post=6640"},{"taxonomy":"product_cat","embeddable":true,"href":"https:\/\/xindasafety.com\/pt_br\/wp-json\/wp\/v2\/product_cat?post=6640"},{"taxonomy":"product_tag","embeddable":true,"href":"https:\/\/xindasafety.com\/pt_br\/wp-json\/wp\/v2\/product_tag?post=6640"}],"curies":[{"name":"wp","href":"https:\/\/api.w.org\/{rel}","templated":true}]}}