{"id":6593,"date":"2025-10-30T03:47:06","date_gmt":"2025-10-30T03:47:06","guid":{"rendered":"https:\/\/xindasafety.com\/?post_type=product&#038;p=6593"},"modified":"2026-01-18T08:06:50","modified_gmt":"2026-01-18T08:06:50","slug":"captura-de-progresso-mecanico-articulada-com-polia-dupla","status":"publish","type":"product","link":"https:\/\/xindasafety.com\/pt_br\/product\/hinged-mechanical-progress-capture-double-pulley\/","title":{"rendered":"HH8637PJ"},"content":{"rendered":"<p data-start=\"122\" data-end=\"140\"><strong data-start=\"122\" data-end=\"132\">Marca:<\/strong> Xinda<\/p>\n<p data-start=\"142\" data-end=\"162\"><strong data-start=\"142\" data-end=\"152\">Modelo:<\/strong> HH-8637<\/p>\n<p data-start=\"164\" data-end=\"226\"><strong data-start=\"164\" data-end=\"177\">Material:<\/strong> Liga de alum\u00ednio de alta resist\u00eancia + a\u00e7o inoxid\u00e1vel<\/p>\n<p data-start=\"228\" data-end=\"288\"><strong data-start=\"228\" data-end=\"241\">Padr\u00e3o:<\/strong> XF 494-2023 <em data-start=\"254\" data-end=\"286\">(padr\u00e3o da empresa\/setor)<\/em><\/p>\n<p data-start=\"290\" data-end=\"332\"><strong data-start=\"290\" data-end=\"319\">Di\u00e2metro do cabo compat\u00edvel:<\/strong> \u00d8 10-12 mm<\/p>\n<p data-start=\"334\" data-end=\"353\"><strong data-start=\"334\" data-end=\"345\">Peso:<\/strong> 304 g<\/p>\n<p data-start=\"355\" data-end=\"506\"><strong data-start=\"355\" data-end=\"371\">Aplicativo:<\/strong><br data-start=\"371\" data-end=\"374\" \/>Manuseio de cargas, sistemas de transporte, opera\u00e7\u00f5es de eleva\u00e7\u00e3o, sistemas de blocos de polias, suporte de acesso por corda e aplica\u00e7\u00f5es de rigging industrial.<\/p>","protected":false},"excerpt":{"rendered":"<p>Xinda Polia mec\u00e2nica articulada e destac\u00e1vel para segurar a corda para trabalhos em altura com sistema de travamento autom\u00e1tico<\/p>","protected":false},"featured_media":6594,"template":"","meta":{"_acf_changed":false},"product_brand":[],"product_cat":[128],"product_tag":[169],"class_list":{"0":"post-6593","1":"product","2":"type-product","3":"status-publish","4":"has-post-thumbnail","6":"product_cat-pulley-gen3","7":"product_tag-pulley","9":"first","10":"instock","11":"shipping-taxable","12":"product-type-simple"},"acf":[],"_links":{"self":[{"href":"https:\/\/xindasafety.com\/pt_br\/wp-json\/wp\/v2\/product\/6593","targetHints":{"allow":["GET"]}}],"collection":[{"href":"https:\/\/xindasafety.com\/pt_br\/wp-json\/wp\/v2\/product"}],"about":[{"href":"https:\/\/xindasafety.com\/pt_br\/wp-json\/wp\/v2\/types\/product"}],"version-history":[{"count":3,"href":"https:\/\/xindasafety.com\/pt_br\/wp-json\/wp\/v2\/product\/6593\/revisions"}],"predecessor-version":[{"id":6720,"href":"https:\/\/xindasafety.com\/pt_br\/wp-json\/wp\/v2\/product\/6593\/revisions\/6720"}],"wp:featuredmedia":[{"embeddable":true,"href":"https:\/\/xindasafety.com\/pt_br\/wp-json\/wp\/v2\/media\/6594"}],"wp:attachment":[{"href":"https:\/\/xindasafety.com\/pt_br\/wp-json\/wp\/v2\/media?parent=6593"}],"wp:term":[{"taxonomy":"product_brand","embeddable":true,"href":"https:\/\/xindasafety.com\/pt_br\/wp-json\/wp\/v2\/product_brand?post=6593"},{"taxonomy":"product_cat","embeddable":true,"href":"https:\/\/xindasafety.com\/pt_br\/wp-json\/wp\/v2\/product_cat?post=6593"},{"taxonomy":"product_tag","embeddable":true,"href":"https:\/\/xindasafety.com\/pt_br\/wp-json\/wp\/v2\/product_tag?post=6593"}],"curies":[{"name":"wp","href":"https:\/\/api.w.org\/{rel}","templated":true}]}}