{"id":6406,"date":"2025-10-04T08:37:06","date_gmt":"2025-10-04T08:37:06","guid":{"rendered":"https:\/\/xindasafety.com\/?post_type=product&#038;p=6406"},"modified":"2026-04-21T01:45:48","modified_gmt":"2026-04-21T01:45:48","slug":"polia-unica","status":"publish","type":"product","link":"https:\/\/xindasafety.com\/pt_br\/product\/single-pulley\/","title":{"rendered":"XD8610"},"content":{"rendered":"<p data-start=\"36\" data-end=\"274\"><strong data-start=\"36\" data-end=\"46\">Marca:<\/strong> XINDA<br data-start=\"52\" data-end=\"55\" \/><strong data-start=\"55\" data-end=\"69\">Modelo n\u00ba:<\/strong> XD-8610<br data-start=\"77\" data-end=\"80\" \/><strong data-start=\"80\" data-end=\"97\">Nome do produto:<\/strong> Polia \u00fanica<br data-start=\"111\" data-end=\"114\" data-is-only-node=\"\" \/><strong data-start=\"114\" data-end=\"136\">For\u00e7a de ruptura:<\/strong> Est\u00e1tico 20 kN (\u2248 2000 kgf); Din\u00e2mico 10 kN (\u2248 1000 kgf)<br data-start=\"190\" data-end=\"193\" \/><strong data-start=\"193\" data-end=\"202\">Tamanho:<\/strong> 4,4 cm \u00d7 8,2 cm<br data-start=\"218\" data-end=\"221\" \/><strong data-start=\"221\" data-end=\"241\">Di\u00e2metro da \u00e2ncora:<\/strong> 1,6 cm<br data-start=\"248\" data-end=\"251\" \/><strong data-start=\"251\" data-end=\"265\">Espessura:<\/strong> 2,8 cm<\/p>\n<div class=\"_tableContainer_1rjym_1\">\n<div class=\"group _tableWrapper_1rjym_13 flex w-fit flex-col-reverse\" tabindex=\"-1\">\n<table class=\"w-fit min-w-(--thread-content-width)\" data-start=\"276\" data-end=\"868\">\n<thead data-start=\"276\" data-end=\"319\">\n<tr data-start=\"276\" data-end=\"319\">\n<th data-start=\"276\" data-end=\"284\" data-col-size=\"sm\">Cor<\/th>\n<th data-start=\"284\" data-end=\"293\" data-col-size=\"sm\">Peso<\/th>\n<th data-start=\"293\" data-end=\"304\" data-col-size=\"lg\">Material<\/th>\n<th data-start=\"304\" data-end=\"319\" data-col-size=\"lg\">Aplicativo<\/th>\n<\/tr>\n<\/thead>\n<tbody data-start=\"364\" data-end=\"868\">\n<tr data-start=\"364\" data-end=\"590\">\n<td data-start=\"364\" data-end=\"402\" data-col-size=\"sm\">Vermelho \/ Roxo \/ C\u00e1qui \/ Azul \/ Verde<\/td>\n<td data-start=\"402\" data-end=\"409\" data-col-size=\"sm\">87 g<\/td>\n<td data-start=\"409\" data-end=\"440\" data-col-size=\"lg\">Liga de alum\u00ednio de alta resist\u00eancia<\/td>\n<td data-start=\"440\" data-end=\"590\" data-col-size=\"lg\">Travessia horizontal de curta dist\u00e2ncia, treinamento em ambientes fechados, transporte de carga, prote\u00e7\u00e3o para atividades de desenvolvimento, sistemas de transporte, sistemas de polias, etc.<\/td>\n<\/tr>\n<tr data-start=\"591\" data-end=\"868\">\n<td data-start=\"591\" data-end=\"599\" data-col-size=\"sm\">Preto<\/td>\n<td data-start=\"599\" data-end=\"607\" data-col-size=\"sm\">140 g<\/td>\n<td data-start=\"607\" data-end=\"714\" data-col-size=\"lg\">Corpo principal: Liga de alum\u00ednio de alta resist\u00eancia; roda da polia: a\u00e7o inoxid\u00e1vel 316 (com rolamentos de esferas incorporados)<\/td>\n<td data-start=\"714\" data-end=\"868\" data-col-size=\"lg\">Travessia externa, telef\u00e9rico a\u00e9reo, transporte de carga, escalada e rapel, prote\u00e7\u00e3o para atividades de desenvolvimento, sistemas de transporte, sistemas de polias etc.<\/td>\n<\/tr>\n<\/tbody>\n<\/table>\n<\/div>\n<\/div>","protected":false},"excerpt":{"rendered":"<p>XINDA Outdoor Fixed Single Pulley - Zipline de alta altitude, escalada em rocha, travessia de cabos e equipamento de amarra\u00e7\u00e3o<\/p>","protected":false},"featured_media":6417,"template":"","meta":{"_acf_changed":false},"product_brand":[],"product_cat":[126],"product_tag":[169,319],"class_list":{"0":"post-6406","1":"product","2":"type-product","3":"status-publish","4":"has-post-thumbnail","6":"product_cat-pulley-gen1","7":"product_tag-pulley","8":"product_tag-single-pulley","10":"first","11":"instock","12":"shipping-taxable","13":"product-type-variable"},"acf":[],"_links":{"self":[{"href":"https:\/\/xindasafety.com\/pt_br\/wp-json\/wp\/v2\/product\/6406","targetHints":{"allow":["GET"]}}],"collection":[{"href":"https:\/\/xindasafety.com\/pt_br\/wp-json\/wp\/v2\/product"}],"about":[{"href":"https:\/\/xindasafety.com\/pt_br\/wp-json\/wp\/v2\/types\/product"}],"version-history":[{"count":3,"href":"https:\/\/xindasafety.com\/pt_br\/wp-json\/wp\/v2\/product\/6406\/revisions"}],"predecessor-version":[{"id":7245,"href":"https:\/\/xindasafety.com\/pt_br\/wp-json\/wp\/v2\/product\/6406\/revisions\/7245"}],"wp:featuredmedia":[{"embeddable":true,"href":"https:\/\/xindasafety.com\/pt_br\/wp-json\/wp\/v2\/media\/6417"}],"wp:attachment":[{"href":"https:\/\/xindasafety.com\/pt_br\/wp-json\/wp\/v2\/media?parent=6406"}],"wp:term":[{"taxonomy":"product_brand","embeddable":true,"href":"https:\/\/xindasafety.com\/pt_br\/wp-json\/wp\/v2\/product_brand?post=6406"},{"taxonomy":"product_cat","embeddable":true,"href":"https:\/\/xindasafety.com\/pt_br\/wp-json\/wp\/v2\/product_cat?post=6406"},{"taxonomy":"product_tag","embeddable":true,"href":"https:\/\/xindasafety.com\/pt_br\/wp-json\/wp\/v2\/product_tag?post=6406"}],"curies":[{"name":"wp","href":"https:\/\/api.w.org\/{rel}","templated":true}]}}