{"id":6396,"date":"2025-10-04T08:30:50","date_gmt":"2025-10-04T08:30:50","guid":{"rendered":"https:\/\/xindasafety.com\/?post_type=product&#038;p=6396"},"modified":"2026-01-18T08:17:46","modified_gmt":"2026-01-18T08:17:46","slug":"placa-de-fixacao-4","status":"publish","type":"product","link":"https:\/\/xindasafety.com\/pt_br\/product\/rigging-plate-4\/","title":{"rendered":"XD8609"},"content":{"rendered":"<p data-start=\"53\" data-end=\"289\"><strong data-start=\"53\" data-end=\"70\">Nome do produto:<\/strong> Placa de amarra\u00e7\u00e3o de cabos<br data-start=\"89\" data-end=\"92\" \/><strong data-start=\"92\" data-end=\"102\">Marca:<\/strong> Xinda<br data-start=\"108\" data-end=\"111\" \/><strong data-start=\"111\" data-end=\"125\">Modelo n\u00ba:<\/strong> XD-8609<br data-start=\"133\" data-end=\"136\" data-is-only-node=\"\" \/><strong data-start=\"136\" data-end=\"149\">Material:<\/strong> Liga de alum\u00ednio de alta resist\u00eancia<br data-start=\"178\" data-end=\"181\" \/><strong data-start=\"181\" data-end=\"190\">Tamanho:<\/strong> 8 cm \u00d7 8,8 cm<br data-start=\"204\" data-end=\"207\" \/><strong data-start=\"207\" data-end=\"218\">Peso:<\/strong> 57 g<br data-start=\"223\" data-end=\"226\" \/><strong data-start=\"226\" data-end=\"248\">For\u00e7a de ruptura:<\/strong> 30 kN (\u2248 3000 kgf)<br data-start=\"267\" data-end=\"270\" \/><strong data-start=\"270\" data-end=\"281\">Origem:<\/strong> China<\/p>\n<p data-start=\"291\" data-end=\"407\"><strong data-start=\"291\" data-end=\"308\">Aplicativos:<\/strong><br data-start=\"308\" data-end=\"311\" \/>Montanhismo, escalada em rocha, treinamento ao ar livre, rapel, opera\u00e7\u00f5es em alta altitude e muito mais.<\/p>","protected":false},"excerpt":{"rendered":"<p>XINDA 4-Hole Rigging Plate - Rigging de corda e placa de distribui\u00e7\u00e3o de carga, divisor de \u00e2ncora, equipamento de escalada, placa de distribui\u00e7\u00e3o de for\u00e7a para montanhismo e resgate<\/p>","protected":false},"featured_media":6397,"template":"","meta":{"_acf_changed":false},"product_brand":[],"product_cat":[120],"product_tag":[292],"class_list":{"0":"post-6396","1":"product","2":"type-product","3":"status-publish","4":"has-post-thumbnail","6":"product_cat-multianchor-gen1","7":"product_tag-rigging-plate","9":"first","10":"instock","11":"shipping-taxable","12":"product-type-variable"},"acf":[],"_links":{"self":[{"href":"https:\/\/xindasafety.com\/pt_br\/wp-json\/wp\/v2\/product\/6396","targetHints":{"allow":["GET"]}}],"collection":[{"href":"https:\/\/xindasafety.com\/pt_br\/wp-json\/wp\/v2\/product"}],"about":[{"href":"https:\/\/xindasafety.com\/pt_br\/wp-json\/wp\/v2\/types\/product"}],"version-history":[{"count":2,"href":"https:\/\/xindasafety.com\/pt_br\/wp-json\/wp\/v2\/product\/6396\/revisions"}],"predecessor-version":[{"id":6746,"href":"https:\/\/xindasafety.com\/pt_br\/wp-json\/wp\/v2\/product\/6396\/revisions\/6746"}],"wp:featuredmedia":[{"embeddable":true,"href":"https:\/\/xindasafety.com\/pt_br\/wp-json\/wp\/v2\/media\/6397"}],"wp:attachment":[{"href":"https:\/\/xindasafety.com\/pt_br\/wp-json\/wp\/v2\/media?parent=6396"}],"wp:term":[{"taxonomy":"product_brand","embeddable":true,"href":"https:\/\/xindasafety.com\/pt_br\/wp-json\/wp\/v2\/product_brand?post=6396"},{"taxonomy":"product_cat","embeddable":true,"href":"https:\/\/xindasafety.com\/pt_br\/wp-json\/wp\/v2\/product_cat?post=6396"},{"taxonomy":"product_tag","embeddable":true,"href":"https:\/\/xindasafety.com\/pt_br\/wp-json\/wp\/v2\/product_tag?post=6396"}],"curies":[{"name":"wp","href":"https:\/\/api.w.org\/{rel}","templated":true}]}}