{"id":6283,"date":"2025-10-04T07:06:27","date_gmt":"2025-10-04T07:06:27","guid":{"rendered":"https:\/\/xindasafety.com\/?post_type=product&#038;p=6283"},"modified":"2026-01-18T08:30:05","modified_gmt":"2026-01-18T08:30:05","slug":"mosquetao-principal-com-orelhas","status":"publish","type":"product","link":"https:\/\/xindasafety.com\/pt_br\/product\/eared-main-carabiner\/","title":{"rendered":"XD8126"},"content":{"rendered":"<p data-start=\"35\" data-end=\"325\"><strong data-start=\"35\" data-end=\"45\">Marca:<\/strong> XINDA<br data-start=\"51\" data-end=\"54\" \/><strong data-start=\"54\" data-end=\"68\">Modelo n\u00ba:<\/strong> XD-8126N\/TN<br data-start=\"80\" data-end=\"83\" \/><strong data-start=\"83\" data-end=\"100\" data-is-only-node=\"\">Nome do produto:<\/strong> Mosquet\u00e3o principal com orelhas<br data-start=\"121\" data-end=\"124\" \/><strong data-start=\"124\" data-end=\"137\">Material:<\/strong> Liga de alum\u00ednio de alta resist\u00eancia<br data-start=\"166\" data-end=\"169\" \/><strong data-start=\"169\" data-end=\"180\">Peso:<\/strong> 57g \/ 53g<br data-start=\"190\" data-end=\"193\" \/><strong data-start=\"193\" data-end=\"206\">For\u00e7a:<\/strong> Vertical 22kN (2200kgf) \/ Horizontal 8kN (800kgf)<br data-start=\"256\" data-end=\"259\" \/><strong data-start=\"259\" data-end=\"272\">Padr\u00e3o:<\/strong> CE1019 EN12275<br data-start=\"287\" data-end=\"290\" \/><strong data-start=\"290\" data-end=\"299\">Tamanho:<\/strong> Conforme mostrado no diagrama<\/p>\n<ul data-start=\"326\" data-end=\"591\">\n<li data-start=\"326\" data-end=\"344\">\n<p data-start=\"328\" data-end=\"344\">Comprimento: 10,1 cm<\/p>\n<\/li>\n<li data-start=\"345\" data-end=\"362\">\n<p data-start=\"347\" data-end=\"362\">Largura: 5,75 cm<\/p>\n<\/li>\n<li data-start=\"363\" data-end=\"383\">\n<p data-start=\"365\" data-end=\"383\">Espessura: 9,5 mm<\/p>\n<\/li>\n<li data-start=\"384\" data-end=\"407\">\n<p data-start=\"386\" data-end=\"407\">Abertura do port\u00e3o: 1,6 cm<\/p>\n<\/li>\n<li data-start=\"408\" data-end=\"591\">\n<p data-start=\"410\" data-end=\"591\">Di\u00e2metro: 1,1 cm<br data-start=\"425\" data-end=\"428\" \/><strong data-start=\"428\" data-end=\"438\">Cor:<\/strong> V\u00e1rias op\u00e7\u00f5es dispon\u00edveis<br data-start=\"465\" data-end=\"468\" \/><strong data-start=\"468\" data-end=\"485\">Aplicativos:<\/strong> Montanhismo, escalada em rocha, treinamento de desenvolvimento, via ferrata, espeleologia e v\u00e1rias atividades ao ar livre.<\/p>\n<\/li>\n<\/ul>","protected":false},"excerpt":{"rendered":"<p>Mosquet\u00e3o principal com orelhas XINDA - Gancho de travamento de seguran\u00e7a em forma de D para escalada ao ar livre, espeleologia e trabalho em alta altitude<\/p>","protected":false},"featured_media":6281,"template":"","meta":{"_acf_changed":false},"product_brand":[],"product_cat":[102],"product_tag":[69],"class_list":{"0":"post-6283","1":"product","2":"type-product","3":"status-publish","4":"has-post-thumbnail","6":"product_cat-carabiner-generation-1","7":"product_tag-carabiner","9":"first","10":"instock","11":"shipping-taxable","12":"product-type-variable"},"acf":[],"_links":{"self":[{"href":"https:\/\/xindasafety.com\/pt_br\/wp-json\/wp\/v2\/product\/6283","targetHints":{"allow":["GET"]}}],"collection":[{"href":"https:\/\/xindasafety.com\/pt_br\/wp-json\/wp\/v2\/product"}],"about":[{"href":"https:\/\/xindasafety.com\/pt_br\/wp-json\/wp\/v2\/types\/product"}],"version-history":[{"count":3,"href":"https:\/\/xindasafety.com\/pt_br\/wp-json\/wp\/v2\/product\/6283\/revisions"}],"predecessor-version":[{"id":6755,"href":"https:\/\/xindasafety.com\/pt_br\/wp-json\/wp\/v2\/product\/6283\/revisions\/6755"}],"wp:featuredmedia":[{"embeddable":true,"href":"https:\/\/xindasafety.com\/pt_br\/wp-json\/wp\/v2\/media\/6281"}],"wp:attachment":[{"href":"https:\/\/xindasafety.com\/pt_br\/wp-json\/wp\/v2\/media?parent=6283"}],"wp:term":[{"taxonomy":"product_brand","embeddable":true,"href":"https:\/\/xindasafety.com\/pt_br\/wp-json\/wp\/v2\/product_brand?post=6283"},{"taxonomy":"product_cat","embeddable":true,"href":"https:\/\/xindasafety.com\/pt_br\/wp-json\/wp\/v2\/product_cat?post=6283"},{"taxonomy":"product_tag","embeddable":true,"href":"https:\/\/xindasafety.com\/pt_br\/wp-json\/wp\/v2\/product_tag?post=6283"}],"curies":[{"name":"wp","href":"https:\/\/api.w.org\/{rel}","templated":true}]}}