{"id":6043,"date":"2025-10-04T03:03:26","date_gmt":"2025-10-04T03:03:26","guid":{"rendered":"https:\/\/xindasafety.com\/?post_type=product&#038;p=6043"},"modified":"2026-01-18T08:45:02","modified_gmt":"2026-01-18T08:45:02","slug":"corda-estatica-3","status":"publish","type":"product","link":"https:\/\/xindasafety.com\/pt_br\/product\/static-rope-3\/","title":{"rendered":"XDS9862"},"content":{"rendered":"<p data-start=\"29\" data-end=\"443\"><strong data-start=\"29\" data-end=\"46\">Nome do produto:<\/strong> Corda est\u00e1tica<br data-start=\"58\" data-end=\"61\" \/><strong data-start=\"61\" data-end=\"71\">Marca:<\/strong> XINDA<br data-start=\"77\" data-end=\"80\" data-is-only-node=\"\" \/><strong data-start=\"80\" data-end=\"94\">Modelo n\u00ba:<\/strong> XD-S9862<br data-start=\"103\" data-end=\"106\" \/><strong data-start=\"106\" data-end=\"119\">Material:<\/strong> Nylon<br data-start=\"125\" data-end=\"128\" \/><strong data-start=\"128\" data-end=\"141\">Padr\u00e3o:<\/strong> GB:XF494-2004<br data-start=\"155\" data-end=\"158\" \/><strong data-start=\"158\" data-end=\"169\">Origem:<\/strong> China<br data-start=\"175\" data-end=\"178\" \/><strong data-start=\"178\" data-end=\"207\">Di\u00e2metro e carga de ruptura:<\/strong><br data-start=\"207\" data-end=\"210\" \/>- \u00d810,5mm - 24kN<br data-start=\"226\" data-end=\"229\" \/>- \u00d812mm - 30kN<br data-start=\"243\" data-end=\"246\" \/><strong data-start=\"246\" data-end=\"257\">Peso:<\/strong><br data-start=\"257\" data-end=\"260\" \/>- 10,5 mm - 70 g\/m<br data-start=\"276\" data-end=\"279\" \/>- 12 mm - 91 g\/m<br data-start=\"293\" data-end=\"296\" \/><strong data-start=\"296\" data-end=\"313\">Aplicativos:<\/strong> Montanhismo, espeleologia, escalada em rocha, atividades de desenvolvimento, resgate, trabalho em altitude elevada, prote\u00e7\u00e3o contra quedas, rapel e muito mais.<\/p>","protected":false},"excerpt":{"rendered":"<p>Corda principal est\u00e1tica XINDA - Escalada ao ar livre, rapel, resgate e corda de seguran\u00e7a para trabalho em alta altitude, dur\u00e1vel e resistente ao desgaste<\/p>","protected":false},"featured_media":6050,"template":"","meta":{"_acf_changed":false},"product_brand":[],"product_cat":[133],"product_tag":[213],"class_list":{"0":"post-6043","1":"product","2":"type-product","3":"status-publish","4":"has-post-thumbnail","6":"product_cat-rope-gen2","7":"product_tag-static-rope","9":"first","10":"instock","11":"shipping-taxable","12":"product-type-variable"},"acf":[],"_links":{"self":[{"href":"https:\/\/xindasafety.com\/pt_br\/wp-json\/wp\/v2\/product\/6043","targetHints":{"allow":["GET"]}}],"collection":[{"href":"https:\/\/xindasafety.com\/pt_br\/wp-json\/wp\/v2\/product"}],"about":[{"href":"https:\/\/xindasafety.com\/pt_br\/wp-json\/wp\/v2\/types\/product"}],"version-history":[{"count":2,"href":"https:\/\/xindasafety.com\/pt_br\/wp-json\/wp\/v2\/product\/6043\/revisions"}],"predecessor-version":[{"id":6769,"href":"https:\/\/xindasafety.com\/pt_br\/wp-json\/wp\/v2\/product\/6043\/revisions\/6769"}],"wp:featuredmedia":[{"embeddable":true,"href":"https:\/\/xindasafety.com\/pt_br\/wp-json\/wp\/v2\/media\/6050"}],"wp:attachment":[{"href":"https:\/\/xindasafety.com\/pt_br\/wp-json\/wp\/v2\/media?parent=6043"}],"wp:term":[{"taxonomy":"product_brand","embeddable":true,"href":"https:\/\/xindasafety.com\/pt_br\/wp-json\/wp\/v2\/product_brand?post=6043"},{"taxonomy":"product_cat","embeddable":true,"href":"https:\/\/xindasafety.com\/pt_br\/wp-json\/wp\/v2\/product_cat?post=6043"},{"taxonomy":"product_tag","embeddable":true,"href":"https:\/\/xindasafety.com\/pt_br\/wp-json\/wp\/v2\/product_tag?post=6043"}],"curies":[{"name":"wp","href":"https:\/\/api.w.org\/{rel}","templated":true}]}}