{"id":5855,"date":"2025-10-02T09:00:37","date_gmt":"2025-10-02T09:00:37","guid":{"rendered":"https:\/\/xindasafety.com\/?post_type=product&#038;p=5855"},"modified":"2026-01-18T08:51:26","modified_gmt":"2026-01-18T08:51:26","slug":"arnes-de-seguranca-com-prancha-de-assento","status":"publish","type":"product","link":"https:\/\/xindasafety.com\/pt_br\/product\/safety-harness-with-seat-board\/","title":{"rendered":"HA9571"},"content":{"rendered":"<p data-start=\"70\" data-end=\"536\"><strong data-start=\"70\" data-end=\"80\">Marca:<\/strong> Xinda<br data-start=\"86\" data-end=\"89\" \/><strong data-start=\"89\" data-end=\"103\">Modelo n\u00ba:<\/strong> H-A9571<br data-start=\"111\" data-end=\"114\" \/><strong data-start=\"114\" data-end=\"131\" data-is-only-node=\"\">Nome do produto:<\/strong> Arn\u00eas de seguran\u00e7a industrial de corpo inteiro com prancha de assento<br data-start=\"183\" data-end=\"186\" \/><strong data-start=\"186\" data-end=\"199\">Material:<\/strong> Poli\u00e9ster, alum\u00ednio de alta resist\u00eancia, XPE, etc.<br data-start=\"244\" data-end=\"247\" \/><strong data-start=\"247\" data-end=\"257\">Cor:<\/strong> Vermelho e preto<br data-start=\"269\" data-end=\"272\" \/><strong data-start=\"272\" data-end=\"283\">Peso:<\/strong> 3545g<br data-start=\"289\" data-end=\"292\" \/><strong data-start=\"292\" data-end=\"307\">Tamanho da cintura:<\/strong> 75-120cm<br data-start=\"316\" data-end=\"319\" \/><strong data-start=\"319\" data-end=\"332\">Caracter\u00edsticas:<\/strong> R\u00e1pido de usar, confort\u00e1vel e n\u00e3o restritivo<br data-start=\"379\" data-end=\"382\" \/><strong data-start=\"382\" data-end=\"395\">Padr\u00e3o:<\/strong> CE EN361, EN358, EN813<br data-start=\"418\" data-end=\"421\" \/><strong data-start=\"421\" data-end=\"437\">Aplicativo:<\/strong> Limpeza de paredes externas, pintura de paredes, instala\u00e7\u00e3o de tubula\u00e7\u00f5es, trabalho de longa dura\u00e7\u00e3o em alta altitude, etc.<\/p>","protected":false},"excerpt":{"rendered":"<p data-pm-slice=\"1 1 []\">Arn\u00eas de seguran\u00e7a da s\u00e9rie Xinda Hua com assento para trabalho em grandes altitudes, limpeza de fachadas de arranha-c\u00e9us, instala\u00e7\u00e3o de ar-condicionado e prote\u00e7\u00e3o contra quedas<\/p>","protected":false},"featured_media":5857,"template":"","meta":{"_acf_changed":false},"product_brand":[],"product_cat":[115],"product_tag":[80],"class_list":{"0":"post-5855","1":"product","2":"type-product","3":"status-publish","4":"has-post-thumbnail","6":"product_cat-harness-gen2","7":"product_tag-harness","9":"first","10":"instock","11":"shipping-taxable","12":"product-type-simple"},"acf":[],"_links":{"self":[{"href":"https:\/\/xindasafety.com\/pt_br\/wp-json\/wp\/v2\/product\/5855","targetHints":{"allow":["GET"]}}],"collection":[{"href":"https:\/\/xindasafety.com\/pt_br\/wp-json\/wp\/v2\/product"}],"about":[{"href":"https:\/\/xindasafety.com\/pt_br\/wp-json\/wp\/v2\/types\/product"}],"version-history":[{"count":2,"href":"https:\/\/xindasafety.com\/pt_br\/wp-json\/wp\/v2\/product\/5855\/revisions"}],"predecessor-version":[{"id":6778,"href":"https:\/\/xindasafety.com\/pt_br\/wp-json\/wp\/v2\/product\/5855\/revisions\/6778"}],"wp:featuredmedia":[{"embeddable":true,"href":"https:\/\/xindasafety.com\/pt_br\/wp-json\/wp\/v2\/media\/5857"}],"wp:attachment":[{"href":"https:\/\/xindasafety.com\/pt_br\/wp-json\/wp\/v2\/media?parent=5855"}],"wp:term":[{"taxonomy":"product_brand","embeddable":true,"href":"https:\/\/xindasafety.com\/pt_br\/wp-json\/wp\/v2\/product_brand?post=5855"},{"taxonomy":"product_cat","embeddable":true,"href":"https:\/\/xindasafety.com\/pt_br\/wp-json\/wp\/v2\/product_cat?post=5855"},{"taxonomy":"product_tag","embeddable":true,"href":"https:\/\/xindasafety.com\/pt_br\/wp-json\/wp\/v2\/product_tag?post=5855"}],"curies":[{"name":"wp","href":"https:\/\/api.w.org\/{rel}","templated":true}]}}