{"id":5758,"date":"2025-10-02T08:29:26","date_gmt":"2025-10-02T08:29:26","guid":{"rendered":"https:\/\/xindasafety.com\/?post_type=product&#038;p=5758"},"modified":"2026-01-18T08:54:04","modified_gmt":"2026-01-18T08:54:04","slug":"polia-giratoria-2","status":"publish","type":"product","link":"https:\/\/xindasafety.com\/pt_br\/product\/swivel-pulley-2\/","title":{"rendered":"H8631RH"},"content":{"rendered":"<p>Marca:Xinda<br data-start=\"47\" data-end=\"50\" \/>Modelo n\u00ba:H-8631RHS<br data-start=\"69\" data-end=\"72\" \/>Nome do produto:Polia girat\u00f3ria<br data-start=\"98\" data-end=\"101\" \/>Material: liga de alum\u00ednio de alta resist\u00eancia, a\u00e7o<br data-start=\"144\" data-end=\"147\" \/>Resist\u00eancia \u00e0 ruptura: 36kN<br data-start=\"169\" data-end=\"172\" \/>Carga de trabalho: 12kN<br data-start=\"189\" data-end=\"192\" \/>Peso: 450g<br data-start=\"203\" data-end=\"206\" \/>Di\u00e2metro da roda: 4 cm<br data-start=\"224\" data-end=\"227\" \/>Cor: vermelho-preto<br data-start=\"242\" data-end=\"245\" \/>Di\u00e2metro do cabo aplic\u00e1vel: 7-13 mm<br data-start=\"276\" data-end=\"279\" \/>Tipo de rolamento:Rolamento de esferas<br data-start=\"304\" data-end=\"307\" \/>Padr\u00e3o: XF494-2023<br data-start=\"326\" data-end=\"329\" \/>Aplica\u00e7\u00e3o: montanhismo, resgate, trabalho em alta altitude, acrobacias cinematogr\u00e1ficas, acrobacias a\u00e9reas<\/p>","protected":false},"excerpt":{"rendered":"<p>Polia dupla girat\u00f3ria da s\u00e9rie XINDA Hua, polia de anel girat\u00f3rio de junta universal com placas laterais, polia de corda antitor\u00e7\u00e3o para equipamentos de montanhismo e escalada<\/p>","protected":false},"featured_media":5759,"template":"","meta":{"_acf_changed":false},"product_brand":[],"product_cat":[127],"product_tag":[267],"class_list":{"0":"post-5758","1":"product","2":"type-product","3":"status-publish","4":"has-post-thumbnail","6":"product_cat-pulley-gen2","7":"product_tag-swivel-pulley","9":"first","10":"instock","11":"shipping-taxable","12":"product-type-variable"},"acf":[],"_links":{"self":[{"href":"https:\/\/xindasafety.com\/pt_br\/wp-json\/wp\/v2\/product\/5758","targetHints":{"allow":["GET"]}}],"collection":[{"href":"https:\/\/xindasafety.com\/pt_br\/wp-json\/wp\/v2\/product"}],"about":[{"href":"https:\/\/xindasafety.com\/pt_br\/wp-json\/wp\/v2\/types\/product"}],"version-history":[{"count":3,"href":"https:\/\/xindasafety.com\/pt_br\/wp-json\/wp\/v2\/product\/5758\/revisions"}],"predecessor-version":[{"id":6782,"href":"https:\/\/xindasafety.com\/pt_br\/wp-json\/wp\/v2\/product\/5758\/revisions\/6782"}],"wp:featuredmedia":[{"embeddable":true,"href":"https:\/\/xindasafety.com\/pt_br\/wp-json\/wp\/v2\/media\/5759"}],"wp:attachment":[{"href":"https:\/\/xindasafety.com\/pt_br\/wp-json\/wp\/v2\/media?parent=5758"}],"wp:term":[{"taxonomy":"product_brand","embeddable":true,"href":"https:\/\/xindasafety.com\/pt_br\/wp-json\/wp\/v2\/product_brand?post=5758"},{"taxonomy":"product_cat","embeddable":true,"href":"https:\/\/xindasafety.com\/pt_br\/wp-json\/wp\/v2\/product_cat?post=5758"},{"taxonomy":"product_tag","embeddable":true,"href":"https:\/\/xindasafety.com\/pt_br\/wp-json\/wp\/v2\/product_tag?post=5758"}],"curies":[{"name":"wp","href":"https:\/\/api.w.org\/{rel}","templated":true}]}}