{"id":5746,"date":"2025-10-02T08:18:24","date_gmt":"2025-10-02T08:18:24","guid":{"rendered":"https:\/\/xindasafety.com\/?post_type=product&#038;p=5746"},"modified":"2026-01-18T09:03:02","modified_gmt":"2026-01-18T09:03:02","slug":"sistema-de-polias-com-economia-de-energia","status":"publish","type":"product","link":"https:\/\/xindasafety.com\/pt_br\/product\/energy-saving-pulley-system\/","title":{"rendered":"XDT10009"},"content":{"rendered":"<p data-start=\"42\" data-end=\"320\">Marca:Xinda<br data-start=\"53\" data-end=\"56\" \/>Modelo n\u00ba:XDT10009<br data-start=\"74\" data-end=\"77\" \/>Nome do produto:Conjunto de sistema de polias 6:1<br data-start=\"111\" data-end=\"114\" \/>Material: liga de alum\u00ednio de alta resist\u00eancia<br data-start=\"151\" data-end=\"154\" \/>Di\u00e2metro da corda: 6-11 mm<br data-start=\"174\" data-end=\"177\" \/>Componentes: 10 pe\u00e7as (configura\u00e7\u00e3o opcional)<br data-start=\"222\" data-end=\"225\" \/>Efici\u00eancia: 0,92<br data-start=\"240\" data-end=\"243\" \/>Tipo de rolamento:Rolamento de esferas<br data-start=\"268\" data-end=\"271\" \/>Resist\u00eancia \u00e0 ruptura: 22kN (\u22482200kg)<br data-start=\"303\" data-end=\"306\" \/>Origem: China<\/p>\n<p data-start=\"322\" data-end=\"414\">Aplica\u00e7\u00e3o: Travessia de tirolesa, telef\u00e9rico a\u00e9reo, treinamento, transporte, rapel, i\u00e7amento, eleva\u00e7\u00e3o<\/p>","protected":false},"excerpt":{"rendered":"<article class=\"text-token-text-primary w-full focus:outline-none scroll-mt-[calc(var(--header-height)+min(200px,max(70px,20svh)))]\" dir=\"auto\" tabindex=\"-1\" data-turn-id=\"request-WEB:c61b7cf4-f3f1-493a-95ab-1fd795a4031e-78\" data-testid=\"conversation-turn-158\" data-scroll-anchor=\"true\" data-turn=\"assistant\">\n<div class=\"text-base my-auto mx-auto pb-10 [--thread-content-margin:--spacing(4)] thread-sm:[--thread-content-margin:--spacing(6)] thread-lg:[--thread-content-margin:--spacing(16)] px-(--thread-content-margin)\">\n<div class=\"[--thread-content-max-width:40rem] thread-lg:[--thread-content-max-width:48rem] mx-auto max-w-(--thread-content-max-width) flex-1 group\/turn-messages focus-visible:outline-hidden relative flex w-full min-w-0 flex-col agent-turn\" tabindex=\"-1\">\n<div class=\"flex max-w-full flex-col grow\">\n<div class=\"min-h-8 text-message relative flex w-full flex-col items-end gap-2 text-start break-words whitespace-normal [.text-message+&amp;]:mt-5\" dir=\"auto\" data-message-author-role=\"assistant\" data-message-id=\"0884bc7b-47fe-42dd-a3bb-b4aafbaad3dd\" data-message-model-slug=\"gpt-5\">\n<div class=\"flex w-full flex-col gap-1 empty:hidden first:pt-[1px]\">\n<div class=\"markdown prose dark:prose-invert w-full break-words light markdown-new-styling\">\n<p data-start=\"0\" data-end=\"154\" data-is-last-node=\"\" data-is-only-node=\"\">XINDA 6:1 Mechanical Advantage Pulley System Set, High-Rise Hoisting and Lifting Kit, Pulley Combination with Ascender for Heavy Load Raising and Lowering<\/p>\n<\/div>\n<\/div>\n<\/div>\n<\/div>\n<\/div>\n<\/div>\n<\/article>\n","protected":false},"featured_media":5729,"template":"","meta":{"_acf_changed":false},"product_brand":[],"product_cat":[127],"product_tag":[302],"class_list":{"0":"post-5746","1":"product","2":"type-product","3":"status-publish","4":"has-post-thumbnail","6":"product_cat-pulley-gen2","7":"product_tag-pulley-system","9":"first","10":"instock","11":"shipping-taxable","12":"product-type-variable"},"acf":[],"_links":{"self":[{"href":"https:\/\/xindasafety.com\/pt_br\/wp-json\/wp\/v2\/product\/5746","targetHints":{"allow":["GET"]}}],"collection":[{"href":"https:\/\/xindasafety.com\/pt_br\/wp-json\/wp\/v2\/product"}],"about":[{"href":"https:\/\/xindasafety.com\/pt_br\/wp-json\/wp\/v2\/types\/product"}],"version-history":[{"count":2,"href":"https:\/\/xindasafety.com\/pt_br\/wp-json\/wp\/v2\/product\/5746\/revisions"}],"predecessor-version":[{"id":6816,"href":"https:\/\/xindasafety.com\/pt_br\/wp-json\/wp\/v2\/product\/5746\/revisions\/6816"}],"wp:featuredmedia":[{"embeddable":true,"href":"https:\/\/xindasafety.com\/pt_br\/wp-json\/wp\/v2\/media\/5729"}],"wp:attachment":[{"href":"https:\/\/xindasafety.com\/pt_br\/wp-json\/wp\/v2\/media?parent=5746"}],"wp:term":[{"taxonomy":"product_brand","embeddable":true,"href":"https:\/\/xindasafety.com\/pt_br\/wp-json\/wp\/v2\/product_brand?post=5746"},{"taxonomy":"product_cat","embeddable":true,"href":"https:\/\/xindasafety.com\/pt_br\/wp-json\/wp\/v2\/product_cat?post=5746"},{"taxonomy":"product_tag","embeddable":true,"href":"https:\/\/xindasafety.com\/pt_br\/wp-json\/wp\/v2\/product_tag?post=5746"}],"curies":[{"name":"wp","href":"https:\/\/api.w.org\/{rel}","templated":true}]}}