{"id":5718,"date":"2025-10-02T08:02:58","date_gmt":"2025-10-02T08:02:58","guid":{"rendered":"https:\/\/xindasafety.com\/?post_type=product&#038;p=5718"},"modified":"2026-01-18T08:59:00","modified_gmt":"2026-01-18T08:59:00","slug":"corda-estatica-2","status":"publish","type":"product","link":"https:\/\/xindasafety.com\/pt_br\/product\/static-rope-2\/","title":{"rendered":"XDS9801"},"content":{"rendered":"<p><strong data-start=\"35\" data-end=\"45\">Marca:<\/strong> Xinda<br data-start=\"51\" data-end=\"54\" \/><strong data-start=\"54\" data-end=\"68\">Modelo n\u00ba:<\/strong> XD-S9801<br data-start=\"77\" data-end=\"80\" \/><strong data-start=\"80\" data-end=\"97\">Nome do produto:<\/strong> Corda est\u00e1tica<br data-start=\"109\" data-end=\"112\" \/><strong data-start=\"112\" data-end=\"125\">Material:<\/strong> Nylon 66<br data-start=\"134\" data-end=\"137\" data-is-only-node=\"\" \/><strong data-start=\"137\" data-end=\"150\">Di\u00e2metro:<\/strong> 9-14 mm<br data-start=\"157\" data-end=\"160\" \/><strong data-start=\"160\" data-end=\"176\">Aplicativo:<\/strong> Montanhismo, Escalada em rocha, Aventura, Escalada em \u00e1rvores, Travessia por corda, Resgate, Trabalho em alta altitude, Prote\u00e7\u00e3o de engenharia, Espeleologia, Rapel, I\u00e7amento<\/p>\n<p data-start=\"338\" data-end=\"364\"><strong data-start=\"338\" data-end=\"362\">Tabela de especifica\u00e7\u00f5es<\/strong><\/p>\n<div class=\"_tableContainer_1rjym_1\">\n<div class=\"group _tableWrapper_1rjym_13 flex w-fit flex-col-reverse\" tabindex=\"-1\">\n<table class=\"w-fit min-w-(--thread-content-width)\" data-start=\"366\" data-end=\"1437\">\n<thead data-start=\"366\" data-end=\"499\">\n<tr data-start=\"366\" data-end=\"499\">\n<th data-start=\"366\" data-end=\"377\" data-col-size=\"sm\">Di\u00e2metro<\/th>\n<th data-start=\"377\" data-end=\"392\" data-col-size=\"sm\">Peso (\u00b15%)<\/th>\n<th data-start=\"392\" data-end=\"412\" data-col-size=\"sm\">For\u00e7a de ruptura<\/th>\n<th data-start=\"412\" data-end=\"425\" data-col-size=\"sm\">Contagem de outono<\/th>\n<th data-start=\"425\" data-end=\"443\" data-col-size=\"sm\">Deslizamento da bainha<\/th>\n<th data-start=\"443\" data-end=\"454\" data-col-size=\"sm\">Bainha %<\/th>\n<th data-start=\"454\" data-end=\"463\" data-col-size=\"sm\">N\u00facleo %<\/th>\n<th data-start=\"463\" data-end=\"471\" data-col-size=\"sm\">Lonas<\/th>\n<th data-start=\"471\" data-end=\"484\" data-col-size=\"sm\">Alongamento<\/th>\n<th data-start=\"484\" data-end=\"499\" data-col-size=\"sm\">Capacidade de atar<\/th>\n<\/tr>\n<\/thead>\n<tbody data-start=\"634\" data-end=\"1437\">\n<tr data-start=\"634\" data-end=\"767\">\n<td data-start=\"634\" data-end=\"645\" data-col-size=\"sm\">9 mm<\/td>\n<td data-start=\"645\" data-end=\"661\" data-col-size=\"sm\">58g\/m<\/td>\n<td data-start=\"661\" data-end=\"680\" data-col-size=\"sm\">21kN<\/td>\n<td data-start=\"680\" data-end=\"693\" data-col-size=\"sm\">&gt;5 vezes<\/td>\n<td data-start=\"693\" data-end=\"711\" data-col-size=\"sm\">0 mm<\/td>\n<td data-start=\"711\" data-end=\"722\" data-col-size=\"sm\">40%<\/td>\n<td data-start=\"722\" data-end=\"731\" data-col-size=\"sm\">60%<\/td>\n<td data-start=\"731\" data-end=\"739\" data-col-size=\"sm\">40<\/td>\n<td data-start=\"739\" data-end=\"752\" data-col-size=\"sm\">4.2%<\/td>\n<td data-start=\"752\" data-end=\"767\" data-col-size=\"sm\">1.1<\/td>\n<\/tr>\n<tr data-start=\"768\" data-end=\"901\">\n<td data-start=\"768\" data-end=\"779\" data-col-size=\"sm\">10 mm<\/td>\n<td data-start=\"779\" data-end=\"795\" data-col-size=\"sm\">70g\/m<\/td>\n<td data-start=\"795\" data-end=\"814\" data-col-size=\"sm\">24kN<\/td>\n<td data-start=\"814\" data-end=\"827\" data-col-size=\"sm\">&gt;5 vezes<\/td>\n<td data-start=\"827\" data-end=\"845\" data-col-size=\"sm\">0 mm<\/td>\n<td data-start=\"845\" data-end=\"856\" data-col-size=\"sm\">40%<\/td>\n<td data-start=\"856\" data-end=\"865\" data-col-size=\"sm\">60%<\/td>\n<td data-start=\"865\" data-end=\"873\" data-col-size=\"sm\">48<\/td>\n<td data-start=\"873\" data-end=\"886\" data-col-size=\"sm\">3%<\/td>\n<td data-start=\"886\" data-end=\"901\" data-col-size=\"sm\">1.1<\/td>\n<\/tr>\n<tr data-start=\"902\" data-end=\"1035\">\n<td data-start=\"902\" data-end=\"913\" data-col-size=\"sm\">10,5 mm<\/td>\n<td data-start=\"913\" data-end=\"929\" data-col-size=\"sm\">76g\/m<\/td>\n<td data-start=\"929\" data-end=\"948\" data-col-size=\"sm\">25kN<\/td>\n<td data-start=\"948\" data-end=\"961\" data-col-size=\"sm\">10 vezes<\/td>\n<td data-start=\"961\" data-end=\"979\" data-col-size=\"sm\">0 mm<\/td>\n<td data-start=\"979\" data-end=\"990\" data-col-size=\"sm\">39%<\/td>\n<td data-start=\"990\" data-end=\"999\" data-col-size=\"sm\">61%<\/td>\n<td data-start=\"999\" data-end=\"1007\" data-col-size=\"sm\">48<\/td>\n<td data-start=\"1007\" data-end=\"1020\" data-col-size=\"sm\">3.2%<\/td>\n<td data-start=\"1020\" data-end=\"1035\" data-col-size=\"sm\">1.1<\/td>\n<\/tr>\n<tr data-start=\"1036\" data-end=\"1169\">\n<td data-start=\"1036\" data-end=\"1047\" data-col-size=\"sm\">11 mm<\/td>\n<td data-start=\"1047\" data-end=\"1063\" data-col-size=\"sm\">82g\/m<\/td>\n<td data-start=\"1063\" data-end=\"1082\" data-col-size=\"sm\">26kN<\/td>\n<td data-start=\"1082\" data-end=\"1095\" data-col-size=\"sm\">&gt;10 vezes<\/td>\n<td data-start=\"1095\" data-end=\"1113\" data-col-size=\"sm\">0 mm<\/td>\n<td data-start=\"1113\" data-end=\"1124\" data-col-size=\"sm\">38%<\/td>\n<td data-start=\"1124\" data-end=\"1133\" data-col-size=\"sm\">62%<\/td>\n<td data-start=\"1133\" data-end=\"1141\" data-col-size=\"sm\">48<\/td>\n<td data-start=\"1141\" data-end=\"1154\" data-col-size=\"sm\">3%<\/td>\n<td data-start=\"1154\" data-end=\"1169\" data-col-size=\"sm\">1.14<\/td>\n<\/tr>\n<tr data-start=\"1170\" data-end=\"1303\">\n<td data-start=\"1170\" data-end=\"1181\" data-col-size=\"sm\">12 mm<\/td>\n<td data-start=\"1181\" data-end=\"1197\" data-col-size=\"sm\">100g\/m<\/td>\n<td data-start=\"1197\" data-end=\"1216\" data-col-size=\"sm\">29,5kN<\/td>\n<td data-start=\"1216\" data-end=\"1229\" data-col-size=\"sm\">&gt;13 vezes<\/td>\n<td data-start=\"1229\" data-end=\"1247\" data-col-size=\"sm\">0 mm<\/td>\n<td data-start=\"1247\" data-end=\"1258\" data-col-size=\"sm\">41%<\/td>\n<td data-start=\"1258\" data-end=\"1267\" data-col-size=\"sm\">59%<\/td>\n<td data-start=\"1267\" data-end=\"1275\" data-col-size=\"sm\">48<\/td>\n<td data-start=\"1275\" data-end=\"1288\" data-col-size=\"sm\">2.8%<\/td>\n<td data-start=\"1288\" data-end=\"1303\" data-col-size=\"sm\">1.2<\/td>\n<\/tr>\n<tr data-start=\"1304\" data-end=\"1437\">\n<td data-start=\"1304\" data-end=\"1315\" data-col-size=\"sm\">14 mm<\/td>\n<td data-start=\"1315\" data-end=\"1331\" data-col-size=\"sm\">128g\/m<\/td>\n<td data-start=\"1331\" data-end=\"1350\" data-col-size=\"sm\">38kN<\/td>\n<td data-start=\"1350\" data-end=\"1363\" data-col-size=\"sm\">&gt;15 vezes<\/td>\n<td data-start=\"1363\" data-end=\"1381\" data-col-size=\"sm\">0 mm<\/td>\n<td data-start=\"1381\" data-end=\"1392\" data-col-size=\"sm\">38%<\/td>\n<td data-start=\"1392\" data-end=\"1401\" data-col-size=\"sm\">62%<\/td>\n<td data-start=\"1401\" data-end=\"1409\" data-col-size=\"sm\">48<\/td>\n<td data-start=\"1409\" data-end=\"1422\" data-col-size=\"sm\">3%<\/td>\n<td data-start=\"1422\" data-end=\"1437\" data-col-size=\"sm\">1.18<\/td>\n<\/tr>\n<\/tbody>\n<\/table>\n<\/div>\n<\/div>","protected":false},"excerpt":{"rendered":"<p>Brand: XindaModel No.: XD-S9801Product Name: Static RopeMaterial: Nylon 66Diameter: 9\u201314mmApplication: Mountaineering, Rock Climbing, Adventure, Tree Climbing, Rope Crossing, Rescue, High-Altitude Work, Engineering Protection, Caving, Rappelling, Hoisting Specifications Table Diameter Weight (\u00b15%) Breaking Strength Fall Count Sheath Slippage Sheath % Core % Plies Elongation Knotability 9mm 58g\/m 21kN &gt;5 times 0mm 40% 60% 40 4.2% 1.1 [&hellip;]<\/p>\n","protected":false},"featured_media":5724,"template":"","meta":{"_acf_changed":false},"product_brand":[],"product_cat":[132],"product_tag":[213],"class_list":{"0":"post-5718","1":"product","2":"type-product","3":"status-publish","4":"has-post-thumbnail","6":"product_cat-rope-gen1","7":"product_tag-static-rope","9":"first","10":"instock","11":"shipping-taxable","12":"product-type-simple"},"acf":[],"_links":{"self":[{"href":"https:\/\/xindasafety.com\/pt_br\/wp-json\/wp\/v2\/product\/5718","targetHints":{"allow":["GET"]}}],"collection":[{"href":"https:\/\/xindasafety.com\/pt_br\/wp-json\/wp\/v2\/product"}],"about":[{"href":"https:\/\/xindasafety.com\/pt_br\/wp-json\/wp\/v2\/types\/product"}],"version-history":[{"count":2,"href":"https:\/\/xindasafety.com\/pt_br\/wp-json\/wp\/v2\/product\/5718\/revisions"}],"predecessor-version":[{"id":6815,"href":"https:\/\/xindasafety.com\/pt_br\/wp-json\/wp\/v2\/product\/5718\/revisions\/6815"}],"wp:featuredmedia":[{"embeddable":true,"href":"https:\/\/xindasafety.com\/pt_br\/wp-json\/wp\/v2\/media\/5724"}],"wp:attachment":[{"href":"https:\/\/xindasafety.com\/pt_br\/wp-json\/wp\/v2\/media?parent=5718"}],"wp:term":[{"taxonomy":"product_brand","embeddable":true,"href":"https:\/\/xindasafety.com\/pt_br\/wp-json\/wp\/v2\/product_brand?post=5718"},{"taxonomy":"product_cat","embeddable":true,"href":"https:\/\/xindasafety.com\/pt_br\/wp-json\/wp\/v2\/product_cat?post=5718"},{"taxonomy":"product_tag","embeddable":true,"href":"https:\/\/xindasafety.com\/pt_br\/wp-json\/wp\/v2\/product_tag?post=5718"}],"curies":[{"name":"wp","href":"https:\/\/api.w.org\/{rel}","templated":true}]}}