{"id":5597,"date":"2025-10-02T05:31:50","date_gmt":"2025-10-02T05:31:50","guid":{"rendered":"https:\/\/xindasafety.com\/?post_type=product&#038;p=5597"},"modified":"2026-01-18T09:09:00","modified_gmt":"2026-01-18T09:09:00","slug":"bolsa-de-ferramentas-portatil-3","status":"publish","type":"product","link":"https:\/\/xindasafety.com\/pt_br\/product\/portable-tool-bag-2\/","title":{"rendered":"XDBAG29"},"content":{"rendered":"<p>Marca:Xinda<br data-start=\"42\" data-end=\"45\" \/>Modelo n\u00ba:XD-BAG29<br data-start=\"63\" data-end=\"66\" \/>Nome do produto: Bolsa para equipamento externo<br data-start=\"95\" data-end=\"98\" \/>Material: tecido de malha de PVC, tecido revestido<br data-start=\"136\" data-end=\"139\" \/>Tamanho: 17\u00d79\u00d723,5 cm<br data-start=\"155\" data-end=\"158\" \/>Capacidade: 4L<br data-start=\"169\" data-end=\"172\" \/>Peso: 200g<br data-start=\"183\" data-end=\"186\" \/>Cor:C\u00e1qui<br data-start=\"197\" data-end=\"200\" \/>Aplica\u00e7\u00e3o: Escalada em rocha, escalada em \u00e1rvores, trabalho em alta altitude<br data-start=\"258\" data-end=\"261\" \/>Standard:QB\/T1333-2018<br data-start=\"283\" data-end=\"286\" \/>Caracter\u00edsticas:Dur\u00e1vel e resistente \u00e0 abras\u00e3o,Processo de prensagem sem costuras,V\u00e1rios pontos de fixa\u00e7\u00e3o,Equipado com fecho de cord\u00e3o<\/p>","protected":false},"excerpt":{"rendered":"<p>Bolsa de ferramentas para atividades ao ar livre XINDA, bolsa de cintura port\u00e1til para trabalhos em grandes altitudes, escalada em \u00e1rvores, espeleologia com corda curta, aparafusamento, \u00e2ncoras de expans\u00e3o, furadeira el\u00e9trica e escalada em rocha<\/p>","protected":false},"featured_media":5598,"template":"","meta":{"_acf_changed":false},"product_brand":[],"product_cat":[124],"product_tag":[162],"class_list":{"0":"post-5597","1":"product","2":"type-product","3":"status-publish","4":"has-post-thumbnail","6":"product_cat-packs-gen2","7":"product_tag-tool-bag","9":"first","10":"instock","11":"shipping-taxable","12":"product-type-variable"},"acf":[],"_links":{"self":[{"href":"https:\/\/xindasafety.com\/pt_br\/wp-json\/wp\/v2\/product\/5597","targetHints":{"allow":["GET"]}}],"collection":[{"href":"https:\/\/xindasafety.com\/pt_br\/wp-json\/wp\/v2\/product"}],"about":[{"href":"https:\/\/xindasafety.com\/pt_br\/wp-json\/wp\/v2\/types\/product"}],"version-history":[{"count":2,"href":"https:\/\/xindasafety.com\/pt_br\/wp-json\/wp\/v2\/product\/5597\/revisions"}],"predecessor-version":[{"id":6823,"href":"https:\/\/xindasafety.com\/pt_br\/wp-json\/wp\/v2\/product\/5597\/revisions\/6823"}],"wp:featuredmedia":[{"embeddable":true,"href":"https:\/\/xindasafety.com\/pt_br\/wp-json\/wp\/v2\/media\/5598"}],"wp:attachment":[{"href":"https:\/\/xindasafety.com\/pt_br\/wp-json\/wp\/v2\/media?parent=5597"}],"wp:term":[{"taxonomy":"product_brand","embeddable":true,"href":"https:\/\/xindasafety.com\/pt_br\/wp-json\/wp\/v2\/product_brand?post=5597"},{"taxonomy":"product_cat","embeddable":true,"href":"https:\/\/xindasafety.com\/pt_br\/wp-json\/wp\/v2\/product_cat?post=5597"},{"taxonomy":"product_tag","embeddable":true,"href":"https:\/\/xindasafety.com\/pt_br\/wp-json\/wp\/v2\/product_tag?post=5597"}],"curies":[{"name":"wp","href":"https:\/\/api.w.org\/{rel}","templated":true}]}}