{"id":5587,"date":"2025-10-02T05:27:58","date_gmt":"2025-10-02T05:27:58","guid":{"rendered":"https:\/\/xindasafety.com\/?post_type=product&#038;p=5587"},"modified":"2026-01-18T09:10:00","modified_gmt":"2026-01-18T09:10:00","slug":"bolsa-de-giz-para-escalada","status":"publish","type":"product","link":"https:\/\/xindasafety.com\/pt_br\/product\/climbing-chalk-bag\/","title":{"rendered":"HPJ32"},"content":{"rendered":"<p data-start=\"31\" data-end=\"304\">Nome do produto: Bolsa para giz de escalada<br data-start=\"62\" data-end=\"65\" \/>Material: Nylon, Lona<br data-start=\"86\" data-end=\"89\" data-is-only-node=\"\" \/>Cor: azul, vermelho<br data-start=\"103\" data-end=\"106\" \/>Tamanho: 12 cm de largura, 8 cm de espessura e 15 cm de altura<br data-start=\"151\" data-end=\"154\" \/>Peso: 90g<br data-start=\"164\" data-end=\"167\" \/>Tamanho do cinto: ajust\u00e1vel at\u00e9 105 cm<br data-start=\"205\" data-end=\"208\" \/>Caracter\u00edsticas: F\u00e1cil de limpar, compacto, port\u00e1til<br data-start=\"247\" data-end=\"250\" \/>Aplica\u00e7\u00e3o: Escalada em rocha, Bouldering, treinamento esportivo<\/p>","protected":false},"excerpt":{"rendered":"<article class=\"text-token-text-primary w-full focus:outline-none scroll-mt-[calc(var(--header-height)+min(200px,max(70px,20svh)))]\" dir=\"auto\" tabindex=\"-1\" data-turn-id=\"request-WEB:c61b7cf4-f3f1-493a-95ab-1fd795a4031e-45\" data-testid=\"conversation-turn-92\" data-scroll-anchor=\"true\" data-turn=\"assistant\">\n<div class=\"text-base my-auto mx-auto pb-10 [--thread-content-margin:--spacing(4)] thread-sm:[--thread-content-margin:--spacing(6)] thread-lg:[--thread-content-margin:--spacing(16)] px-(--thread-content-margin)\">\n<div class=\"[--thread-content-max-width:40rem] thread-lg:[--thread-content-max-width:48rem] mx-auto max-w-(--thread-content-max-width) flex-1 group\/turn-messages focus-visible:outline-hidden relative flex w-full min-w-0 flex-col agent-turn\" tabindex=\"-1\">\n<div class=\"flex max-w-full flex-col grow\">\n<div class=\"min-h-8 text-message relative flex w-full flex-col items-end gap-2 text-start break-words whitespace-normal [.text-message+&amp;]:mt-5\" dir=\"auto\" data-message-author-role=\"assistant\" data-message-id=\"72be3b86-03e2-4e30-8f06-5a8b5e06f79b\" data-message-model-slug=\"gpt-5\">\n<div class=\"flex w-full flex-col gap-1 empty:hidden first:pt-[1px]\">\n<div class=\"markdown prose dark:prose-invert w-full break-words light markdown-new-styling\">\n<p data-start=\"0\" data-end=\"162\" data-is-last-node=\"\" data-is-only-node=\"\">XINDA Hua Series Climbing Chalk Bag for Adults and Children, Outdoor Mountaineering and Rock Climbing Chalk Pouch, Sweat-Absorbing and Anti-Slip Chalk Storage Bag<\/p>\n<\/div>\n<\/div>\n<\/div>\n<\/div>\n<\/div>\n<\/div>\n<\/article>\n","protected":false},"featured_media":5588,"template":"","meta":{"_acf_changed":false},"product_brand":[],"product_cat":[124],"product_tag":[298],"class_list":{"0":"post-5587","1":"product","2":"type-product","3":"status-publish","4":"has-post-thumbnail","6":"product_cat-packs-gen2","7":"product_tag-climbing-chalk-bag","9":"first","10":"instock","11":"shipping-taxable","12":"product-type-variable"},"acf":[],"_links":{"self":[{"href":"https:\/\/xindasafety.com\/pt_br\/wp-json\/wp\/v2\/product\/5587","targetHints":{"allow":["GET"]}}],"collection":[{"href":"https:\/\/xindasafety.com\/pt_br\/wp-json\/wp\/v2\/product"}],"about":[{"href":"https:\/\/xindasafety.com\/pt_br\/wp-json\/wp\/v2\/types\/product"}],"version-history":[{"count":2,"href":"https:\/\/xindasafety.com\/pt_br\/wp-json\/wp\/v2\/product\/5587\/revisions"}],"predecessor-version":[{"id":6824,"href":"https:\/\/xindasafety.com\/pt_br\/wp-json\/wp\/v2\/product\/5587\/revisions\/6824"}],"wp:featuredmedia":[{"embeddable":true,"href":"https:\/\/xindasafety.com\/pt_br\/wp-json\/wp\/v2\/media\/5588"}],"wp:attachment":[{"href":"https:\/\/xindasafety.com\/pt_br\/wp-json\/wp\/v2\/media?parent=5587"}],"wp:term":[{"taxonomy":"product_brand","embeddable":true,"href":"https:\/\/xindasafety.com\/pt_br\/wp-json\/wp\/v2\/product_brand?post=5587"},{"taxonomy":"product_cat","embeddable":true,"href":"https:\/\/xindasafety.com\/pt_br\/wp-json\/wp\/v2\/product_cat?post=5587"},{"taxonomy":"product_tag","embeddable":true,"href":"https:\/\/xindasafety.com\/pt_br\/wp-json\/wp\/v2\/product_tag?post=5587"}],"curies":[{"name":"wp","href":"https:\/\/api.w.org\/{rel}","templated":true}]}}