{"id":5572,"date":"2025-10-02T05:22:09","date_gmt":"2025-10-02T05:22:09","guid":{"rendered":"https:\/\/xindasafety.com\/?post_type=product&#038;p=5572"},"modified":"2026-01-18T09:10:37","modified_gmt":"2026-01-18T09:10:37","slug":"bolsa-de-cintura-para-isca","status":"publish","type":"product","link":"https:\/\/xindasafety.com\/pt_br\/product\/lure-waist-bag\/","title":{"rendered":"XDBAG36"},"content":{"rendered":"<p>Marca:Xinda<br data-start=\"41\" data-end=\"44\" \/>Modelo n\u00ba:XD-BAG36<br data-start=\"62\" data-end=\"65\" \/>Nome do produto: Bolsa de cintura para ferramentas<br data-start=\"92\" data-end=\"95\" \/>Material: TPU, tecido revestido<br data-start=\"121\" data-end=\"124\" \/>Cor:Amarelo+Preto<br data-start=\"142\" data-end=\"145\" \/>Capacidade: 2,3 L<br data-start=\"158\" data-end=\"161\" \/>Peso: Aprox. 360g<br data-start=\"179\" data-end=\"182\" \/>Tamanho: 22\u00d713,5\u00d78 cm<br data-start=\"198\" data-end=\"201\" \/>Aplica\u00e7\u00e3o: trabalho em alta altitude, montanhismo, escalada, manuten\u00e7\u00e3o, trabalho el\u00e9trico, jardinagem<\/p>","protected":false},"excerpt":{"rendered":"<p>Bolsa de cintura de grande capacidade de 2,3 L da XINDA, bolsa de equipamento de trabalho de alta altitude, bolsa de ferramentas de resgate e montanhismo externo \u00e0 prova d'\u00e1gua em TPU<\/p>","protected":false},"featured_media":5573,"template":"","meta":{"_acf_changed":false},"product_brand":[],"product_cat":[124],"product_tag":[162],"class_list":{"0":"post-5572","1":"product","2":"type-product","3":"status-publish","4":"has-post-thumbnail","6":"product_cat-packs-gen2","7":"product_tag-tool-bag","9":"first","10":"instock","11":"shipping-taxable","12":"product-type-simple"},"acf":[],"_links":{"self":[{"href":"https:\/\/xindasafety.com\/pt_br\/wp-json\/wp\/v2\/product\/5572","targetHints":{"allow":["GET"]}}],"collection":[{"href":"https:\/\/xindasafety.com\/pt_br\/wp-json\/wp\/v2\/product"}],"about":[{"href":"https:\/\/xindasafety.com\/pt_br\/wp-json\/wp\/v2\/types\/product"}],"version-history":[{"count":2,"href":"https:\/\/xindasafety.com\/pt_br\/wp-json\/wp\/v2\/product\/5572\/revisions"}],"predecessor-version":[{"id":6825,"href":"https:\/\/xindasafety.com\/pt_br\/wp-json\/wp\/v2\/product\/5572\/revisions\/6825"}],"wp:featuredmedia":[{"embeddable":true,"href":"https:\/\/xindasafety.com\/pt_br\/wp-json\/wp\/v2\/media\/5573"}],"wp:attachment":[{"href":"https:\/\/xindasafety.com\/pt_br\/wp-json\/wp\/v2\/media?parent=5572"}],"wp:term":[{"taxonomy":"product_brand","embeddable":true,"href":"https:\/\/xindasafety.com\/pt_br\/wp-json\/wp\/v2\/product_brand?post=5572"},{"taxonomy":"product_cat","embeddable":true,"href":"https:\/\/xindasafety.com\/pt_br\/wp-json\/wp\/v2\/product_cat?post=5572"},{"taxonomy":"product_tag","embeddable":true,"href":"https:\/\/xindasafety.com\/pt_br\/wp-json\/wp\/v2\/product_tag?post=5572"}],"curies":[{"name":"wp","href":"https:\/\/api.w.org\/{rel}","templated":true}]}}