{"id":5539,"date":"2025-10-02T03:49:20","date_gmt":"2025-10-02T03:49:20","guid":{"rendered":"https:\/\/xindasafety.com\/?post_type=product&#038;p=5539"},"modified":"2026-01-18T09:11:29","modified_gmt":"2026-01-18T09:11:29","slug":"placa-de-fixacao-3","status":"publish","type":"product","link":"https:\/\/xindasafety.com\/pt_br\/product\/rigging-plate-3\/","title":{"rendered":"HFL01"},"content":{"rendered":"<p>Marca:Xinda<br data-start=\"37\" data-end=\"40\" \/>Modelo n\u00ba:H-FL01<br data-start=\"56\" data-end=\"59\" \/>Nome do produto: Placa de fixa\u00e7\u00e3o da s\u00e9rie Hua<br data-start=\"96\" data-end=\"99\" \/>Material: liga de alum\u00ednio de alta resist\u00eancia<br data-start=\"136\" data-end=\"139\" \/>Peso: 75g\/218g\/425g<br data-start=\"159\" data-end=\"162\" \/>Di\u00e2metro do furo: 20 mm<br data-start=\"180\" data-end=\"183\" \/>Padr\u00e3o: CE<br data-start=\"194\" data-end=\"197\" \/>Carga de trabalho: S\/35kN M&amp;L\/45kN<\/p>","protected":false},"excerpt":{"rendered":"<p>Placa de fixa\u00e7\u00e3o da s\u00e9rie Hua da XINDA, placa de ancoragem de suporte de carga, divisor de corda de fingerboard, equipamento de escalada e montanhismo ao ar livre, resistente ao desgaste<\/p>","protected":false},"featured_media":5530,"template":"","meta":{"_acf_changed":false},"product_brand":[],"product_cat":[121],"product_tag":[292],"class_list":{"0":"post-5539","1":"product","2":"type-product","3":"status-publish","4":"has-post-thumbnail","6":"product_cat-multianchor-gen2","7":"product_tag-rigging-plate","9":"first","10":"instock","11":"shipping-taxable","12":"product-type-variable"},"acf":[],"_links":{"self":[{"href":"https:\/\/xindasafety.com\/pt_br\/wp-json\/wp\/v2\/product\/5539","targetHints":{"allow":["GET"]}}],"collection":[{"href":"https:\/\/xindasafety.com\/pt_br\/wp-json\/wp\/v2\/product"}],"about":[{"href":"https:\/\/xindasafety.com\/pt_br\/wp-json\/wp\/v2\/types\/product"}],"version-history":[{"count":2,"href":"https:\/\/xindasafety.com\/pt_br\/wp-json\/wp\/v2\/product\/5539\/revisions"}],"predecessor-version":[{"id":6827,"href":"https:\/\/xindasafety.com\/pt_br\/wp-json\/wp\/v2\/product\/5539\/revisions\/6827"}],"wp:featuredmedia":[{"embeddable":true,"href":"https:\/\/xindasafety.com\/pt_br\/wp-json\/wp\/v2\/media\/5530"}],"wp:attachment":[{"href":"https:\/\/xindasafety.com\/pt_br\/wp-json\/wp\/v2\/media?parent=5539"}],"wp:term":[{"taxonomy":"product_brand","embeddable":true,"href":"https:\/\/xindasafety.com\/pt_br\/wp-json\/wp\/v2\/product_brand?post=5539"},{"taxonomy":"product_cat","embeddable":true,"href":"https:\/\/xindasafety.com\/pt_br\/wp-json\/wp\/v2\/product_cat?post=5539"},{"taxonomy":"product_tag","embeddable":true,"href":"https:\/\/xindasafety.com\/pt_br\/wp-json\/wp\/v2\/product_tag?post=5539"}],"curies":[{"name":"wp","href":"https:\/\/api.w.org\/{rel}","templated":true}]}}