{"id":5227,"date":"2025-09-19T07:35:44","date_gmt":"2025-09-19T07:35:44","guid":{"rendered":"https:\/\/xindasafety.com\/?post_type=product&#038;p=5227"},"modified":"2026-01-18T09:19:11","modified_gmt":"2026-01-18T09:19:11","slug":"bolsa-de-corda-para-equipamentos","status":"publish","type":"product","link":"https:\/\/xindasafety.com\/pt_br\/product\/gear-rope-bag\/","title":{"rendered":"XDBAG21"},"content":{"rendered":"<p data-start=\"0\" data-end=\"424\"><strong data-start=\"0\" data-end=\"17\">Nome do produto:<\/strong> Bolsa de corda para equipamento externo<br data-start=\"39\" data-end=\"42\" data-is-only-node=\"\" \/><strong data-start=\"42\" data-end=\"52\">Marca:<\/strong> Xinda<br data-start=\"58\" data-end=\"61\" \/><strong data-start=\"61\" data-end=\"75\">Modelo n\u00ba:<\/strong> XD-BAG21<br data-start=\"84\" data-end=\"87\" \/><strong data-start=\"87\" data-end=\"100\">Material:<\/strong> Tecido de malha de PVC, revestimento, etc.<br data-start=\"131\" data-end=\"134\" \/><strong data-start=\"134\" data-end=\"144\">Cor:<\/strong> Verde, preto<br data-start=\"157\" data-end=\"160\" \/><strong data-start=\"160\" data-end=\"173\">Padr\u00e3o:<\/strong> QBT 1333-2018<br data-start=\"187\" data-end=\"190\" \/><strong data-start=\"190\" data-end=\"203\">Capacidade:<\/strong> 30L \/ 45L \/ 55L<br data-start=\"219\" data-end=\"222\" \/><strong data-start=\"222\" data-end=\"244\">Escopo do aplicativo:<\/strong> Escalada em rocha, espeleologia, trabalho em alta altitude<br data-start=\"286\" data-end=\"289\" \/><strong data-start=\"289\" data-end=\"302\">Caracter\u00edsticas:<\/strong> Tecnologia de compress\u00e3o sem costura, al\u00e7a lateral, ponto de suspens\u00e3o interno da cauda da corda, orif\u00edcios de drenagem na parte inferior da bolsa<\/p>\n<div class=\"_tableContainer_1rjym_1\">\n<div class=\"group _tableWrapper_1rjym_13 flex w-fit flex-col-reverse\" tabindex=\"-1\">\n<table class=\"w-fit min-w-(--thread-content-width)\" data-start=\"426\" data-end=\"780\" data-is-last-node=\"\" data-is-only-node=\"\">\n<thead data-start=\"426\" data-end=\"494\">\n<tr data-start=\"426\" data-end=\"494\">\n<th data-start=\"426\" data-end=\"437\" data-col-size=\"sm\">Capacidade<\/th>\n<th data-start=\"437\" data-end=\"446\" data-col-size=\"sm\">Peso<\/th>\n<th data-start=\"446\" data-end=\"463\" data-col-size=\"sm\">Tamanho (cm)<\/th>\n<th data-start=\"463\" data-end=\"494\" data-col-size=\"sm\">Capacidade da corda (corda de 10,5 mm)<\/th>\n<\/tr>\n<\/thead>\n<tbody data-start=\"566\" data-end=\"780\" data-is-last-node=\"\">\n<tr data-start=\"566\" data-end=\"636\">\n<td data-start=\"566\" data-end=\"578\" data-col-size=\"sm\">30L<\/td>\n<td data-start=\"578\" data-end=\"587\" data-col-size=\"sm\">825 g<\/td>\n<td data-start=\"587\" data-end=\"604\" data-col-size=\"sm\">20 \u00d7 31 \u00d7 57<\/td>\n<td data-start=\"604\" data-end=\"636\" data-col-size=\"sm\">Capacidade para 110 m de corda de 10,5 mm<\/td>\n<\/tr>\n<tr data-start=\"637\" data-end=\"707\">\n<td data-start=\"637\" data-end=\"649\" data-col-size=\"sm\">45L<\/td>\n<td data-start=\"649\" data-end=\"658\" data-col-size=\"sm\">950 g<\/td>\n<td data-start=\"658\" data-end=\"675\" data-col-size=\"sm\">25 \u00d7 35 \u00d7 66<\/td>\n<td data-start=\"675\" data-end=\"707\" data-col-size=\"sm\">Capacidade para 185 m de corda de 10,5 mm<\/td>\n<\/tr>\n<tr data-start=\"708\" data-end=\"780\" data-is-last-node=\"\">\n<td data-start=\"708\" data-end=\"720\" data-col-size=\"sm\">55L<\/td>\n<td data-start=\"720\" data-end=\"729\" data-col-size=\"sm\">980 g<\/td>\n<td data-start=\"729\" data-end=\"746\" data-col-size=\"sm\">27 \u00d7 37 \u00d7 64<\/td>\n<td data-start=\"746\" data-end=\"780\" data-is-last-node=\"\" data-col-size=\"sm\">Capacidade para 220 m de corda de 10,5 mm<\/td>\n<\/tr>\n<\/tbody>\n<\/table>\n<\/div>\n<\/div>","protected":false},"excerpt":{"rendered":"<article class=\"text-token-text-primary w-full focus:outline-none scroll-mt-[calc(var(--header-height)+min(200px,max(70px,20svh)))]\" dir=\"auto\" tabindex=\"-1\" data-turn-id=\"request-WEB:16a98dc5-262d-46cc-b855-909969106096-59\" data-testid=\"conversation-turn-120\" data-scroll-anchor=\"true\" data-turn=\"assistant\">\n<div class=\"text-base my-auto mx-auto pb-10 [--thread-content-margin:--spacing(4)] thread-sm:[--thread-content-margin:--spacing(6)] thread-lg:[--thread-content-margin:--spacing(16)] px-(--thread-content-margin)\">\n<div class=\"[--thread-content-max-width:40rem] thread-lg:[--thread-content-max-width:48rem] mx-auto max-w-(--thread-content-max-width) flex-1 group\/turn-messages focus-visible:outline-hidden relative flex w-full min-w-0 flex-col agent-turn\" tabindex=\"-1\">\n<div class=\"flex max-w-full flex-col grow\">\n<div class=\"min-h-8 text-message relative flex w-full flex-col items-end gap-2 text-start break-words whitespace-normal [.text-message+&amp;]:mt-5\" dir=\"auto\" data-message-author-role=\"assistant\" data-message-id=\"8dacce00-b0cb-4455-9266-d6025b0bfe10\" data-message-model-slug=\"gpt-5\">\n<div class=\"flex w-full flex-col gap-1 empty:hidden first:pt-[3px]\">\n<div class=\"markdown prose dark:prose-invert w-full break-words light markdown-new-styling\">\n<p data-start=\"0\" data-end=\"115\" data-is-last-node=\"\" data-is-only-node=\"\">Xinda Outdoor Climbing Rope Bag \u2013 Caving, Rescue, Adventure Gear Bag, Canyoning Drainage Backpack, Rope Storage Bag<\/p>\n<\/div>\n<\/div>\n<\/div>\n<\/div>\n<div class=\"flex min-h-[46px] justify-start\"><\/div>\n<div class=\"mt-3 w-full empty:hidden\">\n<div class=\"text-center\"><\/div>\n<\/div>\n<\/div>\n<\/div>\n<\/article>\n<div class=\"pointer-events-none h-px w-px\" aria-hidden=\"true\" data-edge=\"true\"><\/div>\n","protected":false},"featured_media":5228,"template":"","meta":{"_acf_changed":false},"product_brand":[],"product_cat":[124],"product_tag":[282],"class_list":{"0":"post-5227","1":"product","2":"type-product","3":"status-publish","4":"has-post-thumbnail","6":"product_cat-packs-gen2","7":"product_tag-rope-bag","9":"first","10":"instock","11":"shipping-taxable","12":"product-type-variable"},"acf":[],"_links":{"self":[{"href":"https:\/\/xindasafety.com\/pt_br\/wp-json\/wp\/v2\/product\/5227","targetHints":{"allow":["GET"]}}],"collection":[{"href":"https:\/\/xindasafety.com\/pt_br\/wp-json\/wp\/v2\/product"}],"about":[{"href":"https:\/\/xindasafety.com\/pt_br\/wp-json\/wp\/v2\/types\/product"}],"version-history":[{"count":2,"href":"https:\/\/xindasafety.com\/pt_br\/wp-json\/wp\/v2\/product\/5227\/revisions"}],"predecessor-version":[{"id":6838,"href":"https:\/\/xindasafety.com\/pt_br\/wp-json\/wp\/v2\/product\/5227\/revisions\/6838"}],"wp:featuredmedia":[{"embeddable":true,"href":"https:\/\/xindasafety.com\/pt_br\/wp-json\/wp\/v2\/media\/5228"}],"wp:attachment":[{"href":"https:\/\/xindasafety.com\/pt_br\/wp-json\/wp\/v2\/media?parent=5227"}],"wp:term":[{"taxonomy":"product_brand","embeddable":true,"href":"https:\/\/xindasafety.com\/pt_br\/wp-json\/wp\/v2\/product_brand?post=5227"},{"taxonomy":"product_cat","embeddable":true,"href":"https:\/\/xindasafety.com\/pt_br\/wp-json\/wp\/v2\/product_cat?post=5227"},{"taxonomy":"product_tag","embeddable":true,"href":"https:\/\/xindasafety.com\/pt_br\/wp-json\/wp\/v2\/product_tag?post=5227"}],"curies":[{"name":"wp","href":"https:\/\/api.w.org\/{rel}","templated":true}]}}