{"id":5068,"date":"2025-09-19T06:26:44","date_gmt":"2025-09-19T06:26:44","guid":{"rendered":"https:\/\/xindasafety.com\/?post_type=product&#038;p=5068"},"modified":"2026-04-21T01:57:21","modified_gmt":"2026-04-21T01:57:21","slug":"arnes-de-meio-corpo-de-chita","status":"publish","type":"product","link":"https:\/\/xindasafety.com\/pt_br\/product\/cheetah-half-body-harness\/","title":{"rendered":"HA9558B"},"content":{"rendered":"<p data-start=\"0\" data-end=\"260\"><strong data-start=\"0\" data-end=\"17\">Nome do produto:<\/strong> Arn\u00eas de meio corpo<br data-start=\"35\" data-end=\"38\" data-is-only-node=\"\" \/><strong data-start=\"38\" data-end=\"48\">Marca:<\/strong> Xinda<br data-start=\"54\" data-end=\"57\" \/><strong data-start=\"57\" data-end=\"71\">Modelo n\u00ba:<\/strong> H-A9558-A (GALE)<br data-start=\"88\" data-end=\"91\" \/><strong data-start=\"91\" data-end=\"104\">Material:<\/strong> Revestimento, EVA, alum\u00ednio de alta resist\u00eancia, a\u00e7o de alta resist\u00eancia, PP<br data-start=\"166\" data-end=\"169\" \/><strong data-start=\"169\" data-end=\"179\">Cor:<\/strong> Todo preto, preto + verde<br data-start=\"204\" data-end=\"207\" \/><strong data-start=\"207\" data-end=\"220\">Padr\u00e3o:<\/strong> CE EN358:2018, EN813:2008, XF494-2004<\/p>\n<div class=\"_tableContainer_1rjym_1\">\n<div class=\"group _tableWrapper_1rjym_13 flex w-fit flex-col-reverse\" tabindex=\"-1\">\n<table class=\"w-fit min-w-(--thread-content-width)\" data-start=\"262\" data-end=\"725\" data-is-last-node=\"\" data-is-only-node=\"\">\n<thead data-start=\"262\" data-end=\"338\">\n<tr data-start=\"262\" data-end=\"338\">\n<th data-start=\"262\" data-end=\"269\" data-col-size=\"sm\">Tamanho<\/th>\n<th data-start=\"269\" data-end=\"278\" data-col-size=\"sm\">Peso<\/th>\n<th data-start=\"278\" data-end=\"293\" data-col-size=\"sm\">Faixa de altura<\/th>\n<th data-start=\"293\" data-end=\"315\" data-col-size=\"sm\">Circunfer\u00eancia da cintura<\/th>\n<th data-start=\"315\" data-end=\"338\" data-col-size=\"sm\">Circunfer\u00eancia da coxa<\/th>\n<\/tr>\n<\/thead>\n<tbody data-start=\"416\" data-end=\"725\" data-is-last-node=\"\">\n<tr data-start=\"416\" data-end=\"492\">\n<td data-start=\"416\" data-end=\"423\" data-col-size=\"sm\">S<\/td>\n<td data-start=\"423\" data-end=\"432\" data-col-size=\"sm\">900 g<\/td>\n<td data-start=\"432\" data-end=\"447\" data-col-size=\"sm\">160-170 cm<\/td>\n<td data-start=\"447\" data-end=\"469\" data-col-size=\"sm\">68-96 cm<\/td>\n<td data-start=\"469\" data-end=\"492\" data-col-size=\"sm\">45-65 cm<\/td>\n<\/tr>\n<tr data-start=\"493\" data-end=\"569\">\n<td data-start=\"493\" data-end=\"500\" data-col-size=\"sm\">M<\/td>\n<td data-start=\"500\" data-end=\"509\" data-col-size=\"sm\">925 g<\/td>\n<td data-start=\"509\" data-end=\"524\" data-col-size=\"sm\">165-175 cm<\/td>\n<td data-start=\"524\" data-end=\"546\" data-col-size=\"sm\">74-108 cm<\/td>\n<td data-start=\"546\" data-end=\"569\" data-col-size=\"sm\">45-65 cm<\/td>\n<\/tr>\n<tr data-start=\"570\" data-end=\"646\">\n<td data-start=\"570\" data-end=\"577\" data-col-size=\"sm\">L<\/td>\n<td data-start=\"577\" data-end=\"586\" data-col-size=\"sm\">945 g<\/td>\n<td data-start=\"586\" data-end=\"601\" data-col-size=\"sm\">170-185 cm<\/td>\n<td data-start=\"601\" data-end=\"623\" data-col-size=\"sm\">80-120 cm<\/td>\n<td data-start=\"623\" data-end=\"646\" data-col-size=\"sm\">55-85 cm<\/td>\n<\/tr>\n<tr data-start=\"647\" data-end=\"725\" data-is-last-node=\"\">\n<td data-start=\"647\" data-end=\"654\" data-col-size=\"sm\">XL<\/td>\n<td data-start=\"654\" data-end=\"663\" data-col-size=\"sm\">965 g<\/td>\n<td data-start=\"663\" data-end=\"678\" data-col-size=\"sm\">175-200 cm<\/td>\n<td data-start=\"678\" data-end=\"700\" data-col-size=\"sm\">86-132 cm<\/td>\n<td data-start=\"700\" data-end=\"725\" data-is-last-node=\"\" data-col-size=\"sm\">55-85 cm<\/td>\n<\/tr>\n<\/tbody>\n<\/table>\n<\/div>\n<\/div>","protected":false},"excerpt":{"rendered":"<p>Arn\u00eas Xinda Hua Series Cheetah - Arn\u00eas multifuncional e confort\u00e1vel para montanhismo, escalada, rapel e trabalho em alta altitude<\/p>","protected":false},"featured_media":5056,"template":"","meta":{"_acf_changed":false},"product_brand":[],"product_cat":[115],"product_tag":[226],"class_list":{"0":"post-5068","1":"product","2":"type-product","3":"status-publish","4":"has-post-thumbnail","6":"product_cat-harness-gen2","7":"product_tag-half-body-harness","9":"first","10":"instock","11":"shipping-taxable","12":"product-type-variable"},"acf":[],"_links":{"self":[{"href":"https:\/\/xindasafety.com\/pt_br\/wp-json\/wp\/v2\/product\/5068","targetHints":{"allow":["GET"]}}],"collection":[{"href":"https:\/\/xindasafety.com\/pt_br\/wp-json\/wp\/v2\/product"}],"about":[{"href":"https:\/\/xindasafety.com\/pt_br\/wp-json\/wp\/v2\/types\/product"}],"version-history":[{"count":3,"href":"https:\/\/xindasafety.com\/pt_br\/wp-json\/wp\/v2\/product\/5068\/revisions"}],"predecessor-version":[{"id":7255,"href":"https:\/\/xindasafety.com\/pt_br\/wp-json\/wp\/v2\/product\/5068\/revisions\/7255"}],"wp:featuredmedia":[{"embeddable":true,"href":"https:\/\/xindasafety.com\/pt_br\/wp-json\/wp\/v2\/media\/5056"}],"wp:attachment":[{"href":"https:\/\/xindasafety.com\/pt_br\/wp-json\/wp\/v2\/media?parent=5068"}],"wp:term":[{"taxonomy":"product_brand","embeddable":true,"href":"https:\/\/xindasafety.com\/pt_br\/wp-json\/wp\/v2\/product_brand?post=5068"},{"taxonomy":"product_cat","embeddable":true,"href":"https:\/\/xindasafety.com\/pt_br\/wp-json\/wp\/v2\/product_cat?post=5068"},{"taxonomy":"product_tag","embeddable":true,"href":"https:\/\/xindasafety.com\/pt_br\/wp-json\/wp\/v2\/product_tag?post=5068"}],"curies":[{"name":"wp","href":"https:\/\/api.w.org\/{rel}","templated":true}]}}