{"id":5026,"date":"2025-09-19T06:04:15","date_gmt":"2025-09-19T06:04:15","guid":{"rendered":"https:\/\/xindasafety.com\/?post_type=product&#038;p=5026"},"modified":"2026-01-18T09:30:30","modified_gmt":"2026-01-18T09:30:30","slug":"arnes-de-corpo-inteiro","status":"publish","type":"product","link":"https:\/\/xindasafety.com\/pt_br\/product\/full-body-harness\/","title":{"rendered":"HA9550"},"content":{"rendered":"<ul>\n<li data-start=\"107\" data-end=\"146\">\n<p data-start=\"109\" data-end=\"146\"><strong data-start=\"109\" data-end=\"126\">Nome do produto:<\/strong> Arn\u00eas de corpo inteiro<\/p>\n<\/li>\n<li data-start=\"147\" data-end=\"167\">\n<p data-start=\"149\" data-end=\"167\"><strong data-start=\"149\" data-end=\"159\">Marca:<\/strong> Xinda<\/p>\n<\/li>\n<li data-start=\"168\" data-end=\"197\">\n<p data-start=\"170\" data-end=\"197\"><strong data-start=\"170\" data-end=\"187\">N\u00famero do modelo:<\/strong> H-A9550<\/p>\n<\/li>\n<li data-start=\"198\" data-end=\"244\">\n<p data-start=\"200\" data-end=\"244\"><strong data-start=\"200\" data-end=\"213\">Material:<\/strong> EVA, liga de alum\u00ednio, revestimento<\/p>\n<\/li>\n<li data-start=\"245\" data-end=\"290\">\n<p data-start=\"247\" data-end=\"260\"><strong data-start=\"247\" data-end=\"258\">Peso:<\/strong><\/p>\n<ul data-start=\"263\" data-end=\"290\">\n<li data-start=\"263\" data-end=\"275\">\n<p data-start=\"265\" data-end=\"275\">S: 2000g<\/p>\n<\/li>\n<li data-start=\"278\" data-end=\"290\">\n<p data-start=\"280\" data-end=\"290\">C: 2200g<\/p>\n<\/li>\n<\/ul>\n<\/li>\n<li data-start=\"291\" data-end=\"312\">\n<p data-start=\"293\" data-end=\"312\"><strong data-start=\"293\" data-end=\"304\">Origem:<\/strong> China<\/p>\n<\/li>\n<li data-start=\"313\" data-end=\"476\">\n<p data-start=\"315\" data-end=\"476\"><strong data-start=\"315\" data-end=\"341\">Cen\u00e1rios de aplicativos:<\/strong><br data-start=\"341\" data-end=\"344\" \/>Montanhismo \/ Espeleologia \/ Escalada em rocha \/ Desenvolvimento ao ar livre \/ Resgate \/ Trabalho em altitude \/ Prote\u00e7\u00e3o de seguran\u00e7a \/ Rapel, etc.<\/p>\n<\/li>\n<li data-start=\"313\" data-end=\"476\">\n<table class=\"w-fit min-w-(--thread-content-width)\" style=\"height: 84px;\" width=\"677\" data-start=\"512\" data-end=\"832\">\n<thead data-start=\"512\" data-end=\"591\">\n<tr data-start=\"512\" data-end=\"591\">\n<th data-start=\"512\" data-end=\"519\" data-col-size=\"sm\">Tamanho<\/th>\n<th data-start=\"519\" data-end=\"541\" data-col-size=\"sm\">Circunfer\u00eancia da cintura<\/th>\n<th data-start=\"541\" data-end=\"563\" data-col-size=\"sm\">Circunfer\u00eancia da coxa<\/th>\n<th data-start=\"563\" data-end=\"572\" data-col-size=\"sm\">Peso<\/th>\n<th data-start=\"572\" data-end=\"591\" data-col-size=\"sm\">Altura adequada<\/th>\n<\/tr>\n<\/thead>\n<tbody data-start=\"671\" data-end=\"832\">\n<tr data-start=\"671\" data-end=\"750\">\n<td data-start=\"671\" data-end=\"679\" data-col-size=\"sm\"><strong data-start=\"673\" data-end=\"678\">S<\/strong><\/td>\n<td data-start=\"679\" data-end=\"701\" data-col-size=\"sm\">60-100 cm<\/td>\n<td data-start=\"701\" data-end=\"723\" data-col-size=\"sm\">45-70 cm<\/td>\n<td data-start=\"723\" data-end=\"732\" data-col-size=\"sm\">2000 g<\/td>\n<td data-start=\"732\" data-end=\"750\" data-col-size=\"sm\">160-180 cm<\/td>\n<\/tr>\n<tr data-start=\"751\" data-end=\"832\">\n<td data-start=\"751\" data-end=\"759\" data-col-size=\"sm\"><strong data-start=\"753\" data-end=\"758\">L<\/strong><\/td>\n<td data-start=\"759\" data-end=\"781\" data-col-size=\"sm\">70-120 cm<\/td>\n<td data-start=\"781\" data-end=\"803\" data-col-size=\"sm\">50-80 cm<\/td>\n<td data-start=\"803\" data-end=\"812\" data-col-size=\"sm\">2200 g<\/td>\n<td data-start=\"812\" data-end=\"832\" data-col-size=\"sm\">170-190 cm<\/td>\n<\/tr>\n<\/tbody>\n<\/table>\n<\/li>\n<\/ul>","protected":false},"excerpt":{"rendered":"<p>Arn\u00eas de corpo inteiro da s\u00e9rie Xinda Hua para trabalho em alta altitude, escalada e resgate - Arn\u00eas de seguran\u00e7a de cinco pontos para prote\u00e7\u00e3o contra quedas<\/p>","protected":false},"featured_media":4912,"template":"","meta":{"_acf_changed":false},"product_brand":[],"product_cat":[115],"product_tag":[79],"class_list":{"0":"post-5026","1":"product","2":"type-product","3":"status-publish","4":"has-post-thumbnail","6":"product_cat-harness-gen2","7":"product_tag-full-body-safty-harness","9":"first","10":"instock","11":"shipping-taxable","12":"product-type-variable"},"acf":[],"_links":{"self":[{"href":"https:\/\/xindasafety.com\/pt_br\/wp-json\/wp\/v2\/product\/5026","targetHints":{"allow":["GET"]}}],"collection":[{"href":"https:\/\/xindasafety.com\/pt_br\/wp-json\/wp\/v2\/product"}],"about":[{"href":"https:\/\/xindasafety.com\/pt_br\/wp-json\/wp\/v2\/types\/product"}],"version-history":[{"count":3,"href":"https:\/\/xindasafety.com\/pt_br\/wp-json\/wp\/v2\/product\/5026\/revisions"}],"predecessor-version":[{"id":6850,"href":"https:\/\/xindasafety.com\/pt_br\/wp-json\/wp\/v2\/product\/5026\/revisions\/6850"}],"wp:featuredmedia":[{"embeddable":true,"href":"https:\/\/xindasafety.com\/pt_br\/wp-json\/wp\/v2\/media\/4912"}],"wp:attachment":[{"href":"https:\/\/xindasafety.com\/pt_br\/wp-json\/wp\/v2\/media?parent=5026"}],"wp:term":[{"taxonomy":"product_brand","embeddable":true,"href":"https:\/\/xindasafety.com\/pt_br\/wp-json\/wp\/v2\/product_brand?post=5026"},{"taxonomy":"product_cat","embeddable":true,"href":"https:\/\/xindasafety.com\/pt_br\/wp-json\/wp\/v2\/product_cat?post=5026"},{"taxonomy":"product_tag","embeddable":true,"href":"https:\/\/xindasafety.com\/pt_br\/wp-json\/wp\/v2\/product_tag?post=5026"}],"curies":[{"name":"wp","href":"https:\/\/api.w.org\/{rel}","templated":true}]}}