{"id":4832,"date":"2025-09-08T08:00:21","date_gmt":"2025-09-08T08:00:21","guid":{"rendered":"https:\/\/xindasafety.com\/?post_type=product&#038;p=4832"},"modified":"2026-01-19T05:18:41","modified_gmt":"2026-01-19T05:18:41","slug":"arnes-de-corpo-inteiro-para-criancas","status":"publish","type":"product","link":"https:\/\/xindasafety.com\/pt_br\/product\/childrens-full-body-harness\/","title":{"rendered":"HA9552"},"content":{"rendered":"<p data-start=\"46\" data-end=\"138\"><strong data-start=\"46\" data-end=\"63\">Nome do produto:<\/strong> Arn\u00eas de corpo inteiro para crian\u00e7as<br data-start=\"92\" data-end=\"95\" \/><strong data-start=\"95\" data-end=\"105\">Marca:<\/strong> Xinda<br data-start=\"111\" data-end=\"114\" \/><strong data-start=\"114\" data-end=\"128\">Modelo n\u00ba:<\/strong> H-A9552<\/p>\n<p data-start=\"140\" data-end=\"311\"><strong data-start=\"140\" data-end=\"161\">Material da correia:<\/strong> Poli\u00e9ster \/ Nylon de alta resist\u00eancia<br data-start=\"193\" data-end=\"196\" \/><strong data-start=\"196\" data-end=\"222\">Material de suporte de carga:<\/strong> Liga de alum\u00ednio de alta resist\u00eancia<br data-start=\"251\" data-end=\"254\" \/><strong data-start=\"254\" data-end=\"265\">Peso:<\/strong> 350 g<br data-start=\"271\" data-end=\"274\" \/><strong data-start=\"274\" data-end=\"284\">Cor:<\/strong> Azul e cinza \/ Vermelho e cinza<\/p>\n<p data-start=\"313\" data-end=\"455\"><strong data-start=\"313\" data-end=\"334\">Faixa do cinto de cintura:<\/strong> 33-65 cm<br data-start=\"343\" data-end=\"346\" \/><strong data-start=\"346\" data-end=\"364\">Tamanho da al\u00e7a da perna:<\/strong> \u2264 56 cm<br data-start=\"372\" data-end=\"375\" \/><strong data-start=\"375\" data-end=\"395\">Peso adequado:<\/strong> \u2264 40 kg<br data-start=\"403\" data-end=\"406\" \/><strong data-start=\"406\" data-end=\"429\">Faixa et\u00e1ria adequada:<\/strong> Crian\u00e7as de 3 a 14 anos<\/p>\n<p data-start=\"457\" data-end=\"574\"><strong data-start=\"457\" data-end=\"479\">Escopo do aplicativo:<\/strong> Montanhismo, escalada em rocha, treinamento de expans\u00e3o, prote\u00e7\u00e3o infantil, resgate de combate a inc\u00eandio, etc.<\/p>","protected":false},"excerpt":{"rendered":"<p>Arn\u00eas infantil de corpo inteiro da s\u00e9rie Hua de segunda gera\u00e7\u00e3o da Xinda - Cinto de seguran\u00e7a para montanhismo ao ar livre, escalada em rocha e rapel a\u00e9reo<\/p>","protected":false},"featured_media":4840,"template":"","meta":{"_acf_changed":false},"product_brand":[],"product_cat":[115],"product_tag":[271],"class_list":{"0":"post-4832","1":"product","2":"type-product","3":"status-publish","4":"has-post-thumbnail","6":"product_cat-harness-gen2","7":"product_tag-childrens-full-body-harness","9":"first","10":"instock","11":"shipping-taxable","12":"product-type-variable"},"acf":[],"_links":{"self":[{"href":"https:\/\/xindasafety.com\/pt_br\/wp-json\/wp\/v2\/product\/4832","targetHints":{"allow":["GET"]}}],"collection":[{"href":"https:\/\/xindasafety.com\/pt_br\/wp-json\/wp\/v2\/product"}],"about":[{"href":"https:\/\/xindasafety.com\/pt_br\/wp-json\/wp\/v2\/types\/product"}],"version-history":[{"count":2,"href":"https:\/\/xindasafety.com\/pt_br\/wp-json\/wp\/v2\/product\/4832\/revisions"}],"predecessor-version":[{"id":6854,"href":"https:\/\/xindasafety.com\/pt_br\/wp-json\/wp\/v2\/product\/4832\/revisions\/6854"}],"wp:featuredmedia":[{"embeddable":true,"href":"https:\/\/xindasafety.com\/pt_br\/wp-json\/wp\/v2\/media\/4840"}],"wp:attachment":[{"href":"https:\/\/xindasafety.com\/pt_br\/wp-json\/wp\/v2\/media?parent=4832"}],"wp:term":[{"taxonomy":"product_brand","embeddable":true,"href":"https:\/\/xindasafety.com\/pt_br\/wp-json\/wp\/v2\/product_brand?post=4832"},{"taxonomy":"product_cat","embeddable":true,"href":"https:\/\/xindasafety.com\/pt_br\/wp-json\/wp\/v2\/product_cat?post=4832"},{"taxonomy":"product_tag","embeddable":true,"href":"https:\/\/xindasafety.com\/pt_br\/wp-json\/wp\/v2\/product_tag?post=4832"}],"curies":[{"name":"wp","href":"https:\/\/api.w.org\/{rel}","templated":true}]}}