{"id":4675,"date":"2025-09-05T06:46:09","date_gmt":"2025-09-05T06:46:09","guid":{"rendered":"https:\/\/xindasafety.com\/?post_type=product&#038;p=4675"},"modified":"2026-04-21T01:43:26","modified_gmt":"2026-04-21T01:43:26","slug":"pu01-polia-dupla-grande","status":"publish","type":"product","link":"https:\/\/xindasafety.com\/pt_br\/product\/pu01-large-double-pulley\/","title":{"rendered":"HPU01"},"content":{"rendered":"<p><strong data-start=\"0\" data-end=\"10\" data-is-only-node=\"\">Marca:<\/strong> Xinda<br data-start=\"16\" data-end=\"19\" \/><strong data-start=\"19\" data-end=\"32\">Item n\u00ba:<\/strong> H-PU01<br data-start=\"39\" data-end=\"42\" \/><strong data-start=\"42\" data-end=\"59\">Nome do produto:<\/strong> Polia dupla<br data-start=\"73\" data-end=\"76\" \/><strong data-start=\"76\" data-end=\"89\">Material:<\/strong> Liga de alum\u00ednio \/ a\u00e7o de alta resist\u00eancia<br data-start=\"126\" data-end=\"129\" \/><strong data-start=\"129\" data-end=\"140\">Peso:<\/strong> 402g<br data-start=\"145\" data-end=\"148\" \/><strong data-start=\"148\" data-end=\"171\">Compatibilidade da corda:<\/strong> 5-15 mm<br data-start=\"178\" data-end=\"181\" \/><strong data-start=\"181\" data-end=\"203\">For\u00e7a de ruptura:<\/strong> 34kN<br data-start=\"208\" data-end=\"211\" \/><strong data-start=\"211\" data-end=\"228\">Carga de trabalho:<\/strong> 8kN<br data-start=\"232\" data-end=\"235\" \/><strong data-start=\"235\" data-end=\"255\">Di\u00e2metro da polia:<\/strong> 5,5 cm<br data-start=\"261\" data-end=\"264\" \/><strong data-start=\"264\" data-end=\"279\">Efici\u00eancia:<\/strong> 0.92<br data-start=\"284\" data-end=\"287\" \/><strong data-start=\"287\" data-end=\"304\">Tipo de rolamento:<\/strong> Rolamento de esferas<br data-start=\"317\" data-end=\"320\" \/><strong data-start=\"320\" data-end=\"338\">Certifica\u00e7\u00e3o:<\/strong> CE 1019, EN 12278<br data-start=\"356\" data-end=\"359\" \/><strong data-start=\"359\" data-end=\"379\">Local de origem:<\/strong> China<\/p>","protected":false},"excerpt":{"rendered":"<p>Polia dupla refor\u00e7ada de alta tens\u00e3o da s\u00e9rie Xinda Hua para telef\u00e9ricos, tirolesas, escalada, travessia e resgate de emerg\u00eancia<\/p>","protected":false},"featured_media":4667,"template":"","meta":{"_acf_changed":false},"product_brand":[],"product_cat":[127],"product_tag":[260,169],"class_list":{"0":"post-4675","1":"product","2":"type-product","3":"status-publish","4":"has-post-thumbnail","6":"product_cat-pulley-gen2","7":"product_tag-double-pulley","8":"product_tag-pulley","10":"first","11":"instock","12":"shipping-taxable","13":"product-type-variable"},"acf":[],"_links":{"self":[{"href":"https:\/\/xindasafety.com\/pt_br\/wp-json\/wp\/v2\/product\/4675","targetHints":{"allow":["GET"]}}],"collection":[{"href":"https:\/\/xindasafety.com\/pt_br\/wp-json\/wp\/v2\/product"}],"about":[{"href":"https:\/\/xindasafety.com\/pt_br\/wp-json\/wp\/v2\/types\/product"}],"version-history":[{"count":3,"href":"https:\/\/xindasafety.com\/pt_br\/wp-json\/wp\/v2\/product\/4675\/revisions"}],"predecessor-version":[{"id":7240,"href":"https:\/\/xindasafety.com\/pt_br\/wp-json\/wp\/v2\/product\/4675\/revisions\/7240"}],"wp:featuredmedia":[{"embeddable":true,"href":"https:\/\/xindasafety.com\/pt_br\/wp-json\/wp\/v2\/media\/4667"}],"wp:attachment":[{"href":"https:\/\/xindasafety.com\/pt_br\/wp-json\/wp\/v2\/media?parent=4675"}],"wp:term":[{"taxonomy":"product_brand","embeddable":true,"href":"https:\/\/xindasafety.com\/pt_br\/wp-json\/wp\/v2\/product_brand?post=4675"},{"taxonomy":"product_cat","embeddable":true,"href":"https:\/\/xindasafety.com\/pt_br\/wp-json\/wp\/v2\/product_cat?post=4675"},{"taxonomy":"product_tag","embeddable":true,"href":"https:\/\/xindasafety.com\/pt_br\/wp-json\/wp\/v2\/product_tag?post=4675"}],"curies":[{"name":"wp","href":"https:\/\/api.w.org\/{rel}","templated":true}]}}