{"id":4632,"date":"2025-09-05T06:10:38","date_gmt":"2025-09-05T06:10:38","guid":{"rendered":"https:\/\/xindasafety.com\/?post_type=product&#038;p=4632"},"modified":"2026-04-21T01:44:15","modified_gmt":"2026-04-21T01:44:15","slug":"polia-simples-pequena-da-serie-hua","status":"publish","type":"product","link":"https:\/\/xindasafety.com\/pt_br\/product\/hua-series-small-single-pulley\/","title":{"rendered":"HPU04"},"content":{"rendered":"<p data-start=\"0\" data-end=\"238\"><strong data-start=\"0\" data-end=\"17\">Nome do produto:<\/strong> Polia \u00fanica<br data-start=\"31\" data-end=\"34\" data-is-only-node=\"\" \/><strong data-start=\"34\" data-end=\"44\">Marca:<\/strong> Xinda<br data-start=\"50\" data-end=\"53\" \/><strong data-start=\"53\" data-end=\"66\">Item n\u00ba:<\/strong> H-PU04<br data-start=\"73\" data-end=\"76\" \/><strong data-start=\"76\" data-end=\"89\">Material:<\/strong> Liga de alum\u00ednio de alta resist\u00eancia<br data-start=\"118\" data-end=\"121\" \/><strong data-start=\"121\" data-end=\"136\">Efici\u00eancia:<\/strong> 0.92<br data-start=\"141\" data-end=\"144\" \/><strong data-start=\"144\" data-end=\"155\">Peso:<\/strong> 140g<br data-start=\"160\" data-end=\"163\" \/><strong data-start=\"163\" data-end=\"185\">For\u00e7a de ruptura:<\/strong> 20kN (aprox. 2000kg)<br data-start=\"207\" data-end=\"210\" \/><strong data-start=\"210\" data-end=\"230\">Local de origem:<\/strong> China<\/p>\n<p data-start=\"240\" data-end=\"371\" data-is-last-node=\"\" data-is-only-node=\"\"><strong data-start=\"240\" data-end=\"265\">Cen\u00e1rios aplic\u00e1veis:<\/strong><br data-start=\"265\" data-end=\"268\" \/>Travessia tirolesa, tirolesa, treinamento, transporte, rapel, i\u00e7amento e opera\u00e7\u00f5es de eleva\u00e7\u00e3o.<\/p>","protected":false},"excerpt":{"rendered":"<p>Xinda Hua Series Outdoor Fixed Small Single Pulley para sistemas de escalada, montanhismo, espeleologia, resgate e transporte<\/p>","protected":false},"featured_media":4624,"template":"","meta":{"_acf_changed":false},"product_brand":[],"product_cat":[127],"product_tag":[169],"class_list":{"0":"post-4632","1":"product","2":"type-product","3":"status-publish","4":"has-post-thumbnail","6":"product_cat-pulley-gen2","7":"product_tag-pulley","9":"first","10":"instock","11":"shipping-taxable","12":"product-type-variable"},"acf":[],"_links":{"self":[{"href":"https:\/\/xindasafety.com\/pt_br\/wp-json\/wp\/v2\/product\/4632","targetHints":{"allow":["GET"]}}],"collection":[{"href":"https:\/\/xindasafety.com\/pt_br\/wp-json\/wp\/v2\/product"}],"about":[{"href":"https:\/\/xindasafety.com\/pt_br\/wp-json\/wp\/v2\/types\/product"}],"version-history":[{"count":3,"href":"https:\/\/xindasafety.com\/pt_br\/wp-json\/wp\/v2\/product\/4632\/revisions"}],"predecessor-version":[{"id":7243,"href":"https:\/\/xindasafety.com\/pt_br\/wp-json\/wp\/v2\/product\/4632\/revisions\/7243"}],"wp:featuredmedia":[{"embeddable":true,"href":"https:\/\/xindasafety.com\/pt_br\/wp-json\/wp\/v2\/media\/4624"}],"wp:attachment":[{"href":"https:\/\/xindasafety.com\/pt_br\/wp-json\/wp\/v2\/media?parent=4632"}],"wp:term":[{"taxonomy":"product_brand","embeddable":true,"href":"https:\/\/xindasafety.com\/pt_br\/wp-json\/wp\/v2\/product_brand?post=4632"},{"taxonomy":"product_cat","embeddable":true,"href":"https:\/\/xindasafety.com\/pt_br\/wp-json\/wp\/v2\/product_cat?post=4632"},{"taxonomy":"product_tag","embeddable":true,"href":"https:\/\/xindasafety.com\/pt_br\/wp-json\/wp\/v2\/product_tag?post=4632"}],"curies":[{"name":"wp","href":"https:\/\/api.w.org\/{rel}","templated":true}]}}