{"id":4612,"date":"2025-09-05T06:05:49","date_gmt":"2025-09-05T06:05:49","guid":{"rendered":"https:\/\/xindasafety.com\/?post_type=product&#038;p=4612"},"modified":"2026-01-19T05:22:41","modified_gmt":"2026-01-19T05:22:41","slug":"anel-aberto-da-serie-hua","status":"publish","type":"product","link":"https:\/\/xindasafety.com\/pt_br\/product\/hua-series-open-ring\/","title":{"rendered":"HKKH12"},"content":{"rendered":"<p><strong data-start=\"0\" data-end=\"10\" data-is-only-node=\"\">Marca:<\/strong> Xinda<br data-start=\"16\" data-end=\"19\" \/><strong data-start=\"19\" data-end=\"32\">Item n\u00ba:<\/strong> H-KKH12<br data-start=\"40\" data-end=\"43\" \/><strong data-start=\"43\" data-end=\"60\">Nome do produto:<\/strong> Anel circular remov\u00edvel<br data-start=\"85\" data-end=\"88\" \/><strong data-start=\"88\" data-end=\"101\">Material:<\/strong> Liga de alum\u00ednio de alta resist\u00eancia<br data-start=\"130\" data-end=\"133\" \/><strong data-start=\"133\" data-end=\"144\">Peso:<\/strong> 81g<br data-start=\"148\" data-end=\"151\" \/><strong data-start=\"151\" data-end=\"160\">Tamanho:<\/strong> Como mostrado<br data-start=\"169\" data-end=\"172\" \/><strong data-start=\"172\" data-end=\"184\">Abertura:<\/strong> 1,4 cm<br data-start=\"190\" data-end=\"193\" \/><strong data-start=\"193\" data-end=\"215\">For\u00e7a de ruptura:<\/strong> 23kN<br data-start=\"220\" data-end=\"223\" \/><strong data-start=\"223\" data-end=\"237\">Padr\u00f5es:<\/strong> CE EN 362:2004<br data-start=\"252\" data-end=\"255\" \/><strong data-start=\"255\" data-end=\"275\">Local de origem:<\/strong> China<br data-start=\"281\" data-end=\"284\" \/><strong data-start=\"284\" data-end=\"300\">Aplicativo:<\/strong> Conex\u00e3o entre equipamentos mec\u00e2nicos<\/p>","protected":false},"excerpt":{"rendered":"<p>Novo anel conector de engrenagem remov\u00edvel da Xinda - distribui\u00e7\u00e3o uniforme de carga, suporte de carga de chicote, anel semicircular aberto<\/p>","protected":false},"featured_media":4613,"template":"","meta":{"_acf_changed":false},"product_brand":[],"product_cat":[130],"product_tag":[77],"class_list":{"0":"post-4612","1":"product","2":"type-product","3":"status-publish","4":"has-post-thumbnail","6":"product_cat-rings-gen2","7":"product_tag-ring","9":"first","10":"instock","11":"shipping-taxable","12":"product-type-variable"},"acf":[],"_links":{"self":[{"href":"https:\/\/xindasafety.com\/pt_br\/wp-json\/wp\/v2\/product\/4612","targetHints":{"allow":["GET"]}}],"collection":[{"href":"https:\/\/xindasafety.com\/pt_br\/wp-json\/wp\/v2\/product"}],"about":[{"href":"https:\/\/xindasafety.com\/pt_br\/wp-json\/wp\/v2\/types\/product"}],"version-history":[{"count":2,"href":"https:\/\/xindasafety.com\/pt_br\/wp-json\/wp\/v2\/product\/4612\/revisions"}],"predecessor-version":[{"id":6864,"href":"https:\/\/xindasafety.com\/pt_br\/wp-json\/wp\/v2\/product\/4612\/revisions\/6864"}],"wp:featuredmedia":[{"embeddable":true,"href":"https:\/\/xindasafety.com\/pt_br\/wp-json\/wp\/v2\/media\/4613"}],"wp:attachment":[{"href":"https:\/\/xindasafety.com\/pt_br\/wp-json\/wp\/v2\/media?parent=4612"}],"wp:term":[{"taxonomy":"product_brand","embeddable":true,"href":"https:\/\/xindasafety.com\/pt_br\/wp-json\/wp\/v2\/product_brand?post=4612"},{"taxonomy":"product_cat","embeddable":true,"href":"https:\/\/xindasafety.com\/pt_br\/wp-json\/wp\/v2\/product_cat?post=4612"},{"taxonomy":"product_tag","embeddable":true,"href":"https:\/\/xindasafety.com\/pt_br\/wp-json\/wp\/v2\/product_tag?post=4612"}],"curies":[{"name":"wp","href":"https:\/\/api.w.org\/{rel}","templated":true}]}}