{"id":4600,"date":"2025-09-05T06:01:42","date_gmt":"2025-09-05T06:01:42","guid":{"rendered":"https:\/\/xindasafety.com\/?post_type=product&#038;p=4600"},"modified":"2026-01-19T05:23:08","modified_gmt":"2026-01-19T05:23:08","slug":"mosquetao-de-polia-2","status":"publish","type":"product","link":"https:\/\/xindasafety.com\/pt_br\/product\/pulley-carabiner-2\/","title":{"rendered":"XDQ9755"},"content":{"rendered":"<p><strong data-start=\"0\" data-end=\"10\" data-is-only-node=\"\">Marca:<\/strong> Xinda<br data-start=\"16\" data-end=\"19\" \/><strong data-start=\"19\" data-end=\"32\">Item n\u00ba:<\/strong> XD-Q9755<br data-start=\"41\" data-end=\"44\" \/><strong data-start=\"44\" data-end=\"61\">Nome do produto:<\/strong> Mosquet\u00e3o de polia<br data-start=\"78\" data-end=\"81\" \/><strong data-start=\"81\" data-end=\"94\">Material:<\/strong> Liga de alum\u00ednio de alta resist\u00eancia, a\u00e7o<br data-start=\"130\" data-end=\"133\" \/><strong data-start=\"133\" data-end=\"157\">For\u00e7a do Eixo Principal:<\/strong> 20kN<br data-start=\"162\" data-end=\"165\" \/><strong data-start=\"165\" data-end=\"189\">For\u00e7a do eixo menor:<\/strong> 8kN<br data-start=\"193\" data-end=\"196\" \/><strong data-start=\"196\" data-end=\"219\">For\u00e7a do port\u00e3o aberto:<\/strong> 7kN<br data-start=\"223\" data-end=\"226\" \/><strong data-start=\"226\" data-end=\"242\">Carga da polia:<\/strong> 4kN<br data-start=\"246\" data-end=\"249\" \/><strong data-start=\"249\" data-end=\"260\">Peso:<\/strong> 110g \/ 100g<br data-start=\"272\" data-end=\"275\" \/><strong data-start=\"275\" data-end=\"285\">Cor:<\/strong> Cinza-vermelho<\/p>","protected":false},"excerpt":{"rendered":"<p>Mosquet\u00e3o de polia externa de porta reta da s\u00e9rie Xinda Hua com rolamento para tirolesa, travessia tirolesa e equipamento de seguran\u00e7a para escalada<\/p>","protected":false},"featured_media":4604,"template":"","meta":{"_acf_changed":false},"product_brand":[],"product_cat":[103],"product_tag":[256],"class_list":{"0":"post-4600","1":"product","2":"type-product","3":"status-publish","4":"has-post-thumbnail","6":"product_cat-carabiner-generation-3","7":"product_tag-pulley-carabiner","9":"first","10":"instock","11":"shipping-taxable","12":"product-type-variable"},"acf":[],"_links":{"self":[{"href":"https:\/\/xindasafety.com\/pt_br\/wp-json\/wp\/v2\/product\/4600","targetHints":{"allow":["GET"]}}],"collection":[{"href":"https:\/\/xindasafety.com\/pt_br\/wp-json\/wp\/v2\/product"}],"about":[{"href":"https:\/\/xindasafety.com\/pt_br\/wp-json\/wp\/v2\/types\/product"}],"version-history":[{"count":2,"href":"https:\/\/xindasafety.com\/pt_br\/wp-json\/wp\/v2\/product\/4600\/revisions"}],"predecessor-version":[{"id":6865,"href":"https:\/\/xindasafety.com\/pt_br\/wp-json\/wp\/v2\/product\/4600\/revisions\/6865"}],"wp:featuredmedia":[{"embeddable":true,"href":"https:\/\/xindasafety.com\/pt_br\/wp-json\/wp\/v2\/media\/4604"}],"wp:attachment":[{"href":"https:\/\/xindasafety.com\/pt_br\/wp-json\/wp\/v2\/media?parent=4600"}],"wp:term":[{"taxonomy":"product_brand","embeddable":true,"href":"https:\/\/xindasafety.com\/pt_br\/wp-json\/wp\/v2\/product_brand?post=4600"},{"taxonomy":"product_cat","embeddable":true,"href":"https:\/\/xindasafety.com\/pt_br\/wp-json\/wp\/v2\/product_cat?post=4600"},{"taxonomy":"product_tag","embeddable":true,"href":"https:\/\/xindasafety.com\/pt_br\/wp-json\/wp\/v2\/product_tag?post=4600"}],"curies":[{"name":"wp","href":"https:\/\/api.w.org\/{rel}","templated":true}]}}