{"id":4380,"date":"2025-09-02T05:51:38","date_gmt":"2025-09-02T05:51:38","guid":{"rendered":"https:\/\/xindasafety.com\/?post_type=product&#038;p=4380"},"modified":"2026-04-17T07:35:14","modified_gmt":"2026-04-17T07:35:14","slug":"figura-9-descendente","status":"publish","type":"product","link":"https:\/\/xindasafety.com\/pt_br\/product\/figure-9-descender\/","title":{"rendered":"H9735"},"content":{"rendered":"<p><strong data-start=\"85\" data-end=\"102\">Nome do produto:<\/strong> Figura 9 Descensor dobr\u00e1vel<br data-start=\"130\" data-end=\"133\" \/><strong data-start=\"133\" data-end=\"143\">Marca:<\/strong> Xinda<br data-start=\"149\" data-end=\"152\" \/><strong data-start=\"152\" data-end=\"166\">Modelo n\u00ba:<\/strong> H-9735<br data-start=\"173\" data-end=\"176\" data-is-only-node=\"\" \/><strong data-start=\"176\" data-end=\"187\">Peso:<\/strong> 190 g<br data-start=\"193\" data-end=\"196\" \/><strong data-start=\"196\" data-end=\"225\">Di\u00e2metro do cabo aplic\u00e1vel:<\/strong> 8-12 mm<br data-start=\"233\" data-end=\"236\" \/><strong data-start=\"236\" data-end=\"249\">Material:<\/strong> Liga de alum\u00ednio de alta resist\u00eancia<br data-start=\"278\" data-end=\"281\" \/><strong data-start=\"281\" data-end=\"303\">For\u00e7a de ruptura:<\/strong> 22 kN (\u2248 2200 kgf)<br data-start=\"322\" data-end=\"325\" \/><strong data-start=\"325\" data-end=\"336\">Origem:<\/strong> China<br data-start=\"342\" data-end=\"345\" \/><strong data-start=\"345\" data-end=\"367\">Escopo do aplicativo:<\/strong> Montanhismo ao ar livre, emerg\u00eancia, treinamento de expans\u00e3o, rapel, uso t\u00e1tico, etc.<\/p>","protected":false},"excerpt":{"rendered":"<p>Descensor de corda de seguran\u00e7a XINDA Hua-Series Figura 9 para rapel a\u00e9reo, descida controlada, montanhismo ao ar livre, escalada em rocha e equipamento de fuga<\/p>","protected":false},"featured_media":4381,"template":"","meta":{"_acf_changed":false},"product_brand":[],"product_cat":[106],"product_tag":[92],"class_list":{"0":"post-4380","1":"product","2":"type-product","3":"status-publish","4":"has-post-thumbnail","6":"product_cat-descender-gen-2","7":"product_tag-descender","9":"first","10":"instock","11":"shipping-taxable","12":"product-type-variable"},"acf":[],"_links":{"self":[{"href":"https:\/\/xindasafety.com\/pt_br\/wp-json\/wp\/v2\/product\/4380","targetHints":{"allow":["GET"]}}],"collection":[{"href":"https:\/\/xindasafety.com\/pt_br\/wp-json\/wp\/v2\/product"}],"about":[{"href":"https:\/\/xindasafety.com\/pt_br\/wp-json\/wp\/v2\/types\/product"}],"version-history":[{"count":3,"href":"https:\/\/xindasafety.com\/pt_br\/wp-json\/wp\/v2\/product\/4380\/revisions"}],"predecessor-version":[{"id":6975,"href":"https:\/\/xindasafety.com\/pt_br\/wp-json\/wp\/v2\/product\/4380\/revisions\/6975"}],"wp:featuredmedia":[{"embeddable":true,"href":"https:\/\/xindasafety.com\/pt_br\/wp-json\/wp\/v2\/media\/4381"}],"wp:attachment":[{"href":"https:\/\/xindasafety.com\/pt_br\/wp-json\/wp\/v2\/media?parent=4380"}],"wp:term":[{"taxonomy":"product_brand","embeddable":true,"href":"https:\/\/xindasafety.com\/pt_br\/wp-json\/wp\/v2\/product_brand?post=4380"},{"taxonomy":"product_cat","embeddable":true,"href":"https:\/\/xindasafety.com\/pt_br\/wp-json\/wp\/v2\/product_cat?post=4380"},{"taxonomy":"product_tag","embeddable":true,"href":"https:\/\/xindasafety.com\/pt_br\/wp-json\/wp\/v2\/product_tag?post=4380"}],"curies":[{"name":"wp","href":"https:\/\/api.w.org\/{rel}","templated":true}]}}