{"id":4370,"date":"2025-09-02T05:44:46","date_gmt":"2025-09-02T05:44:46","guid":{"rendered":"https:\/\/xindasafety.com\/?post_type=product&#038;p=4370"},"modified":"2026-01-19T05:27:47","modified_gmt":"2026-01-19T05:27:47","slug":"agarrar-corda","status":"publish","type":"product","link":"https:\/\/xindasafety.com\/pt_br\/product\/rope-grab\/","title":{"rendered":"HZSQ01"},"content":{"rendered":"<p data-start=\"38\" data-end=\"319\"><strong data-start=\"38\" data-end=\"48\">Marca:<\/strong> Xinda<br data-start=\"54\" data-end=\"57\" \/><strong data-start=\"57\" data-end=\"71\">Modelo n\u00ba:<\/strong> H-ZSQ01<br data-start=\"79\" data-end=\"82\" \/><strong data-start=\"82\" data-end=\"99\">Nome do produto:<\/strong> Garra de corda m\u00f3vel<br data-start=\"116\" data-end=\"119\" data-is-only-node=\"\" \/><strong data-start=\"119\" data-end=\"132\">Material:<\/strong> Liga de alum\u00ednio de alta resist\u00eancia<br data-start=\"161\" data-end=\"164\" \/><strong data-start=\"164\" data-end=\"182\">Capacidade de carga:<\/strong> 100 kg<br data-start=\"189\" data-end=\"192\" \/><strong data-start=\"192\" data-end=\"201\">Tamanho:<\/strong> Comprimento 6,7 cm, Largura 9,7 cm<br data-start=\"229\" data-end=\"232\" \/><strong data-start=\"232\" data-end=\"243\">Peso:<\/strong> 201 g<br data-start=\"249\" data-end=\"252\" \/><strong data-start=\"252\" data-end=\"281\">Di\u00e2metro do cabo aplic\u00e1vel:<\/strong> 10-13 mm<br data-start=\"290\" data-end=\"293\" \/><strong data-start=\"293\" data-end=\"306\">Padr\u00e3o:<\/strong> CE EN12841<\/p>\n<p data-start=\"38\" data-end=\"319\"><strong data-start=\"321\" data-end=\"343\">Escopo do aplicativo:<\/strong><br data-start=\"343\" data-end=\"346\" \/>Prote\u00e7\u00e3o de rapel, espeleologia, ascens\u00e3o, escalada em rocha, prote\u00e7\u00e3o de treinamento de expans\u00e3o, resgate, prote\u00e7\u00e3o contra quedas em trabalhos a\u00e9reos<\/p>","protected":false},"excerpt":{"rendered":"<p>Dispositivo de travamento autom\u00e1tico de corda de seguran\u00e7a a\u00e9rea XINDA, trava-quedas, garra de corda autom\u00e1tica para prote\u00e7\u00e3o no trabalho de constru\u00e7\u00e3o<\/p>","protected":false},"featured_media":4374,"template":"","meta":{"_acf_changed":false},"product_brand":[],"product_cat":[109],"product_tag":[241],"class_list":{"0":"post-4370","1":"product","2":"type-product","3":"status-publish","4":"has-post-thumbnail","6":"product_cat-full-arrestor-gen2","7":"product_tag-rope-grab","9":"first","10":"instock","11":"shipping-taxable","12":"product-type-variable"},"acf":[],"_links":{"self":[{"href":"https:\/\/xindasafety.com\/pt_br\/wp-json\/wp\/v2\/product\/4370","targetHints":{"allow":["GET"]}}],"collection":[{"href":"https:\/\/xindasafety.com\/pt_br\/wp-json\/wp\/v2\/product"}],"about":[{"href":"https:\/\/xindasafety.com\/pt_br\/wp-json\/wp\/v2\/types\/product"}],"version-history":[{"count":2,"href":"https:\/\/xindasafety.com\/pt_br\/wp-json\/wp\/v2\/product\/4370\/revisions"}],"predecessor-version":[{"id":6877,"href":"https:\/\/xindasafety.com\/pt_br\/wp-json\/wp\/v2\/product\/4370\/revisions\/6877"}],"wp:featuredmedia":[{"embeddable":true,"href":"https:\/\/xindasafety.com\/pt_br\/wp-json\/wp\/v2\/media\/4374"}],"wp:attachment":[{"href":"https:\/\/xindasafety.com\/pt_br\/wp-json\/wp\/v2\/media?parent=4370"}],"wp:term":[{"taxonomy":"product_brand","embeddable":true,"href":"https:\/\/xindasafety.com\/pt_br\/wp-json\/wp\/v2\/product_brand?post=4370"},{"taxonomy":"product_cat","embeddable":true,"href":"https:\/\/xindasafety.com\/pt_br\/wp-json\/wp\/v2\/product_cat?post=4370"},{"taxonomy":"product_tag","embeddable":true,"href":"https:\/\/xindasafety.com\/pt_br\/wp-json\/wp\/v2\/product_tag?post=4370"}],"curies":[{"name":"wp","href":"https:\/\/api.w.org\/{rel}","templated":true}]}}