{"id":4202,"date":"2025-08-26T02:50:29","date_gmt":"2025-08-26T02:50:29","guid":{"rendered":"https:\/\/xindasafety.com\/?post_type=product&#038;p=4202"},"modified":"2026-04-21T02:16:50","modified_gmt":"2026-04-21T02:16:50","slug":"maca-de-resgate","status":"publish","type":"product","link":"https:\/\/xindasafety.com\/pt_br\/product\/rescue-stretcher\/","title":{"rendered":"XDPJ270"},"content":{"rendered":"<p data-start=\"47\" data-end=\"102\"><strong data-start=\"47\" data-end=\"64\">Nome do produto:<\/strong> Maca de resgate<br data-start=\"81\" data-end=\"84\" \/><strong data-start=\"84\" data-end=\"94\">Marca:<\/strong> Xinda<\/p>\n<p data-start=\"104\" data-end=\"242\"><strong data-start=\"104\" data-end=\"117\">Material:<\/strong> Tecido de malha de PVC, XPE, alum\u00ednio, poli\u00e9ster, EVA, etc.<br data-start=\"170\" data-end=\"173\" \/><strong data-start=\"173\" data-end=\"190\">Carga m\u00e1xima:<\/strong> 150 kg<br data-start=\"197\" data-end=\"200\" \/><strong data-start=\"200\" data-end=\"211\">Peso:<\/strong> 11450 g<br data-start=\"219\" data-end=\"222\" \/><strong data-start=\"222\" data-end=\"233\">Comprimento:<\/strong> 198 cm<\/p>\n<p data-start=\"244\" data-end=\"260\"><strong data-start=\"244\" data-end=\"258\">Fun\u00e7\u00f5es:<\/strong><\/p>\n<ul data-start=\"261\" data-end=\"624\">\n<li data-start=\"261\" data-end=\"362\">\n<p data-start=\"263\" data-end=\"362\">Durante o resgate, ele permite que a v\u00edtima seja transportada horizontalmente, verticalmente ou em um \u00e2ngulo.<\/p>\n<\/li>\n<li data-start=\"363\" data-end=\"431\">\n<p data-start=\"365\" data-end=\"431\">F\u00e1cil de operar e simplifica a instala\u00e7\u00e3o do acidente.<\/p>\n<\/li>\n<li data-start=\"432\" data-end=\"506\">\n<p data-start=\"434\" data-end=\"506\">Adequado para todos os resgates t\u00e9cnicos por corda, especialmente em espa\u00e7os confinados.<\/p>\n<\/li>\n<li data-start=\"507\" data-end=\"624\">\n<p data-start=\"509\" data-end=\"624\">Garante que a v\u00edtima possa ser movida horizontalmente, verticalmente ou obliquamente para se adaptar a terrenos irregulares ou estreitos.<\/p>\n<\/li>\n<\/ul>\n<p data-start=\"626\" data-end=\"644\"><strong data-start=\"626\" data-end=\"642\">F\u00e1cil de usar:<\/strong><\/p>\n<ol data-start=\"645\" data-end=\"1068\">\n<li data-start=\"645\" data-end=\"731\">\n<p data-start=\"648\" data-end=\"731\">A maca tem um cinto de seguran\u00e7a corporal totalmente integrado para proteger a v\u00edtima.<\/p>\n<\/li>\n<li data-start=\"732\" data-end=\"778\">\n<p data-start=\"735\" data-end=\"778\">As tiras com c\u00f3digo de cores simplificam a instala\u00e7\u00e3o.<\/p>\n<\/li>\n<li data-start=\"779\" data-end=\"852\">\n<p data-start=\"782\" data-end=\"852\">Os pontos de conex\u00e3o laterais se alinham para facilitar o fechamento autom\u00e1tico da fivela.<\/p>\n<\/li>\n<li data-start=\"853\" data-end=\"944\">\n<p data-start=\"856\" data-end=\"944\">Ajuste r\u00e1pido e f\u00e1cil das correias; o sistema de travamento evita o afrouxamento acidental.<\/p>\n<\/li>\n<li data-start=\"945\" data-end=\"998\">\n<p data-start=\"948\" data-end=\"998\">Al\u00e7as flex\u00edveis para facilitar o uso, mesmo com luvas.<\/p>\n<\/li>\n<li data-start=\"999\" data-end=\"1068\">\n<p data-start=\"1002\" data-end=\"1068\">O acolchoamento remov\u00edvel e os pain\u00e9is transversais reduzem o volume durante o transporte.<\/p>\n<\/li>\n<\/ol>\n<p data-start=\"1070\" data-end=\"1087\"><strong data-start=\"1070\" data-end=\"1085\">Durabilidade:<\/strong><\/p>\n<ol data-start=\"1088\" data-end=\"1498\">\n<li data-start=\"1088\" data-end=\"1181\">\n<p data-start=\"1091\" data-end=\"1181\">Al\u00e7as refor\u00e7adas com polietileno de alta resist\u00eancia (IPE) para melhor ader\u00eancia e durabilidade.<\/p>\n<\/li>\n<li data-start=\"1182\" data-end=\"1247\">\n<p data-start=\"1185\" data-end=\"1247\">A base pl\u00e1stica lisa e r\u00edgida garante um bom desempenho de deslizamento.<\/p>\n<\/li>\n<li data-start=\"1248\" data-end=\"1338\">\n<p data-start=\"1251\" data-end=\"1338\">O acolchoamento de espuma confort\u00e1vel de dupla face nas costas do acidentado limita a absor\u00e7\u00e3o de \u00e1gua.<\/p>\n<\/li>\n<li data-start=\"1339\" data-end=\"1406\">\n<p data-start=\"1342\" data-end=\"1406\">Almofadas de espuma posicionadas nas coxas e pernas para se adaptar a todos os tipos de corpo.<\/p>\n<\/li>\n<li data-start=\"1407\" data-end=\"1498\">\n<p data-start=\"1410\" data-end=\"1498\">Estrutura s\u00f3lida e dur\u00e1vel gra\u00e7as \u00e0s al\u00e7as de ombro integradas nos pontos de conex\u00e3o.<\/p>\n<\/li>\n<\/ol>","protected":false},"excerpt":{"rendered":"<p>Maca de resgate ao ar livre da XINDA para montanhismo, escalada em rocha, trabalho a\u00e9reo, combate a inc\u00eandios, resgate de emerg\u00eancia e equipamento de seguran\u00e7a multifuncional<\/p>","protected":false},"featured_media":4198,"template":"","meta":{"_acf_changed":false},"product_brand":[],"product_cat":[135],"product_tag":[248],"class_list":{"0":"post-4202","1":"product","2":"type-product","3":"status-publish","4":"has-post-thumbnail","6":"product_cat-rescue","7":"product_tag-rescue-stretcher","9":"first","10":"instock","11":"shipping-taxable","12":"product-type-simple"},"acf":[],"_links":{"self":[{"href":"https:\/\/xindasafety.com\/pt_br\/wp-json\/wp\/v2\/product\/4202","targetHints":{"allow":["GET"]}}],"collection":[{"href":"https:\/\/xindasafety.com\/pt_br\/wp-json\/wp\/v2\/product"}],"about":[{"href":"https:\/\/xindasafety.com\/pt_br\/wp-json\/wp\/v2\/types\/product"}],"version-history":[{"count":3,"href":"https:\/\/xindasafety.com\/pt_br\/wp-json\/wp\/v2\/product\/4202\/revisions"}],"predecessor-version":[{"id":7265,"href":"https:\/\/xindasafety.com\/pt_br\/wp-json\/wp\/v2\/product\/4202\/revisions\/7265"}],"wp:featuredmedia":[{"embeddable":true,"href":"https:\/\/xindasafety.com\/pt_br\/wp-json\/wp\/v2\/media\/4198"}],"wp:attachment":[{"href":"https:\/\/xindasafety.com\/pt_br\/wp-json\/wp\/v2\/media?parent=4202"}],"wp:term":[{"taxonomy":"product_brand","embeddable":true,"href":"https:\/\/xindasafety.com\/pt_br\/wp-json\/wp\/v2\/product_brand?post=4202"},{"taxonomy":"product_cat","embeddable":true,"href":"https:\/\/xindasafety.com\/pt_br\/wp-json\/wp\/v2\/product_cat?post=4202"},{"taxonomy":"product_tag","embeddable":true,"href":"https:\/\/xindasafety.com\/pt_br\/wp-json\/wp\/v2\/product_tag?post=4202"}],"curies":[{"name":"wp","href":"https:\/\/api.w.org\/{rel}","templated":true}]}}