{"id":4167,"date":"2025-08-26T02:22:54","date_gmt":"2025-08-26T02:22:54","guid":{"rendered":"https:\/\/xindasafety.com\/?post_type=product&#038;p=4167"},"modified":"2026-01-19T05:29:31","modified_gmt":"2026-01-19T05:29:31","slug":"bolsa-de-gerenciamento-de-equipamentos-b2","status":"publish","type":"product","link":"https:\/\/xindasafety.com\/pt_br\/product\/b2-gear-management-bag\/","title":{"rendered":"HHBAG34"},"content":{"rendered":"<p data-start=\"35\" data-end=\"96\"><strong data-start=\"35\" data-end=\"52\">Nome do produto:<\/strong> Bolsa de gerenciamento de equipamentos B2<br data-start=\"75\" data-end=\"78\" \/><strong data-start=\"78\" data-end=\"88\">Marca:<\/strong> Xinda<\/p>\n<p data-start=\"98\" data-end=\"167\"><strong data-start=\"98\" data-end=\"112\">Modelo n\u00ba:<\/strong> HH-BAG34<br data-start=\"121\" data-end=\"124\" \/><strong data-start=\"124\" data-end=\"134\">Cor:<\/strong> Preto + verde \/ amarelo + verde<\/p>\n<p data-start=\"169\" data-end=\"247\"><strong data-start=\"169\" data-end=\"182\">Material:<\/strong> Tecido de malha de PVC\/TPU, poli\u00e9ster, EVA, etc.<br data-start=\"224\" data-end=\"227\" \/><strong data-start=\"227\" data-end=\"240\">Capacidade:<\/strong> 38 L<\/p>\n<p data-start=\"249\" data-end=\"305\"><strong data-start=\"249\" data-end=\"260\">Peso:<\/strong> Aprox. 2600 g<br data-start=\"275\" data-end=\"278\" \/><strong data-start=\"278\" data-end=\"287\">Tamanho:<\/strong> 50 \u00d7 33 \u00d7 23 cm<\/p>\n<p data-start=\"307\" data-end=\"419\"><strong data-start=\"307\" data-end=\"329\">Escopo do aplicativo:<\/strong><br data-start=\"329\" data-end=\"332\" \/>Gerenciamento de equipamentos de trabalho a\u00e9reo, escalada ao ar livre, viagens, viagens rodovi\u00e1rias, ciclismo, etc.<\/p>","protected":false},"excerpt":{"rendered":"<p>Saco de gerenciamento de equipamentos XINDA 3\u00aa gera\u00e7\u00e3o H-Series B2 38L Grande capacidade Tr\u00eas lados \u00e0 prova d'\u00e1gua Tote Mochila Bolsa de armazenamento<\/p>","protected":false},"featured_media":4172,"template":"","meta":{"_acf_changed":false},"product_brand":[],"product_cat":[125],"product_tag":[246],"class_list":{"0":"post-4167","1":"product","2":"type-product","3":"status-publish","4":"has-post-thumbnail","6":"product_cat-packs-gen3","7":"product_tag-management-bag","9":"first","10":"instock","11":"shipping-taxable","12":"product-type-variable"},"acf":[],"_links":{"self":[{"href":"https:\/\/xindasafety.com\/pt_br\/wp-json\/wp\/v2\/product\/4167","targetHints":{"allow":["GET"]}}],"collection":[{"href":"https:\/\/xindasafety.com\/pt_br\/wp-json\/wp\/v2\/product"}],"about":[{"href":"https:\/\/xindasafety.com\/pt_br\/wp-json\/wp\/v2\/types\/product"}],"version-history":[{"count":2,"href":"https:\/\/xindasafety.com\/pt_br\/wp-json\/wp\/v2\/product\/4167\/revisions"}],"predecessor-version":[{"id":6881,"href":"https:\/\/xindasafety.com\/pt_br\/wp-json\/wp\/v2\/product\/4167\/revisions\/6881"}],"wp:featuredmedia":[{"embeddable":true,"href":"https:\/\/xindasafety.com\/pt_br\/wp-json\/wp\/v2\/media\/4172"}],"wp:attachment":[{"href":"https:\/\/xindasafety.com\/pt_br\/wp-json\/wp\/v2\/media?parent=4167"}],"wp:term":[{"taxonomy":"product_brand","embeddable":true,"href":"https:\/\/xindasafety.com\/pt_br\/wp-json\/wp\/v2\/product_brand?post=4167"},{"taxonomy":"product_cat","embeddable":true,"href":"https:\/\/xindasafety.com\/pt_br\/wp-json\/wp\/v2\/product_cat?post=4167"},{"taxonomy":"product_tag","embeddable":true,"href":"https:\/\/xindasafety.com\/pt_br\/wp-json\/wp\/v2\/product_tag?post=4167"}],"curies":[{"name":"wp","href":"https:\/\/api.w.org\/{rel}","templated":true}]}}