{"id":4148,"date":"2025-10-06T02:11:11","date_gmt":"2025-10-06T02:11:11","guid":{"rendered":"https:\/\/xindasafety.com\/?post_type=product&#038;p=4148"},"modified":"2026-01-18T08:10:26","modified_gmt":"2026-01-18T08:10:26","slug":"garra-mecanica-articulada-para-cabos","status":"publish","type":"product","link":"https:\/\/xindasafety.com\/pt_br\/product\/hinged-mechanical-rope-grab\/","title":{"rendered":"HH8637GG"},"content":{"rendered":"<p data-start=\"54\" data-end=\"120\"><strong data-start=\"54\" data-end=\"71\">Nome do produto:<\/strong> Garra de cabo mec\u00e2nica articulada<br data-start=\"99\" data-end=\"102\" \/><strong data-start=\"102\" data-end=\"112\">Marca:<\/strong> Xinda<\/p>\n<p data-start=\"122\" data-end=\"242\"><strong data-start=\"122\" data-end=\"136\">Modelo n\u00ba:<\/strong> HH-8637<br data-start=\"144\" data-end=\"147\" \/><strong data-start=\"147\" data-end=\"160\">Material:<\/strong> Alum\u00ednio de alta resist\u00eancia + liga de a\u00e7o<br data-start=\"197\" data-end=\"200\" \/><strong data-start=\"200\" data-end=\"213\">Padr\u00e3o:<\/strong> CE1019, EN567, XF 494-2004<\/p>\n<p data-start=\"244\" data-end=\"304\"><strong data-start=\"244\" data-end=\"273\">Di\u00e2metro do cabo aplic\u00e1vel:<\/strong> 10-13 mm<br data-start=\"282\" data-end=\"285\" \/><strong data-start=\"285\" data-end=\"296\">Peso:<\/strong> 160 g<\/p>\n<p data-start=\"306\" data-end=\"323\"><strong data-start=\"306\" data-end=\"321\">Dimens\u00f5es:<\/strong><\/p>\n<ul data-start=\"324\" data-end=\"384\">\n<li data-start=\"324\" data-end=\"343\">\n<p data-start=\"326\" data-end=\"343\">Altura: 8,45 cm<\/p>\n<\/li>\n<li data-start=\"344\" data-end=\"361\">\n<p data-start=\"346\" data-end=\"361\">Largura: 7,9 cm<\/p>\n<\/li>\n<li data-start=\"362\" data-end=\"384\">\n<p data-start=\"364\" data-end=\"384\">Espessura: 3,25 cm<\/p>\n<\/li>\n<\/ul>\n<p data-start=\"386\" data-end=\"520\"><strong data-start=\"386\" data-end=\"408\">Escopo do aplicativo:<\/strong><br data-start=\"408\" data-end=\"411\" \/>Montanhismo, escalada em rocha, treinamento de expans\u00e3o, agarramento de corda, treinamento de escalada em \u00e1rvores, trabalho a\u00e9reo, etc.<\/p>","protected":false},"excerpt":{"rendered":"<p>Garra de corda mec\u00e2nica articulada de 3\u00aa gera\u00e7\u00e3o da s\u00e9rie H da XINDA para prote\u00e7\u00e3o de seguran\u00e7a em trabalhos a\u00e9reos e dispositivo de travamento autom\u00e1tico de apoio contra quedas<\/p>","protected":false},"featured_media":4143,"template":"","meta":{"_acf_changed":false},"product_brand":[],"product_cat":[110],"product_tag":[241],"class_list":{"0":"post-4148","1":"product","2":"type-product","3":"status-publish","4":"has-post-thumbnail","6":"product_cat-full-arrestor-gen3","7":"product_tag-rope-grab","9":"first","10":"instock","11":"shipping-taxable","12":"product-type-simple"},"acf":[],"_links":{"self":[{"href":"https:\/\/xindasafety.com\/pt_br\/wp-json\/wp\/v2\/product\/4148","targetHints":{"allow":["GET"]}}],"collection":[{"href":"https:\/\/xindasafety.com\/pt_br\/wp-json\/wp\/v2\/product"}],"about":[{"href":"https:\/\/xindasafety.com\/pt_br\/wp-json\/wp\/v2\/types\/product"}],"version-history":[{"count":3,"href":"https:\/\/xindasafety.com\/pt_br\/wp-json\/wp\/v2\/product\/4148\/revisions"}],"predecessor-version":[{"id":6729,"href":"https:\/\/xindasafety.com\/pt_br\/wp-json\/wp\/v2\/product\/4148\/revisions\/6729"}],"wp:featuredmedia":[{"embeddable":true,"href":"https:\/\/xindasafety.com\/pt_br\/wp-json\/wp\/v2\/media\/4143"}],"wp:attachment":[{"href":"https:\/\/xindasafety.com\/pt_br\/wp-json\/wp\/v2\/media?parent=4148"}],"wp:term":[{"taxonomy":"product_brand","embeddable":true,"href":"https:\/\/xindasafety.com\/pt_br\/wp-json\/wp\/v2\/product_brand?post=4148"},{"taxonomy":"product_cat","embeddable":true,"href":"https:\/\/xindasafety.com\/pt_br\/wp-json\/wp\/v2\/product_cat?post=4148"},{"taxonomy":"product_tag","embeddable":true,"href":"https:\/\/xindasafety.com\/pt_br\/wp-json\/wp\/v2\/product_tag?post=4148"}],"curies":[{"name":"wp","href":"https:\/\/api.w.org\/{rel}","templated":true}]}}