{"id":4128,"date":"2025-08-26T02:05:26","date_gmt":"2025-08-26T02:05:26","guid":{"rendered":"https:\/\/xindasafety.com\/?post_type=product&#038;p=4128"},"modified":"2026-01-18T08:57:31","modified_gmt":"2026-01-18T08:57:31","slug":"anel-de-aco","status":"publish","type":"product","link":"https:\/\/xindasafety.com\/pt_br\/product\/steel-ring\/","title":{"rendered":"HH9778"},"content":{"rendered":"<p data-start=\"51\" data-end=\"109\"><strong data-start=\"51\" data-end=\"68\">Nome do produto:<\/strong> Anel circular de a\u00e7o<br data-start=\"88\" data-end=\"91\" \/><strong data-start=\"91\" data-end=\"101\">Marca:<\/strong> Xinda<\/p>\n<p data-start=\"111\" data-end=\"194\"><strong data-start=\"111\" data-end=\"125\">Modelo n\u00ba:<\/strong> HH-9778<br data-start=\"133\" data-end=\"136\" \/><strong data-start=\"136\" data-end=\"157\">Resist\u00eancia \u00e0 tra\u00e7\u00e3o:<\/strong> Carga est\u00e1tica 40 kN (1 kN \u2248 100 kgf)<\/p>\n<p data-start=\"196\" data-end=\"250\"><strong data-start=\"196\" data-end=\"209\">Material:<\/strong> A\u00e7o 40Cr<br data-start=\"220\" data-end=\"223\" \/><strong data-start=\"223\" data-end=\"236\">Padr\u00e3o:<\/strong> XF 494-2004<\/p>\n<p data-start=\"252\" data-end=\"331\"><strong data-start=\"252\" data-end=\"265\">Di\u00e2metro:<\/strong> Di\u00e2metro externo 78 mm \/ Di\u00e2metro interno 58 mm<br data-start=\"309\" data-end=\"312\" \/><strong data-start=\"312\" data-end=\"323\">Peso:<\/strong> 135 g<\/p>\n<p data-start=\"333\" data-end=\"350\"><strong data-start=\"333\" data-end=\"348\">Dimens\u00f5es:<\/strong><\/p>\n<ul data-start=\"351\" data-end=\"427\">\n<li data-start=\"351\" data-end=\"377\">\n<p data-start=\"353\" data-end=\"377\">Di\u00e2metro externo: 7,8 cm<\/p>\n<\/li>\n<li data-start=\"378\" data-end=\"404\">\n<p data-start=\"380\" data-end=\"404\">Di\u00e2metro interno: 5,8 cm<\/p>\n<\/li>\n<li data-start=\"405\" data-end=\"427\">\n<p data-start=\"407\" data-end=\"427\">Espessura: 0,99 cm<\/p>\n<\/li>\n<\/ul>\n<p data-start=\"429\" data-end=\"621\"><strong data-start=\"429\" data-end=\"451\">Escopo do aplicativo:<\/strong><br data-start=\"451\" data-end=\"454\" \/>Montanhismo, espeleologia, escalada em rocha, treinamento de expans\u00e3o, resgate, trabalho a\u00e9reo, prote\u00e7\u00e3o no trabalho, rapel;<br data-start=\"562\" data-end=\"565\" \/>tamb\u00e9m aplic\u00e1vel como cinto de seguran\u00e7a ou acess\u00f3rio de cinta.<\/p>","protected":false},"excerpt":{"rendered":"<p>Anel de a\u00e7o de liga met\u00e1lica 40Cr da s\u00e9rie H de 3\u00aa gera\u00e7\u00e3o da XINDA, capacidade de carga de 45 kN de alta resist\u00eancia, distribui\u00e7\u00e3o uniforme da for\u00e7a para escalada, resgate e trabalho a\u00e9reo<\/p>","protected":false},"featured_media":4129,"template":"","meta":{"_acf_changed":false},"product_brand":[],"product_cat":[131],"product_tag":[77,244],"class_list":{"0":"post-4128","1":"product","2":"type-product","3":"status-publish","4":"has-post-thumbnail","6":"product_cat-rings-gen3","7":"product_tag-ring","8":"product_tag-steel-ring","10":"first","11":"instock","12":"shipping-taxable","13":"product-type-simple"},"acf":[],"_links":{"self":[{"href":"https:\/\/xindasafety.com\/pt_br\/wp-json\/wp\/v2\/product\/4128","targetHints":{"allow":["GET"]}}],"collection":[{"href":"https:\/\/xindasafety.com\/pt_br\/wp-json\/wp\/v2\/product"}],"about":[{"href":"https:\/\/xindasafety.com\/pt_br\/wp-json\/wp\/v2\/types\/product"}],"version-history":[{"count":2,"href":"https:\/\/xindasafety.com\/pt_br\/wp-json\/wp\/v2\/product\/4128\/revisions"}],"predecessor-version":[{"id":6804,"href":"https:\/\/xindasafety.com\/pt_br\/wp-json\/wp\/v2\/product\/4128\/revisions\/6804"}],"wp:featuredmedia":[{"embeddable":true,"href":"https:\/\/xindasafety.com\/pt_br\/wp-json\/wp\/v2\/media\/4129"}],"wp:attachment":[{"href":"https:\/\/xindasafety.com\/pt_br\/wp-json\/wp\/v2\/media?parent=4128"}],"wp:term":[{"taxonomy":"product_brand","embeddable":true,"href":"https:\/\/xindasafety.com\/pt_br\/wp-json\/wp\/v2\/product_brand?post=4128"},{"taxonomy":"product_cat","embeddable":true,"href":"https:\/\/xindasafety.com\/pt_br\/wp-json\/wp\/v2\/product_cat?post=4128"},{"taxonomy":"product_tag","embeddable":true,"href":"https:\/\/xindasafety.com\/pt_br\/wp-json\/wp\/v2\/product_tag?post=4128"}],"curies":[{"name":"wp","href":"https:\/\/api.w.org\/{rel}","templated":true}]}}