{"id":4078,"date":"2025-08-26T01:26:54","date_gmt":"2025-08-26T01:26:54","guid":{"rendered":"https:\/\/xindasafety.com\/?post_type=product&#038;p=4078"},"modified":"2026-01-19T05:33:06","modified_gmt":"2026-01-19T05:33:06","slug":"cordao-de-absorcao-de-energia-2","status":"publish","type":"product","link":"https:\/\/xindasafety.com\/pt_br\/product\/energy-absorbing-lanyard-2\/","title":{"rendered":"HH9372"},"content":{"rendered":"<p data-start=\"79\" data-end=\"297\"><strong data-start=\"79\" data-end=\"96\">Nome do produto:<\/strong> Talabarte de corda din\u00e2mica BEAL ajust\u00e1vel Xinda com absorvedor de energia e ajustador de posicionamento<br data-start=\"185\" data-end=\"188\" \/><strong data-start=\"188\" data-end=\"198\">Marca:<\/strong> Xinda<br data-start=\"204\" data-end=\"207\" \/><strong data-start=\"207\" data-end=\"221\">Modelo n\u00ba:<\/strong> HH-9372<br data-start=\"229\" data-end=\"232\" \/><strong data-start=\"232\" data-end=\"245\">Material:<\/strong> Nylon, liga de alum\u00ednio<br data-start=\"267\" data-end=\"270\" \/><strong data-start=\"270\" data-end=\"283\">Padr\u00e3o:<\/strong> XF 494-2004<\/p>\n<p data-start=\"299\" data-end=\"325\"><strong data-start=\"299\" data-end=\"323\">Dimens\u00f5es do ajustador:<\/strong><\/p>\n<ul data-start=\"326\" data-end=\"393\">\n<li data-start=\"326\" data-end=\"344\">\n<p data-start=\"328\" data-end=\"344\">Comprimento: 6,7 cm<\/p>\n<\/li>\n<li data-start=\"345\" data-end=\"364\">\n<p data-start=\"347\" data-end=\"364\">Altura: 3,85 cm<\/p>\n<\/li>\n<li data-start=\"365\" data-end=\"393\">\n<p data-start=\"367\" data-end=\"393\">Largura do slot interno: 2,9 cm<\/p>\n<\/li>\n<\/ul>\n<p data-start=\"395\" data-end=\"414\"><strong data-start=\"395\" data-end=\"406\">Origem:<\/strong> China<\/p>\n<p data-start=\"416\" data-end=\"445\"><strong data-start=\"416\" data-end=\"437\">Resist\u00eancia \u00e0 tra\u00e7\u00e3o:<\/strong> 22 kN<\/p>\n<p data-start=\"447\" data-end=\"472\"><strong data-start=\"447\" data-end=\"470\">Especifica\u00e7\u00e3o da corda:<\/strong><\/p>\n<ul data-start=\"473\" data-end=\"650\">\n<li data-start=\"473\" data-end=\"499\">\n<p data-start=\"475\" data-end=\"499\">Di\u00e2metro da corda: 10,5 mm<\/p>\n<\/li>\n<li data-start=\"500\" data-end=\"650\">\n<p data-start=\"502\" data-end=\"522\">Op\u00e7\u00f5es de tipo de corda:<\/p>\n<ul data-start=\"525\" data-end=\"650\">\n<li data-start=\"525\" data-end=\"560\">\n<p data-start=\"527\" data-end=\"560\"><strong data-start=\"527\" data-end=\"538\">I Tipo:<\/strong> Comprimento total 0,95 m<\/p>\n<\/li>\n<li data-start=\"563\" data-end=\"614\">\n<p data-start=\"565\" data-end=\"614\"><strong data-start=\"565\" data-end=\"576\">Tipo Y:<\/strong> Lado longo 0,95 m, lado curto 0,45 m<\/p>\n<\/li>\n<li data-start=\"617\" data-end=\"650\">\n<p data-start=\"619\" data-end=\"650\"><strong data-start=\"619\" data-end=\"630\">Tipo V:<\/strong> Lados duplos 0,95 m<\/p>\n<\/li>\n<\/ul>\n<\/li>\n<\/ul>\n<p data-start=\"652\" data-end=\"671\"><strong data-start=\"652\" data-end=\"669\">Principais recursos:<\/strong><\/p>\n<ul data-start=\"672\" data-end=\"822\">\n<li data-start=\"672\" data-end=\"733\">\n<p data-start=\"674\" data-end=\"733\">Equipado com <strong data-start=\"688\" data-end=\"731\">10,5 mm BEAL WALL MASTER 6 corda din\u00e2mica<\/strong><\/p>\n<\/li>\n<li data-start=\"734\" data-end=\"822\">\n<p data-start=\"736\" data-end=\"822\">A corda se encontra <strong data-start=\"747\" data-end=\"768\">Norma CE EN892<\/strong>, <strong data-start=\"770\" data-end=\"792\">Certifica\u00e7\u00e3o UIAA<\/strong>e <strong data-start=\"798\" data-end=\"820\">Tecnologia UNICORE<\/strong><\/p>\n<\/li>\n<\/ul>\n<p data-start=\"824\" data-end=\"957\"><strong data-start=\"824\" data-end=\"846\">Escopo do aplicativo:<\/strong><br data-start=\"846\" data-end=\"849\" \/>Montanhismo, escalada em rocha, espeleologia e rapel, treinamento de expans\u00e3o, trabalho a\u00e9reo, prote\u00e7\u00e3o contra quedas, etc.<\/p>","protected":false},"excerpt":{"rendered":"<p>Cord\u00e3o ajust\u00e1vel XINDA Outdoor com corda din\u00e2mica Beal para ascens\u00e3o, descida, mobilidade, libera\u00e7\u00e3o de \u00e2ncora e ajuste de posicionamento<\/p>","protected":false},"featured_media":4062,"template":"","meta":{"_acf_changed":false},"product_brand":[],"product_cat":[146],"product_tag":[227],"class_list":{"0":"post-4078","1":"product","2":"type-product","3":"status-publish","4":"has-post-thumbnail","6":"product_cat-lanyard","7":"product_tag-lanyard","9":"first","10":"instock","11":"shipping-taxable","12":"product-type-variable"},"acf":[],"_links":{"self":[{"href":"https:\/\/xindasafety.com\/pt_br\/wp-json\/wp\/v2\/product\/4078","targetHints":{"allow":["GET"]}}],"collection":[{"href":"https:\/\/xindasafety.com\/pt_br\/wp-json\/wp\/v2\/product"}],"about":[{"href":"https:\/\/xindasafety.com\/pt_br\/wp-json\/wp\/v2\/types\/product"}],"version-history":[{"count":2,"href":"https:\/\/xindasafety.com\/pt_br\/wp-json\/wp\/v2\/product\/4078\/revisions"}],"predecessor-version":[{"id":6885,"href":"https:\/\/xindasafety.com\/pt_br\/wp-json\/wp\/v2\/product\/4078\/revisions\/6885"}],"wp:featuredmedia":[{"embeddable":true,"href":"https:\/\/xindasafety.com\/pt_br\/wp-json\/wp\/v2\/media\/4062"}],"wp:attachment":[{"href":"https:\/\/xindasafety.com\/pt_br\/wp-json\/wp\/v2\/media?parent=4078"}],"wp:term":[{"taxonomy":"product_brand","embeddable":true,"href":"https:\/\/xindasafety.com\/pt_br\/wp-json\/wp\/v2\/product_brand?post=4078"},{"taxonomy":"product_cat","embeddable":true,"href":"https:\/\/xindasafety.com\/pt_br\/wp-json\/wp\/v2\/product_cat?post=4078"},{"taxonomy":"product_tag","embeddable":true,"href":"https:\/\/xindasafety.com\/pt_br\/wp-json\/wp\/v2\/product_tag?post=4078"}],"curies":[{"name":"wp","href":"https:\/\/api.w.org\/{rel}","templated":true}]}}