{"id":4055,"date":"2025-08-26T01:08:46","date_gmt":"2025-08-26T01:08:46","guid":{"rendered":"https:\/\/xindasafety.com\/?post_type=product&#038;p=4055"},"modified":"2026-01-18T08:57:09","modified_gmt":"2026-01-18T08:57:09","slug":"cordao-de-absorcao-de-energia","status":"publish","type":"product","link":"https:\/\/xindasafety.com\/pt_br\/product\/energy-absorbing-lanyard\/","title":{"rendered":"HH9374OJ"},"content":{"rendered":"<p data-start=\"76\" data-end=\"325\"><strong data-start=\"76\" data-end=\"93\">Nome do produto:<\/strong>\u00a0 Talabarte ajust\u00e1vel de apoio contra quedas com absorvedor de energia de corda din\u00e2mica BEAL<br data-start=\"193\" data-end=\"196\" \/><strong data-start=\"196\" data-end=\"206\">Marca:<\/strong> Xinda<br data-start=\"212\" data-end=\"215\" \/><strong data-start=\"215\" data-end=\"229\">Modelo n\u00ba:<\/strong> HH-9374<br data-start=\"237\" data-end=\"240\" \/><strong data-start=\"240\" data-end=\"253\">Material:<\/strong> Nylon, liga de alum\u00ednio<br data-start=\"275\" data-end=\"278\" \/><strong data-start=\"278\" data-end=\"291\">Padr\u00e3o:<\/strong> XF 494-2004<br data-start=\"303\" data-end=\"306\" \/><strong data-start=\"306\" data-end=\"317\">Origem:<\/strong> China<\/p>\n<p data-start=\"327\" data-end=\"389\"><strong data-start=\"327\" data-end=\"348\">Faixa de ajuste:<\/strong> 15-120 cm<br data-start=\"358\" data-end=\"361\" \/><strong data-start=\"361\" data-end=\"379\">Di\u00e2metro da corda:<\/strong> 10,5 mm<\/p>\n<p data-start=\"391\" data-end=\"410\"><strong data-start=\"391\" data-end=\"402\">Peso:<\/strong> 180 g<\/p>\n<p data-start=\"412\" data-end=\"430\"><strong data-start=\"412\" data-end=\"428\">Desempenho:<\/strong><\/p>\n<ul data-start=\"431\" data-end=\"494\">\n<li data-start=\"431\" data-end=\"466\">\n<p data-start=\"433\" data-end=\"466\">For\u00e7a de impacto de ativa\u00e7\u00e3o: 2,5 kN<\/p>\n<\/li>\n<li data-start=\"467\" data-end=\"494\">\n<p data-start=\"469\" data-end=\"494\">Resist\u00eancia \u00e0 tra\u00e7\u00e3o: 22 kN<\/p>\n<\/li>\n<\/ul>\n<p data-start=\"496\" data-end=\"515\"><strong data-start=\"496\" data-end=\"513\">Principais recursos:<\/strong><\/p>\n<ul data-start=\"516\" data-end=\"650\">\n<li data-start=\"516\" data-end=\"573\">\n<p data-start=\"518\" data-end=\"573\">Equipado com corda din\u00e2mica BEAL WALL MASTER 6 de 10,5 mm<\/p>\n<\/li>\n<li data-start=\"574\" data-end=\"650\">\n<p data-start=\"576\" data-end=\"650\">O cabo atende \u00e0 norma CE EN892, \u00e0 certifica\u00e7\u00e3o UIAA e \u00e0 tecnologia UNICORE<\/p>\n<\/li>\n<\/ul>\n<p data-start=\"652\" data-end=\"785\"><strong data-start=\"652\" data-end=\"674\">Escopo do aplicativo:<\/strong><br data-start=\"674\" data-end=\"677\" \/>Montanhismo, escalada em rocha, espeleologia e rapel, treinamento de expans\u00e3o, trabalho a\u00e9reo, prote\u00e7\u00e3o contra quedas, etc.<\/p>","protected":false},"excerpt":{"rendered":"<p>Talabarte de apoio contra quedas da s\u00e9rie H de terceira gera\u00e7\u00e3o da XINDA com absorvedor de energia de corda din\u00e2mica Beal ajust\u00e1vel para montanhismo e escalada em rocha<\/p>","protected":false},"featured_media":4056,"template":"","meta":{"_acf_changed":false},"product_brand":[],"product_cat":[146],"product_tag":[227],"class_list":{"0":"post-4055","1":"product","2":"type-product","3":"status-publish","4":"has-post-thumbnail","6":"product_cat-lanyard","7":"product_tag-lanyard","9":"first","10":"instock","11":"shipping-taxable","12":"product-type-simple"},"acf":[],"_links":{"self":[{"href":"https:\/\/xindasafety.com\/pt_br\/wp-json\/wp\/v2\/product\/4055","targetHints":{"allow":["GET"]}}],"collection":[{"href":"https:\/\/xindasafety.com\/pt_br\/wp-json\/wp\/v2\/product"}],"about":[{"href":"https:\/\/xindasafety.com\/pt_br\/wp-json\/wp\/v2\/types\/product"}],"version-history":[{"count":2,"href":"https:\/\/xindasafety.com\/pt_br\/wp-json\/wp\/v2\/product\/4055\/revisions"}],"predecessor-version":[{"id":6801,"href":"https:\/\/xindasafety.com\/pt_br\/wp-json\/wp\/v2\/product\/4055\/revisions\/6801"}],"wp:featuredmedia":[{"embeddable":true,"href":"https:\/\/xindasafety.com\/pt_br\/wp-json\/wp\/v2\/media\/4056"}],"wp:attachment":[{"href":"https:\/\/xindasafety.com\/pt_br\/wp-json\/wp\/v2\/media?parent=4055"}],"wp:term":[{"taxonomy":"product_brand","embeddable":true,"href":"https:\/\/xindasafety.com\/pt_br\/wp-json\/wp\/v2\/product_brand?post=4055"},{"taxonomy":"product_cat","embeddable":true,"href":"https:\/\/xindasafety.com\/pt_br\/wp-json\/wp\/v2\/product_cat?post=4055"},{"taxonomy":"product_tag","embeddable":true,"href":"https:\/\/xindasafety.com\/pt_br\/wp-json\/wp\/v2\/product_tag?post=4055"}],"curies":[{"name":"wp","href":"https:\/\/api.w.org\/{rel}","templated":true}]}}