{"id":3943,"date":"2025-08-25T07:43:23","date_gmt":"2025-08-25T07:43:23","guid":{"rendered":"https:\/\/xindasafety.com\/?post_type=product&#038;p=3943"},"modified":"2026-04-18T05:54:22","modified_gmt":"2026-04-18T05:54:22","slug":"arnes-de-seguranca-de-corpo-inteiro-a5","status":"publish","type":"product","link":"https:\/\/xindasafety.com\/pt_br\/product\/full-body-safety-harness-a5\/","title":{"rendered":"HH9586"},"content":{"rendered":"<p data-start=\"54\" data-end=\"321\"><strong data-start=\"54\" data-end=\"71\">Nome do produto:<\/strong> Arn\u00eas de seguran\u00e7a de corpo inteiro - A5<br data-start=\"101\" data-end=\"104\" \/><strong data-start=\"104\" data-end=\"114\">Marca:<\/strong> Xinda<br data-start=\"120\" data-end=\"123\" \/><strong data-start=\"123\" data-end=\"149\">Especifica\u00e7\u00e3o da cinta:<\/strong> Largura 45 mm, Espessura 1,95 mm<br data-start=\"180\" data-end=\"183\" \/><strong data-start=\"183\" data-end=\"196\">Material:<\/strong> Revestimento de alta resist\u00eancia, liga de alum\u00ednio, espuma de alta densidade, liga de a\u00e7o, etc.<br data-start=\"272\" data-end=\"275\" \/><strong data-start=\"275\" data-end=\"288\" data-is-only-node=\"\">Padr\u00e3o:<\/strong> XF494-2023<br data-start=\"299\" data-end=\"302\" \/><strong data-start=\"302\" data-end=\"313\">Origem:<\/strong> China<\/p>\n<p data-start=\"323\" data-end=\"340\"><strong data-start=\"323\" data-end=\"338\">Tabela de tamanhos:<\/strong><\/p>\n<ul data-start=\"341\" data-end=\"466\">\n<li data-start=\"341\" data-end=\"403\">\n<p data-start=\"343\" data-end=\"403\"><strong data-start=\"343\" data-end=\"349\">M:<\/strong> Cintura 80-118 cm, Peso 50-80 kg, Altura 165-185 cm<\/p>\n<\/li>\n<li data-start=\"404\" data-end=\"466\">\n<p data-start=\"406\" data-end=\"466\"><strong data-start=\"406\" data-end=\"412\">L:<\/strong> Cintura 94-130 cm, Peso 60-90 kg, Altura 170-190 cm<\/p>\n<\/li>\n<\/ul>\n<p data-start=\"468\" data-end=\"503\"><strong data-start=\"468\" data-end=\"479\">Peso:<\/strong> M: 2310 g \/ L: 2410 g<\/p>\n<p data-start=\"505\" data-end=\"620\"><strong data-start=\"505\" data-end=\"527\">Escopo do aplicativo:<\/strong> Montanhismo, treinamento de expans\u00e3o, resgate, trabalho a\u00e9reo, prote\u00e7\u00e3o contra quedas, rapel etc.<\/p>","protected":false},"excerpt":{"rendered":"<p>Arn\u00eas de Seguran\u00e7a de Corpo Inteiro Xinda 3\u00aa Gera\u00e7\u00e3o H-Series A5 Tiger Max com Ascensores de Peito Duplos Destac\u00e1veis para Montanhismo, Escalada em Rocha e Trabalho A\u00e9reo<\/p>","protected":false},"featured_media":3937,"template":"","meta":{"_acf_changed":false},"product_brand":[],"product_cat":[116],"product_tag":[79,80],"class_list":{"0":"post-3943","1":"product","2":"type-product","3":"status-publish","4":"has-post-thumbnail","6":"product_cat-harness-gen3","7":"product_tag-full-body-safty-harness","8":"product_tag-harness","10":"first","11":"instock","12":"shipping-taxable","13":"product-type-variable"},"acf":[],"_links":{"self":[{"href":"https:\/\/xindasafety.com\/pt_br\/wp-json\/wp\/v2\/product\/3943","targetHints":{"allow":["GET"]}}],"collection":[{"href":"https:\/\/xindasafety.com\/pt_br\/wp-json\/wp\/v2\/product"}],"about":[{"href":"https:\/\/xindasafety.com\/pt_br\/wp-json\/wp\/v2\/types\/product"}],"version-history":[{"count":3,"href":"https:\/\/xindasafety.com\/pt_br\/wp-json\/wp\/v2\/product\/3943\/revisions"}],"predecessor-version":[{"id":7057,"href":"https:\/\/xindasafety.com\/pt_br\/wp-json\/wp\/v2\/product\/3943\/revisions\/7057"}],"wp:featuredmedia":[{"embeddable":true,"href":"https:\/\/xindasafety.com\/pt_br\/wp-json\/wp\/v2\/media\/3937"}],"wp:attachment":[{"href":"https:\/\/xindasafety.com\/pt_br\/wp-json\/wp\/v2\/media?parent=3943"}],"wp:term":[{"taxonomy":"product_brand","embeddable":true,"href":"https:\/\/xindasafety.com\/pt_br\/wp-json\/wp\/v2\/product_brand?post=3943"},{"taxonomy":"product_cat","embeddable":true,"href":"https:\/\/xindasafety.com\/pt_br\/wp-json\/wp\/v2\/product_cat?post=3943"},{"taxonomy":"product_tag","embeddable":true,"href":"https:\/\/xindasafety.com\/pt_br\/wp-json\/wp\/v2\/product_tag?post=3943"}],"curies":[{"name":"wp","href":"https:\/\/api.w.org\/{rel}","templated":true}]}}