{"id":3867,"date":"2025-10-06T06:51:10","date_gmt":"2025-10-06T06:51:10","guid":{"rendered":"https:\/\/xindasafety.com\/?post_type=product&#038;p=3867"},"modified":"2026-04-22T02:07:37","modified_gmt":"2026-04-22T02:07:37","slug":"trava-quedas-h9","status":"publish","type":"product","link":"https:\/\/xindasafety.com\/pt_br\/product\/h9-fall-arrester\/","title":{"rendered":"HHZSQ06"},"content":{"rendered":"<p data-start=\"77\" data-end=\"276\"><strong data-start=\"77\" data-end=\"94\">Nome do produto:<\/strong> Conjunto de trava-quedas de dentes redondos H9 Dragon<br data-start=\"134\" data-end=\"137\" \/><strong data-start=\"137\" data-end=\"147\">Marca:<\/strong> Xinda<br data-start=\"153\" data-end=\"156\" \/><strong data-start=\"156\" data-end=\"170\">Modelo n\u00ba:<\/strong> HH-ZSQ06<br data-start=\"179\" data-end=\"182\" \/><strong data-start=\"182\" data-end=\"195\">Material:<\/strong> Alum\u00ednio de alta resist\u00eancia + liga de a\u00e7o<br data-start=\"232\" data-end=\"235\" \/><strong data-start=\"235\" data-end=\"264\">Di\u00e2metro do cabo aplic\u00e1vel:<\/strong> \u00d810-12 mm<\/p>\n<p data-start=\"278\" data-end=\"295\"><strong data-start=\"278\" data-end=\"293\">Carga nominal:<\/strong><\/p>\n<ul data-start=\"296\" data-end=\"365\">\n<li data-start=\"296\" data-end=\"324\">\n<p data-start=\"298\" data-end=\"324\">Trava-quedas: 58-140 kg<\/p>\n<\/li>\n<li data-start=\"325\" data-end=\"365\">\n<p data-start=\"327\" data-end=\"365\">Absorvedor de energia: For\u00e7a de impacto &lt; 6 kN<\/p>\n<\/li>\n<\/ul>\n<p data-start=\"367\" data-end=\"414\"><strong data-start=\"367\" data-end=\"380\">Padr\u00e3o:<\/strong> XF494-2023, EN353-2:2002,EN355:2002<\/p>\n<p data-start=\"416\" data-end=\"429\"><strong data-start=\"416\" data-end=\"427\">Peso:<\/strong><\/p>\n<ul data-start=\"430\" data-end=\"534\">\n<li data-start=\"430\" data-end=\"454\">\n<p data-start=\"432\" data-end=\"454\">Trava-quedas: 400 g<\/p>\n<\/li>\n<li data-start=\"455\" data-end=\"483\">\n<p data-start=\"457\" data-end=\"483\">Mosquet\u00e3o em forma de O: 64 g<\/p>\n<\/li>\n<li data-start=\"484\" data-end=\"534\">\n<p data-start=\"486\" data-end=\"534\">Absorvedor de energia: 30 cm - 138 g \/ 40 cm - 168 g<\/p>\n<\/li>\n<\/ul>\n<p data-start=\"536\" data-end=\"558\"><strong data-start=\"536\" data-end=\"545\">Tamanho:<\/strong> 93 \u00d7 43 mm<\/p>\n<p data-start=\"560\" data-end=\"685\"><strong data-start=\"560\" data-end=\"582\">Escopo do aplicativo:<\/strong> Engenharia el\u00e9trica, instala\u00e7\u00e3o em alta altitude, limpeza de paredes externas, sistemas de energia e\u00f3lica, etc.<\/p>","protected":false},"excerpt":{"rendered":"<p>Trava-quedas de dente redondo Dragon de 3\u00aa gera\u00e7\u00e3o da s\u00e9rie H da Xinda com absorvedor de energia e conjunto de mosquet\u00f5es - Dispositivo de prote\u00e7\u00e3o de seguran\u00e7a em altura<\/p>","protected":false},"featured_media":3868,"template":"","meta":{"_acf_changed":false},"product_brand":[],"product_cat":[110],"product_tag":[202],"class_list":{"0":"post-3867","1":"product","2":"type-product","3":"status-publish","4":"has-post-thumbnail","6":"product_cat-full-arrestor-gen3","7":"product_tag-fall-arrester","9":"first","10":"instock","11":"shipping-taxable","12":"product-type-simple"},"acf":[],"_links":{"self":[{"href":"https:\/\/xindasafety.com\/pt_br\/wp-json\/wp\/v2\/product\/3867","targetHints":{"allow":["GET"]}}],"collection":[{"href":"https:\/\/xindasafety.com\/pt_br\/wp-json\/wp\/v2\/product"}],"about":[{"href":"https:\/\/xindasafety.com\/pt_br\/wp-json\/wp\/v2\/types\/product"}],"version-history":[{"count":9,"href":"https:\/\/xindasafety.com\/pt_br\/wp-json\/wp\/v2\/product\/3867\/revisions"}],"predecessor-version":[{"id":7366,"href":"https:\/\/xindasafety.com\/pt_br\/wp-json\/wp\/v2\/product\/3867\/revisions\/7366"}],"wp:featuredmedia":[{"embeddable":true,"href":"https:\/\/xindasafety.com\/pt_br\/wp-json\/wp\/v2\/media\/3868"}],"wp:attachment":[{"href":"https:\/\/xindasafety.com\/pt_br\/wp-json\/wp\/v2\/media?parent=3867"}],"wp:term":[{"taxonomy":"product_brand","embeddable":true,"href":"https:\/\/xindasafety.com\/pt_br\/wp-json\/wp\/v2\/product_brand?post=3867"},{"taxonomy":"product_cat","embeddable":true,"href":"https:\/\/xindasafety.com\/pt_br\/wp-json\/wp\/v2\/product_cat?post=3867"},{"taxonomy":"product_tag","embeddable":true,"href":"https:\/\/xindasafety.com\/pt_br\/wp-json\/wp\/v2\/product_tag?post=3867"}],"curies":[{"name":"wp","href":"https:\/\/api.w.org\/{rel}","templated":true}]}}