{"id":3861,"date":"2025-10-06T06:41:10","date_gmt":"2025-10-06T06:41:10","guid":{"rendered":"https:\/\/xindasafety.com\/?post_type=product&#038;p=3861"},"modified":"2026-01-18T08:09:21","modified_gmt":"2026-01-18T08:09:21","slug":"descendente-h5","status":"publish","type":"product","link":"https:\/\/xindasafety.com\/pt_br\/product\/h5-descender\/","title":{"rendered":"HH8636"},"content":{"rendered":"<p data-start=\"68\" data-end=\"331\"><strong data-start=\"68\" data-end=\"85\">Nome do produto:<\/strong> Descensor H5 (3\u00aa gera\u00e7\u00e3o da s\u00e9rie H)<br data-start=\"117\" data-end=\"120\" \/><strong data-start=\"120\" data-end=\"130\">Marca:<\/strong> Xinda<br data-start=\"136\" data-end=\"139\" \/><strong data-start=\"139\" data-end=\"153\">Modelo n\u00ba:<\/strong> HH-8636<br data-start=\"161\" data-end=\"164\" \/><strong data-start=\"164\" data-end=\"177\">Material:<\/strong> Alum\u00ednio de alta resist\u00eancia + a\u00e7o inoxid\u00e1vel<br data-start=\"218\" data-end=\"221\" \/><strong data-start=\"221\" data-end=\"254\">Carga de ruptura \/ carga de trabalho:<\/strong> Simples: 150 kg | Duplo: 200 kg<br data-start=\"286\" data-end=\"289\" data-is-only-node=\"\" \/><strong data-start=\"289\" data-end=\"318\">Di\u00e2metro do cabo aplic\u00e1vel:<\/strong> \u00d8 10-12 mm<\/p>\n<p data-start=\"333\" data-end=\"346\"><strong data-start=\"333\" data-end=\"344\">Peso:<\/strong><\/p>\n<ul data-start=\"347\" data-end=\"432\">\n<li data-start=\"347\" data-end=\"386\">\n<p data-start=\"349\" data-end=\"386\">Vers\u00e3o esportiva do H5: aprox. <strong data-start=\"375\" data-end=\"384\">529 g<\/strong><\/p>\n<\/li>\n<li data-start=\"387\" data-end=\"432\">\n<p data-start=\"389\" data-end=\"432\">Vers\u00e3o H5+ Anti-Panic: aprox. <strong data-start=\"421\" data-end=\"430\">525 g<\/strong><\/p>\n<\/li>\n<\/ul>\n<p data-start=\"434\" data-end=\"483\"><strong data-start=\"434\" data-end=\"447\">Padr\u00e3o:<\/strong> XF494-2023, CE1019 EN12841:2006\/C<\/p>\n<p data-start=\"485\" data-end=\"512\"><strong data-start=\"485\" data-end=\"494\">Tamanho:<\/strong> 12 \u00d7 8 \u00d7 5,5 cm<\/p>\n<p data-start=\"514\" data-end=\"688\"><strong data-start=\"514\" data-end=\"536\">Escopo do aplicativo:<\/strong> Montanhismo ao ar livre, Escalada em rocha, Espeleologia, Treinamento de expans\u00e3o, Resgate, Trabalho a\u00e9reo, Prote\u00e7\u00e3o contra quedas, Prote\u00e7\u00e3o de engenharia, Rapel, etc.<\/p>","protected":false},"excerpt":{"rendered":"<p>Dispositivo de descida de rapel externo Xinda H-Series H5 de 3\u00aa gera\u00e7\u00e3o para trabalho a\u00e9reo com controle de descida \u00e0 prova de p\u00e2nico<\/p>","protected":false},"featured_media":3854,"template":"","meta":{"_acf_changed":false},"product_brand":[],"product_cat":[107],"product_tag":[92],"class_list":{"0":"post-3861","1":"product","2":"type-product","3":"status-publish","4":"has-post-thumbnail","6":"product_cat-descender-gen-3","7":"product_tag-descender","9":"first","10":"instock","11":"shipping-taxable","12":"product-type-variable"},"acf":[],"_links":{"self":[{"href":"https:\/\/xindasafety.com\/pt_br\/wp-json\/wp\/v2\/product\/3861","targetHints":{"allow":["GET"]}}],"collection":[{"href":"https:\/\/xindasafety.com\/pt_br\/wp-json\/wp\/v2\/product"}],"about":[{"href":"https:\/\/xindasafety.com\/pt_br\/wp-json\/wp\/v2\/types\/product"}],"version-history":[{"count":4,"href":"https:\/\/xindasafety.com\/pt_br\/wp-json\/wp\/v2\/product\/3861\/revisions"}],"predecessor-version":[{"id":6726,"href":"https:\/\/xindasafety.com\/pt_br\/wp-json\/wp\/v2\/product\/3861\/revisions\/6726"}],"wp:featuredmedia":[{"embeddable":true,"href":"https:\/\/xindasafety.com\/pt_br\/wp-json\/wp\/v2\/media\/3854"}],"wp:attachment":[{"href":"https:\/\/xindasafety.com\/pt_br\/wp-json\/wp\/v2\/media?parent=3861"}],"wp:term":[{"taxonomy":"product_brand","embeddable":true,"href":"https:\/\/xindasafety.com\/pt_br\/wp-json\/wp\/v2\/product_brand?post=3861"},{"taxonomy":"product_cat","embeddable":true,"href":"https:\/\/xindasafety.com\/pt_br\/wp-json\/wp\/v2\/product_cat?post=3861"},{"taxonomy":"product_tag","embeddable":true,"href":"https:\/\/xindasafety.com\/pt_br\/wp-json\/wp\/v2\/product_tag?post=3861"}],"curies":[{"name":"wp","href":"https:\/\/api.w.org\/{rel}","templated":true}]}}