{"id":3837,"date":"2025-08-25T06:21:43","date_gmt":"2025-08-25T06:21:43","guid":{"rendered":"https:\/\/xindasafety.com\/?post_type=product&#038;p=3837"},"modified":"2026-01-18T08:56:33","modified_gmt":"2026-01-18T08:56:33","slug":"mosquetao-de-aco-meio-redondo-com-trava-automatica-tripla","status":"publish","type":"product","link":"https:\/\/xindasafety.com\/pt_br\/product\/half-round-steel-carabiner-with-triple-auto-lock\/","title":{"rendered":"HH9783TNS"},"content":{"rendered":"<p data-start=\"76\" data-end=\"232\"><strong data-start=\"193\" data-end=\"210\">Nome do produto:<\/strong> Mosquet\u00e3o de a\u00e7o com trava autom\u00e1tica tripla<br data-start=\"243\" data-end=\"246\" \/><strong data-start=\"246\" data-end=\"256\">Marca:<\/strong> Xinda<br data-start=\"262\" data-end=\"265\" \/><strong data-start=\"265\" data-end=\"279\">Modelo n\u00ba:<\/strong> HH-9783<br data-start=\"287\" data-end=\"290\" data-is-only-node=\"\" \/><strong data-start=\"290\" data-end=\"303\">Material:<\/strong> A\u00e7o + liga de alum\u00ednio<br data-start=\"326\" data-end=\"329\" \/><strong data-start=\"329\" data-end=\"347\">Carga de ruptura:<\/strong><br data-start=\"347\" data-end=\"350\" \/>\u00a0\u00a0\u00a0\u00a0- Eixo principal: 30 kN<br data-start=\"393\" data-end=\"396\" \/>\u00a0\u00a0\u00a0\u00a0- Eixo menor: 30 kN<br data-start=\"439\" data-end=\"442\" \/>\u00a0\u00a0\u00a0\u00a0- Port\u00e3o aberto: 15 kN<br data-start=\"484\" data-end=\"487\" \/>\u00a0\u00a0\u00a0\u00a0- Carga transversal: 7 kN<br data-start=\"529\" data-end=\"532\" \/><strong data-start=\"532\" data-end=\"549\">Abertura do port\u00e3o:<\/strong> \u2264 22 mm<br data-start=\"557\" data-end=\"560\" \/><strong data-start=\"560\" data-end=\"571\">Peso:<\/strong> 192 g<br data-start=\"577\" data-end=\"580\" \/><strong data-start=\"580\" data-end=\"593\">Padr\u00e3o:<\/strong> XF 494-2023<br data-start=\"605\" data-end=\"608\" \/><strong data-start=\"608\" data-end=\"630\">Escopo do aplicativo:<\/strong> Montanhismo, espeleologia, escalada em rocha, treinamento de expans\u00e3o, resgate, trabalho a\u00e9reo, prote\u00e7\u00e3o contra quedas, rapel etc.<\/p>","protected":false},"excerpt":{"rendered":"<p>Mosquet\u00e3o de a\u00e7o com trava autom\u00e1tica tripla da s\u00e9rie H de terceira gera\u00e7\u00e3o da Xinda para montanhismo ao ar livre, escalada em rocha, espeleologia e seguran\u00e7a de suporte de carga<\/p>","protected":false},"featured_media":3838,"template":"","meta":{"_acf_changed":false},"product_brand":[],"product_cat":[104],"product_tag":[69],"class_list":{"0":"post-3837","1":"product","2":"type-product","3":"status-publish","4":"has-post-thumbnail","6":"product_cat-carabiner-generation-3-carabiner","7":"product_tag-carabiner","9":"first","10":"instock","11":"shipping-taxable","12":"product-type-simple"},"acf":[],"_links":{"self":[{"href":"https:\/\/xindasafety.com\/pt_br\/wp-json\/wp\/v2\/product\/3837","targetHints":{"allow":["GET"]}}],"collection":[{"href":"https:\/\/xindasafety.com\/pt_br\/wp-json\/wp\/v2\/product"}],"about":[{"href":"https:\/\/xindasafety.com\/pt_br\/wp-json\/wp\/v2\/types\/product"}],"version-history":[{"count":2,"href":"https:\/\/xindasafety.com\/pt_br\/wp-json\/wp\/v2\/product\/3837\/revisions"}],"predecessor-version":[{"id":6797,"href":"https:\/\/xindasafety.com\/pt_br\/wp-json\/wp\/v2\/product\/3837\/revisions\/6797"}],"wp:featuredmedia":[{"embeddable":true,"href":"https:\/\/xindasafety.com\/pt_br\/wp-json\/wp\/v2\/media\/3838"}],"wp:attachment":[{"href":"https:\/\/xindasafety.com\/pt_br\/wp-json\/wp\/v2\/media?parent=3837"}],"wp:term":[{"taxonomy":"product_brand","embeddable":true,"href":"https:\/\/xindasafety.com\/pt_br\/wp-json\/wp\/v2\/product_brand?post=3837"},{"taxonomy":"product_cat","embeddable":true,"href":"https:\/\/xindasafety.com\/pt_br\/wp-json\/wp\/v2\/product_cat?post=3837"},{"taxonomy":"product_tag","embeddable":true,"href":"https:\/\/xindasafety.com\/pt_br\/wp-json\/wp\/v2\/product_tag?post=3837"}],"curies":[{"name":"wp","href":"https:\/\/api.w.org\/{rel}","templated":true}]}}