{"id":3776,"date":"2025-08-25T05:32:00","date_gmt":"2025-08-25T05:32:00","guid":{"rendered":"https:\/\/xindasafety.com\/?post_type=product&#038;p=3776"},"modified":"2026-01-18T08:56:19","modified_gmt":"2026-01-18T08:56:19","slug":"roda-giratoria","status":"publish","type":"product","link":"https:\/\/xindasafety.com\/pt_br\/product\/swivel-wheel\/","title":{"rendered":"HHXZH9M"},"content":{"rendered":"<p><strong data-start=\"36\" data-end=\"53\">Nome do produto:<\/strong> Polia girat\u00f3ria de terceira gera\u00e7\u00e3o<br data-start=\"82\" data-end=\"85\" \/><strong data-start=\"85\" data-end=\"95\">Marca:<\/strong> Xinda<br data-start=\"101\" data-end=\"104\" \/><strong data-start=\"104\" data-end=\"118\" data-is-only-node=\"\">Modelo n\u00ba:<\/strong> HH-XZH9M<br data-start=\"127\" data-end=\"130\" \/><strong data-start=\"130\" data-end=\"143\">Material:<\/strong> Alum\u00ednio de alta resist\u00eancia + a\u00e7o inoxid\u00e1vel<br data-start=\"184\" data-end=\"187\" \/><strong data-start=\"187\" data-end=\"205\">Carga de ruptura:<\/strong> 30 kN<br data-start=\"211\" data-end=\"214\" \/><strong data-start=\"214\" data-end=\"225\">Origem:<\/strong> China<br data-start=\"231\" data-end=\"234\" \/><strong data-start=\"234\" data-end=\"245\">Peso:<\/strong> 83 g<br data-start=\"250\" data-end=\"253\" \/><strong data-start=\"253\" data-end=\"262\">Tamanho:<\/strong> 8,9 \u00d7 4,38 \u00d7 2,5 cm<br data-start=\"282\" data-end=\"285\" \/><strong data-start=\"285\" data-end=\"298\">Padr\u00e3o:<\/strong> XF 494-2023<br data-start=\"310\" data-end=\"313\" \/><strong data-start=\"313\" data-end=\"335\">Escopo do aplicativo:<\/strong> Escalada em rocha, treinamento em rede de ioga, trabalho a\u00e9reo, etc.<\/p>","protected":false},"excerpt":{"rendered":"<p>Xinda 3rd Generation H-Series Swivel Pulley - Polia girat\u00f3ria de 360\u00b0 para montanhismo, travessia, trabalho a\u00e9reo, resgate, carga pesada e prote\u00e7\u00e3o antitor\u00e7\u00e3o<\/p>","protected":false},"featured_media":3781,"template":"","meta":{"_acf_changed":false},"product_brand":[],"product_cat":[128],"product_tag":[169],"class_list":{"0":"post-3776","1":"product","2":"type-product","3":"status-publish","4":"has-post-thumbnail","6":"product_cat-pulley-gen3","7":"product_tag-pulley","9":"first","10":"instock","11":"shipping-taxable","12":"product-type-simple"},"acf":[],"_links":{"self":[{"href":"https:\/\/xindasafety.com\/pt_br\/wp-json\/wp\/v2\/product\/3776","targetHints":{"allow":["GET"]}}],"collection":[{"href":"https:\/\/xindasafety.com\/pt_br\/wp-json\/wp\/v2\/product"}],"about":[{"href":"https:\/\/xindasafety.com\/pt_br\/wp-json\/wp\/v2\/types\/product"}],"version-history":[{"count":2,"href":"https:\/\/xindasafety.com\/pt_br\/wp-json\/wp\/v2\/product\/3776\/revisions"}],"predecessor-version":[{"id":6795,"href":"https:\/\/xindasafety.com\/pt_br\/wp-json\/wp\/v2\/product\/3776\/revisions\/6795"}],"wp:featuredmedia":[{"embeddable":true,"href":"https:\/\/xindasafety.com\/pt_br\/wp-json\/wp\/v2\/media\/3781"}],"wp:attachment":[{"href":"https:\/\/xindasafety.com\/pt_br\/wp-json\/wp\/v2\/media?parent=3776"}],"wp:term":[{"taxonomy":"product_brand","embeddable":true,"href":"https:\/\/xindasafety.com\/pt_br\/wp-json\/wp\/v2\/product_brand?post=3776"},{"taxonomy":"product_cat","embeddable":true,"href":"https:\/\/xindasafety.com\/pt_br\/wp-json\/wp\/v2\/product_cat?post=3776"},{"taxonomy":"product_tag","embeddable":true,"href":"https:\/\/xindasafety.com\/pt_br\/wp-json\/wp\/v2\/product_tag?post=3776"}],"curies":[{"name":"wp","href":"https:\/\/api.w.org\/{rel}","templated":true}]}}