{"id":3731,"date":"2025-08-25T04:08:44","date_gmt":"2025-08-25T04:08:44","guid":{"rendered":"https:\/\/xindasafety.com\/?post_type=product&#038;p=3731"},"modified":"2026-01-19T05:47:13","modified_gmt":"2026-01-19T05:47:13","slug":"protetor-de-corda","status":"publish","type":"product","link":"https:\/\/xindasafety.com\/pt_br\/product\/rope-protector\/","title":{"rendered":"XDQ9562"},"content":{"rendered":"<p data-start=\"47\" data-end=\"166\"><strong data-start=\"47\" data-end=\"64\">Nome do produto:<\/strong> Protetor de corda<br data-start=\"79\" data-end=\"82\" \/><strong data-start=\"82\" data-end=\"92\">Marca:<\/strong> Xinda<br data-start=\"98\" data-end=\"101\" \/><strong data-start=\"101\" data-end=\"115\">Modelo n\u00ba:<\/strong> XD-Q9562<br data-start=\"124\" data-end=\"127\" \/><strong data-start=\"127\" data-end=\"140\">Material:<\/strong> Tecido de malha de PVC, velcro<\/p>\n<p data-start=\"168\" data-end=\"213\"><strong data-start=\"168\" data-end=\"211\">Especifica\u00e7\u00f5es (protetor de corda \u00fanica):<\/strong><\/p>\n<ul data-start=\"214\" data-end=\"317\">\n<li data-start=\"214\" data-end=\"230\">\n<p data-start=\"216\" data-end=\"230\">Largura: 11 cm<\/p>\n<\/li>\n<li data-start=\"231\" data-end=\"266\">\n<p data-start=\"233\" data-end=\"266\">Op\u00e7\u00f5es de comprimento: 50 \/ 70 \/ 95 cm<\/p>\n<\/li>\n<li data-start=\"267\" data-end=\"299\">\n<p data-start=\"269\" data-end=\"299\">Peso: 79 g \/ 110 g \/ 150 g<\/p>\n<\/li>\n<li data-start=\"300\" data-end=\"317\">\n<p data-start=\"302\" data-end=\"317\">Tecido: 1000D<\/p>\n<\/li>\n<\/ul>\n<p data-start=\"319\" data-end=\"364\"><strong data-start=\"319\" data-end=\"362\">Especifica\u00e7\u00f5es (protetor de corda duplo):<\/strong><\/p>\n<ul data-start=\"365\" data-end=\"453\">\n<li data-start=\"365\" data-end=\"381\">\n<p data-start=\"367\" data-end=\"381\">Largura: 14 cm<\/p>\n<\/li>\n<li data-start=\"382\" data-end=\"412\">\n<p data-start=\"384\" data-end=\"412\">Op\u00e7\u00f5es de comprimento: 35 \/ 50 cm<\/p>\n<\/li>\n<li data-start=\"413\" data-end=\"436\">\n<p data-start=\"415\" data-end=\"436\">Peso: 63 g \/ 88 g<\/p>\n<\/li>\n<li data-start=\"437\" data-end=\"453\">\n<p data-start=\"439\" data-end=\"453\">Tecido: 600D<\/p>\n<\/li>\n<\/ul>\n<p data-start=\"455\" data-end=\"593\"><strong data-start=\"455\" data-end=\"477\">Escopo do aplicativo:<\/strong> Escalada ao ar livre, montanhismo, canyoning, acesso por corda, prote\u00e7\u00e3o contra quedas, prote\u00e7\u00e3o contra abras\u00e3o de corda, resgate, etc.<\/p>","protected":false},"excerpt":{"rendered":"<p>Xinda Rope Protector - Protetor de corda para escalada ao ar livre, manga de corda, dispositivo de prote\u00e7\u00e3o de corda, capa de corda antiabras\u00e3o<\/p>","protected":false},"featured_media":3723,"template":"","meta":{"_acf_changed":false},"product_brand":[],"product_cat":[68],"product_tag":[],"class_list":{"0":"post-3731","1":"product","2":"type-product","3":"status-publish","4":"has-post-thumbnail","6":"product_cat-auxiliary-tools","8":"first","9":"instock","10":"shipping-taxable","11":"product-type-variable"},"acf":[],"_links":{"self":[{"href":"https:\/\/xindasafety.com\/pt_br\/wp-json\/wp\/v2\/product\/3731","targetHints":{"allow":["GET"]}}],"collection":[{"href":"https:\/\/xindasafety.com\/pt_br\/wp-json\/wp\/v2\/product"}],"about":[{"href":"https:\/\/xindasafety.com\/pt_br\/wp-json\/wp\/v2\/types\/product"}],"version-history":[{"count":2,"href":"https:\/\/xindasafety.com\/pt_br\/wp-json\/wp\/v2\/product\/3731\/revisions"}],"predecessor-version":[{"id":6906,"href":"https:\/\/xindasafety.com\/pt_br\/wp-json\/wp\/v2\/product\/3731\/revisions\/6906"}],"wp:featuredmedia":[{"embeddable":true,"href":"https:\/\/xindasafety.com\/pt_br\/wp-json\/wp\/v2\/media\/3723"}],"wp:attachment":[{"href":"https:\/\/xindasafety.com\/pt_br\/wp-json\/wp\/v2\/media?parent=3731"}],"wp:term":[{"taxonomy":"product_brand","embeddable":true,"href":"https:\/\/xindasafety.com\/pt_br\/wp-json\/wp\/v2\/product_brand?post=3731"},{"taxonomy":"product_cat","embeddable":true,"href":"https:\/\/xindasafety.com\/pt_br\/wp-json\/wp\/v2\/product_cat?post=3731"},{"taxonomy":"product_tag","embeddable":true,"href":"https:\/\/xindasafety.com\/pt_br\/wp-json\/wp\/v2\/product_tag?post=3731"}],"curies":[{"name":"wp","href":"https:\/\/api.w.org\/{rel}","templated":true}]}}