{"id":3721,"date":"2025-08-25T03:56:34","date_gmt":"2025-08-25T03:56:34","guid":{"rendered":"https:\/\/xindasafety.com\/?post_type=product&#038;p=3721"},"modified":"2026-04-21T02:24:43","modified_gmt":"2026-04-21T02:24:43","slug":"descensor-h5pro","status":"publish","type":"product","link":"https:\/\/xindasafety.com\/pt_br\/product\/h5pro-descender\/","title":{"rendered":"HH8636JYBHB"},"content":{"rendered":"<p><strong data-start=\"51\" data-end=\"68\">Nome do produto:<\/strong> Descensor H5 PRO Rescue Edition<br data-start=\"100\" data-end=\"103\" \/><strong data-start=\"103\" data-end=\"113\">Marca:<\/strong> Xinda<br data-start=\"119\" data-end=\"122\" \/><strong data-start=\"122\" data-end=\"136\" data-is-only-node=\"\">Modelo n\u00ba:<\/strong> HH-8636<br data-start=\"144\" data-end=\"147\" \/><strong data-start=\"147\" data-end=\"160\">Material:<\/strong> Alum\u00ednio de alta resist\u00eancia + a\u00e7o inoxid\u00e1vel<br data-start=\"201\" data-end=\"204\" \/><strong data-start=\"204\" data-end=\"221\">Carga de trabalho:<\/strong> Simples 150 kg \/ Duplo 200 kg<br data-start=\"251\" data-end=\"254\" \/><strong data-start=\"254\" data-end=\"275\">Padr\u00e3o do produto:<\/strong> XF494-2023; CE1019 EN12841:2006\/C<br data-start=\"309\" data-end=\"312\" \/><strong data-start=\"312\" data-end=\"341\">Di\u00e2metro do cabo compat\u00edvel:<\/strong> 10-12 mm<br data-start=\"350\" data-end=\"353\" \/><strong data-start=\"353\" data-end=\"364\">Peso:<\/strong> H5 PRO Rescue Edition 565 \u00b1 5 g<br data-start=\"396\" data-end=\"399\" \/><strong data-start=\"399\" data-end=\"421\">Escopo do aplicativo:<\/strong> Montanhismo ao ar livre, escalada em rocha, espeleologia de aventura, rapel, resgate, trabalho a\u00e9reo, seguran\u00e7a na constru\u00e7\u00e3o, etc.<\/p>","protected":false},"excerpt":{"rendered":"<p>Xinda 3rd Generation H-Series H5 PRO Rescue Edition Stop Descender - Dispositivo de rapel com controle manual antip\u00e2nico para escalada e rapel<\/p>","protected":false},"featured_media":3716,"template":"","meta":{"_acf_changed":false},"product_brand":[],"product_cat":[107],"product_tag":[92],"class_list":{"0":"post-3721","1":"product","2":"type-product","3":"status-publish","4":"has-post-thumbnail","6":"product_cat-descender-gen-3","7":"product_tag-descender","9":"first","10":"instock","11":"shipping-taxable","12":"product-type-simple"},"acf":[],"_links":{"self":[{"href":"https:\/\/xindasafety.com\/pt_br\/wp-json\/wp\/v2\/product\/3721","targetHints":{"allow":["GET"]}}],"collection":[{"href":"https:\/\/xindasafety.com\/pt_br\/wp-json\/wp\/v2\/product"}],"about":[{"href":"https:\/\/xindasafety.com\/pt_br\/wp-json\/wp\/v2\/types\/product"}],"version-history":[{"count":4,"href":"https:\/\/xindasafety.com\/pt_br\/wp-json\/wp\/v2\/product\/3721\/revisions"}],"predecessor-version":[{"id":7268,"href":"https:\/\/xindasafety.com\/pt_br\/wp-json\/wp\/v2\/product\/3721\/revisions\/7268"}],"wp:featuredmedia":[{"embeddable":true,"href":"https:\/\/xindasafety.com\/pt_br\/wp-json\/wp\/v2\/media\/3716"}],"wp:attachment":[{"href":"https:\/\/xindasafety.com\/pt_br\/wp-json\/wp\/v2\/media?parent=3721"}],"wp:term":[{"taxonomy":"product_brand","embeddable":true,"href":"https:\/\/xindasafety.com\/pt_br\/wp-json\/wp\/v2\/product_brand?post=3721"},{"taxonomy":"product_cat","embeddable":true,"href":"https:\/\/xindasafety.com\/pt_br\/wp-json\/wp\/v2\/product_cat?post=3721"},{"taxonomy":"product_tag","embeddable":true,"href":"https:\/\/xindasafety.com\/pt_br\/wp-json\/wp\/v2\/product_tag?post=3721"}],"curies":[{"name":"wp","href":"https:\/\/api.w.org\/{rel}","templated":true}]}}