{"id":3670,"date":"2025-08-25T00:57:19","date_gmt":"2025-08-25T00:57:19","guid":{"rendered":"https:\/\/xindasafety.com\/?post_type=product&#038;p=3670"},"modified":"2026-04-21T01:30:29","modified_gmt":"2026-04-21T01:30:29","slug":"pu03-polia-simples-pequena","status":"publish","type":"product","link":"https:\/\/xindasafety.com\/pt_br\/product\/pu03-small-single-pulley\/","title":{"rendered":"HHPU03GL"},"content":{"rendered":"<p data-start=\"113\" data-end=\"283\"><strong data-start=\"113\" data-end=\"130\">Nome do produto:<\/strong> Polia \u00fanica pequena de placa lateral<br data-start=\"161\" data-end=\"164\" \/><strong data-start=\"164\" data-end=\"174\">Marca:<\/strong> Xinda<br data-start=\"180\" data-end=\"183\" \/><strong data-start=\"183\" data-end=\"197\">Modelo n\u00ba:<\/strong> HH-PU03<br data-start=\"205\" data-end=\"208\" \/><strong data-start=\"208\" data-end=\"221\">Material:<\/strong> Alum\u00ednio de alta resist\u00eancia + liga de a\u00e7o<br data-start=\"258\" data-end=\"261\" \/><strong data-start=\"261\" data-end=\"281\" data-is-only-node=\"\">Classifica\u00e7\u00e3o de for\u00e7a:<\/strong><\/p>\n<ul data-start=\"284\" data-end=\"331\">\n<li data-start=\"284\" data-end=\"308\">\n<p data-start=\"286\" data-end=\"308\">Carga de ruptura: 23 kN<\/p>\n<\/li>\n<li data-start=\"309\" data-end=\"331\">\n<p data-start=\"311\" data-end=\"331\">Carga de trabalho: 5 kN<\/p>\n<\/li>\n<\/ul>\n<p data-start=\"333\" data-end=\"587\"><strong data-start=\"333\" data-end=\"354\">Padr\u00e3o do produto:<\/strong> XF494-2023<br data-start=\"365\" data-end=\"368\" \/><strong data-start=\"368\" data-end=\"397\">Di\u00e2metro do cabo compat\u00edvel:<\/strong> 7 mm \u2264 \u00d8 \u2264 11 mm<br data-start=\"414\" data-end=\"417\" \/><strong data-start=\"417\" data-end=\"428\">Peso:<\/strong> 66 g<br data-start=\"433\" data-end=\"436\" \/><strong data-start=\"436\" data-end=\"458\">Escopo do aplicativo:<\/strong> Travessia ao ar livre, telef\u00e9rico a\u00e9reo, transporte de carga, escalada em rocha, rapel, treinamento, resgate, i\u00e7amento, sistemas de polias, etc.<\/p>","protected":false},"excerpt":{"rendered":"<p>Xinda Gen3 Bearing-Reinforced Small Single Pulley - Telef\u00e9rico, tirolesa, escalada em rocha, travessia, i\u00e7amento e sistema de polias<\/p>","protected":false},"featured_media":3666,"template":"","meta":{"_acf_changed":false},"product_brand":[],"product_cat":[128],"product_tag":[169],"class_list":{"0":"post-3670","1":"product","2":"type-product","3":"status-publish","4":"has-post-thumbnail","6":"product_cat-pulley-gen3","7":"product_tag-pulley","9":"first","10":"instock","11":"shipping-taxable","12":"product-type-simple"},"acf":[],"_links":{"self":[{"href":"https:\/\/xindasafety.com\/pt_br\/wp-json\/wp\/v2\/product\/3670","targetHints":{"allow":["GET"]}}],"collection":[{"href":"https:\/\/xindasafety.com\/pt_br\/wp-json\/wp\/v2\/product"}],"about":[{"href":"https:\/\/xindasafety.com\/pt_br\/wp-json\/wp\/v2\/types\/product"}],"version-history":[{"count":3,"href":"https:\/\/xindasafety.com\/pt_br\/wp-json\/wp\/v2\/product\/3670\/revisions"}],"predecessor-version":[{"id":7228,"href":"https:\/\/xindasafety.com\/pt_br\/wp-json\/wp\/v2\/product\/3670\/revisions\/7228"}],"wp:featuredmedia":[{"embeddable":true,"href":"https:\/\/xindasafety.com\/pt_br\/wp-json\/wp\/v2\/media\/3666"}],"wp:attachment":[{"href":"https:\/\/xindasafety.com\/pt_br\/wp-json\/wp\/v2\/media?parent=3670"}],"wp:term":[{"taxonomy":"product_brand","embeddable":true,"href":"https:\/\/xindasafety.com\/pt_br\/wp-json\/wp\/v2\/product_brand?post=3670"},{"taxonomy":"product_cat","embeddable":true,"href":"https:\/\/xindasafety.com\/pt_br\/wp-json\/wp\/v2\/product_cat?post=3670"},{"taxonomy":"product_tag","embeddable":true,"href":"https:\/\/xindasafety.com\/pt_br\/wp-json\/wp\/v2\/product_tag?post=3670"}],"curies":[{"name":"wp","href":"https:\/\/api.w.org\/{rel}","templated":true}]}}