{"id":3625,"date":"2025-08-23T08:03:38","date_gmt":"2025-08-23T08:03:38","guid":{"rendered":"https:\/\/xindasafety.com\/?post_type=product&#038;p=3625"},"modified":"2026-04-21T00:55:10","modified_gmt":"2026-04-21T00:55:10","slug":"mosquetao-de-travamento-automatico-em-forma-de-pera","status":"publish","type":"product","link":"https:\/\/xindasafety.com\/pt_br\/product\/pear-shaped-auto-locking-carabiner\/","title":{"rendered":"HH8136TN"},"content":{"rendered":"<p data-start=\"82\" data-end=\"261\"><strong data-start=\"82\" data-end=\"99\">Nome do produto:<\/strong> Mosquet\u00e3o duplo de travamento autom\u00e1tico em forma de pera<br data-start=\"139\" data-end=\"142\" \/><strong data-start=\"142\" data-end=\"152\">Marca:<\/strong> Xinda<br data-start=\"158\" data-end=\"161\" \/><strong data-start=\"161\" data-end=\"175\">Modelo n\u00ba:<\/strong> HH-8136<br data-start=\"183\" data-end=\"186\" \/><strong data-start=\"186\" data-end=\"199\">Material:<\/strong> Alum\u00ednio de alta resist\u00eancia + liga de a\u00e7o<br data-start=\"236\" data-end=\"239\" data-is-only-node=\"\" \/><strong data-start=\"239\" data-end=\"259\">Classifica\u00e7\u00e3o de for\u00e7a:<\/strong><\/p>\n<ul data-start=\"262\" data-end=\"324\">\n<li data-start=\"262\" data-end=\"283\">\n<p data-start=\"264\" data-end=\"283\">Eixo principal: 25 kN<\/p>\n<\/li>\n<li data-start=\"284\" data-end=\"304\">\n<p data-start=\"286\" data-end=\"304\">Eixo menor: 8 kN<\/p>\n<\/li>\n<li data-start=\"305\" data-end=\"324\">\n<p data-start=\"307\" data-end=\"324\">Port\u00e3o aberto: 9 kN<\/p>\n<\/li>\n<\/ul>\n<p data-start=\"326\" data-end=\"406\"><strong data-start=\"326\" data-end=\"347\">Padr\u00e3o do produto:<\/strong> XF494-2023<br data-start=\"358\" data-end=\"361\" \/><strong data-start=\"361\" data-end=\"378\">Abertura do port\u00e3o:<\/strong> \u226430 mm<br data-start=\"385\" data-end=\"388\" \/><strong data-start=\"388\" data-end=\"399\">Peso:<\/strong> 90 g<\/p>\n<p data-start=\"408\" data-end=\"544\"><strong data-start=\"408\" data-end=\"430\">Escopo do aplicativo:<\/strong> Montanhismo, espeleologia, escalada em rocha, treinamento ao ar livre, resgate, trabalho a\u00e9reo, prote\u00e7\u00e3o contra quedas, rapel etc.<\/p>","protected":false},"excerpt":{"rendered":"<p>Mosquet\u00e3o principal de travamento autom\u00e1tico duplo em forma de pera HMS de terceira gera\u00e7\u00e3o da Xinda - montanhismo, escalada em rocha, trava de seguran\u00e7a de rapel, conector de equipamento de espeleologia<\/p>","protected":false},"featured_media":3620,"template":"","meta":{"_acf_changed":false},"product_brand":[],"product_cat":[104],"product_tag":[69],"class_list":{"0":"post-3625","1":"product","2":"type-product","3":"status-publish","4":"has-post-thumbnail","6":"product_cat-carabiner-generation-3-carabiner","7":"product_tag-carabiner","9":"first","10":"instock","11":"shipping-taxable","12":"product-type-simple"},"acf":[],"_links":{"self":[{"href":"https:\/\/xindasafety.com\/pt_br\/wp-json\/wp\/v2\/product\/3625","targetHints":{"allow":["GET"]}}],"collection":[{"href":"https:\/\/xindasafety.com\/pt_br\/wp-json\/wp\/v2\/product"}],"about":[{"href":"https:\/\/xindasafety.com\/pt_br\/wp-json\/wp\/v2\/types\/product"}],"version-history":[{"count":3,"href":"https:\/\/xindasafety.com\/pt_br\/wp-json\/wp\/v2\/product\/3625\/revisions"}],"predecessor-version":[{"id":7219,"href":"https:\/\/xindasafety.com\/pt_br\/wp-json\/wp\/v2\/product\/3625\/revisions\/7219"}],"wp:featuredmedia":[{"embeddable":true,"href":"https:\/\/xindasafety.com\/pt_br\/wp-json\/wp\/v2\/media\/3620"}],"wp:attachment":[{"href":"https:\/\/xindasafety.com\/pt_br\/wp-json\/wp\/v2\/media?parent=3625"}],"wp:term":[{"taxonomy":"product_brand","embeddable":true,"href":"https:\/\/xindasafety.com\/pt_br\/wp-json\/wp\/v2\/product_brand?post=3625"},{"taxonomy":"product_cat","embeddable":true,"href":"https:\/\/xindasafety.com\/pt_br\/wp-json\/wp\/v2\/product_cat?post=3625"},{"taxonomy":"product_tag","embeddable":true,"href":"https:\/\/xindasafety.com\/pt_br\/wp-json\/wp\/v2\/product_tag?post=3625"}],"curies":[{"name":"wp","href":"https:\/\/api.w.org\/{rel}","templated":true}]}}