{"id":3450,"date":"2025-08-23T06:22:40","date_gmt":"2025-08-23T06:22:40","guid":{"rendered":"https:\/\/xindasafety.com\/?post_type=product&#038;p=3450"},"modified":"2026-04-21T00:54:47","modified_gmt":"2026-04-21T00:54:47","slug":"mosquetao-de-travamento-automatico-em-forma-de-d","status":"publish","type":"product","link":"https:\/\/xindasafety.com\/pt_br\/product\/d-shaped-auto-locking-carabiner\/","title":{"rendered":"HH8134TN"},"content":{"rendered":"<p><strong data-start=\"50\" data-end=\"67\">Nome do produto:<\/strong> Mosquet\u00e3o de travamento autom\u00e1tico em forma de D<br data-start=\"99\" data-end=\"102\" \/><strong data-start=\"102\" data-end=\"112\">Marca:<\/strong> Xinda<br data-start=\"118\" data-end=\"121\" \/><strong data-start=\"121\" data-end=\"135\" data-is-only-node=\"\">Modelo n\u00ba:<\/strong> HH-8134<br data-start=\"143\" data-end=\"146\" \/><strong data-start=\"146\" data-end=\"159\">Material:<\/strong> Alum\u00ednio de alta resist\u00eancia + liga de a\u00e7o<br data-start=\"196\" data-end=\"199\" \/><strong data-start=\"199\" data-end=\"219\">Classifica\u00e7\u00e3o de for\u00e7a:<\/strong> Eixo principal 30 kN \/ Eixo secund\u00e1rio 10 kN \/ Port\u00e3o aberto 10 kN<br data-start=\"273\" data-end=\"276\" \/><strong data-start=\"276\" data-end=\"297\">Padr\u00e3o do produto:<\/strong> XF494-2023<br data-start=\"308\" data-end=\"311\" \/><strong data-start=\"311\" data-end=\"328\">Abertura do port\u00e3o:<\/strong> \u226440 mm<br data-start=\"335\" data-end=\"338\" \/><strong data-start=\"338\" data-end=\"349\">Peso:<\/strong> 95 g<br data-start=\"354\" data-end=\"357\" \/><strong data-start=\"357\" data-end=\"379\">Escopo do aplicativo:<\/strong> Montanhismo, espeleologia, escalada em rocha, treinamento ao ar livre, resgate, trabalho a\u00e9reo, prote\u00e7\u00e3o contra quedas, rapel etc.<\/p>","protected":false},"excerpt":{"rendered":"<p>Mosquet\u00e3o principal de travamento autom\u00e1tico Xinda H-Series D-Shaped - Montanhismo, escalada em rocha, gancho de seguran\u00e7a para rapel, conector de equipamento de espeleologia<\/p>","protected":false},"featured_media":3461,"template":"","meta":{"_acf_changed":false},"product_brand":[],"product_cat":[104],"product_tag":[69],"class_list":{"0":"post-3450","1":"product","2":"type-product","3":"status-publish","4":"has-post-thumbnail","6":"product_cat-carabiner-generation-3-carabiner","7":"product_tag-carabiner","9":"first","10":"instock","11":"shipping-taxable","12":"product-type-simple"},"acf":[],"_links":{"self":[{"href":"https:\/\/xindasafety.com\/pt_br\/wp-json\/wp\/v2\/product\/3450","targetHints":{"allow":["GET"]}}],"collection":[{"href":"https:\/\/xindasafety.com\/pt_br\/wp-json\/wp\/v2\/product"}],"about":[{"href":"https:\/\/xindasafety.com\/pt_br\/wp-json\/wp\/v2\/types\/product"}],"version-history":[{"count":3,"href":"https:\/\/xindasafety.com\/pt_br\/wp-json\/wp\/v2\/product\/3450\/revisions"}],"predecessor-version":[{"id":7218,"href":"https:\/\/xindasafety.com\/pt_br\/wp-json\/wp\/v2\/product\/3450\/revisions\/7218"}],"wp:featuredmedia":[{"embeddable":true,"href":"https:\/\/xindasafety.com\/pt_br\/wp-json\/wp\/v2\/media\/3461"}],"wp:attachment":[{"href":"https:\/\/xindasafety.com\/pt_br\/wp-json\/wp\/v2\/media?parent=3450"}],"wp:term":[{"taxonomy":"product_brand","embeddable":true,"href":"https:\/\/xindasafety.com\/pt_br\/wp-json\/wp\/v2\/product_brand?post=3450"},{"taxonomy":"product_cat","embeddable":true,"href":"https:\/\/xindasafety.com\/pt_br\/wp-json\/wp\/v2\/product_cat?post=3450"},{"taxonomy":"product_tag","embeddable":true,"href":"https:\/\/xindasafety.com\/pt_br\/wp-json\/wp\/v2\/product_tag?post=3450"}],"curies":[{"name":"wp","href":"https:\/\/api.w.org\/{rel}","templated":true}]}}