{"id":3448,"date":"2025-10-05T06:16:50","date_gmt":"2025-10-05T06:16:50","guid":{"rendered":"https:\/\/xindasafety.com\/?post_type=product&#038;p=3448"},"modified":"2026-04-18T05:45:49","modified_gmt":"2026-04-18T05:45:49","slug":"capacete-de-escalada","status":"publish","type":"product","link":"https:\/\/xindasafety.com\/pt_br\/product\/climbing-helmet\/","title":{"rendered":"HH9669GL"},"content":{"rendered":"<p><strong data-start=\"48\" data-end=\"65\">Nome do produto:<\/strong> Capacete de prote\u00e7\u00e3o<br data-start=\"83\" data-end=\"86\" \/><strong data-start=\"86\" data-end=\"96\">Marca:<\/strong> Xinda<br data-start=\"102\" data-end=\"105\" \/><strong data-start=\"105\" data-end=\"119\" data-is-only-node=\"\">Modelo n\u00ba:<\/strong> HH-9669<br data-start=\"127\" data-end=\"130\" \/><strong data-start=\"130\" data-end=\"143\">Material:<\/strong> ABS709S + EPP<br data-start=\"157\" data-end=\"160\" \/><strong data-start=\"160\" data-end=\"171\">Peso:<\/strong> 390 g<br data-start=\"177\" data-end=\"180\" \/><strong data-start=\"180\" data-end=\"189\">Tamanho:<\/strong> Ajust\u00e1vel 53-62 cm<br data-start=\"209\" data-end=\"212\" \/><strong data-start=\"212\" data-end=\"233\">Padr\u00e3o do produto:<\/strong> EN12492:2000 A1:2002<br data-start=\"254\" data-end=\"257\" \/><strong data-start=\"257\" data-end=\"279\">Escopo do aplicativo:<\/strong> Montanhismo, escalada em rocha, combate a inc\u00eandios e resgate, treinamento ao ar livre, espeleologia, rapel, prote\u00e7\u00e3o para a cabe\u00e7a, etc.<\/p>","protected":false},"excerpt":{"rendered":"<p><strong data-start=\"0\" data-end=\"130\" data-is-only-node=\"\">Capacete para atividades ao ar livre Xinda H-Series - Capacete leve de seguran\u00e7a para escalada, espeleologia, resgate, montanhismo e trabalho a\u00e9reo com viseira<\/strong><br data-start=\"130\" data-end=\"133\" \/><strong data-start=\"133\" data-end=\"154\" data-is-last-node=\"\">Fatura dispon\u00edvel<\/strong><\/p>","protected":false},"featured_media":3437,"template":"","meta":{"_acf_changed":false},"product_brand":[],"product_cat":[119],"product_tag":[78],"class_list":{"0":"post-3448","1":"product","2":"type-product","3":"status-publish","4":"has-post-thumbnail","6":"product_cat-helmet-gen3","7":"product_tag-helmet","9":"first","10":"instock","11":"shipping-taxable","12":"product-type-simple"},"acf":[],"_links":{"self":[{"href":"https:\/\/xindasafety.com\/pt_br\/wp-json\/wp\/v2\/product\/3448","targetHints":{"allow":["GET"]}}],"collection":[{"href":"https:\/\/xindasafety.com\/pt_br\/wp-json\/wp\/v2\/product"}],"about":[{"href":"https:\/\/xindasafety.com\/pt_br\/wp-json\/wp\/v2\/types\/product"}],"version-history":[{"count":3,"href":"https:\/\/xindasafety.com\/pt_br\/wp-json\/wp\/v2\/product\/3448\/revisions"}],"predecessor-version":[{"id":7050,"href":"https:\/\/xindasafety.com\/pt_br\/wp-json\/wp\/v2\/product\/3448\/revisions\/7050"}],"wp:featuredmedia":[{"embeddable":true,"href":"https:\/\/xindasafety.com\/pt_br\/wp-json\/wp\/v2\/media\/3437"}],"wp:attachment":[{"href":"https:\/\/xindasafety.com\/pt_br\/wp-json\/wp\/v2\/media?parent=3448"}],"wp:term":[{"taxonomy":"product_brand","embeddable":true,"href":"https:\/\/xindasafety.com\/pt_br\/wp-json\/wp\/v2\/product_brand?post=3448"},{"taxonomy":"product_cat","embeddable":true,"href":"https:\/\/xindasafety.com\/pt_br\/wp-json\/wp\/v2\/product_cat?post=3448"},{"taxonomy":"product_tag","embeddable":true,"href":"https:\/\/xindasafety.com\/pt_br\/wp-json\/wp\/v2\/product_tag?post=3448"}],"curies":[{"name":"wp","href":"https:\/\/api.w.org\/{rel}","templated":true}]}}