{"id":3403,"date":"2025-08-23T05:33:03","date_gmt":"2025-08-23T05:33:03","guid":{"rendered":"https:\/\/xindasafety.com\/?post_type=product&#038;p=3403"},"modified":"2026-01-19T05:36:11","modified_gmt":"2026-01-19T05:36:11","slug":"conexao-de-mosquetao","status":"publish","type":"product","link":"https:\/\/xindasafety.com\/pt_br\/product\/carabiner-connection\/","title":{"rendered":"HHCP40"},"content":{"rendered":"<p><strong data-start=\"48\" data-end=\"65\">Nome do produto:<\/strong> Quickdraw Short Sling Loop<br data-start=\"92\" data-end=\"95\" \/><strong data-start=\"95\" data-end=\"105\">Marca:<\/strong> Xinda<br data-start=\"111\" data-end=\"114\" \/><strong data-start=\"114\" data-end=\"128\" data-is-only-node=\"\">Modelo n\u00ba:<\/strong> HH-CP40<br data-start=\"136\" data-end=\"139\" \/><strong data-start=\"139\" data-end=\"152\">Material:<\/strong> Liga de alum\u00ednio 7075 + poli\u00e9ster<br data-start=\"184\" data-end=\"187\" \/><strong data-start=\"187\" data-end=\"204\">Comprimento da funda:<\/strong> 11 cm \/ 17 cm \/ 25 cm<br data-start=\"226\" data-end=\"229\" \/><strong data-start=\"229\" data-end=\"246\">Peso da funda:<\/strong> 20 g \/ 26 g \/ 38 g<br data-start=\"265\" data-end=\"268\" \/><strong data-start=\"268\" data-end=\"287\">For\u00e7a da funda:<\/strong> 22 kN<br data-start=\"293\" data-end=\"296\" \/><strong data-start=\"296\" data-end=\"315\">Sling padr\u00e3o:<\/strong> CE1019 \/ EN566 \/ UIAA<br data-start=\"337\" data-end=\"340\" \/><strong data-start=\"340\" data-end=\"359\">Tamanho do mosquet\u00e3o:<\/strong> 100 \u00d7 58 \u00d7 13 mm<br data-start=\"376\" data-end=\"379\" \/><strong data-start=\"379\" data-end=\"400\">Mosquet\u00e3o Peso:<\/strong> 45 g<br data-start=\"405\" data-end=\"408\" \/><strong data-start=\"408\" data-end=\"431\">Resist\u00eancia do mosquet\u00e3o:<\/strong> Eixo principal 24 kN \/ Eixo secund\u00e1rio 8 kN \/ Port\u00e3o aberto 7 kN<br data-start=\"483\" data-end=\"486\" \/><strong data-start=\"486\" data-end=\"509\">Mosquet\u00e3o padr\u00e3o:<\/strong> XF494-2023<br data-start=\"520\" data-end=\"523\" \/><strong data-start=\"523\" data-end=\"545\">Escopo do aplicativo:<\/strong> Montanhismo, espeleologia, escalada em rocha, treinamento ao ar livre, resgate, trabalho a\u00e9reo, prote\u00e7\u00e3o contra quedas, rapel etc.<\/p>","protected":false},"excerpt":{"rendered":"<p>Mosquet\u00e3o para uso externo Xinda H-Series - Gancho de mosquet\u00e3o para montanhismo e escalada em rocha, conector de travamento de prote\u00e7\u00e3o de seguran\u00e7a para uso externo<\/p>","protected":false},"featured_media":3396,"template":"","meta":{"_acf_changed":false},"product_brand":[],"product_cat":[104],"product_tag":[149],"class_list":{"0":"post-3403","1":"product","2":"type-product","3":"status-publish","4":"has-post-thumbnail","6":"product_cat-carabiner-generation-3-carabiner","7":"product_tag-quikdraw","9":"first","10":"instock","11":"shipping-taxable","12":"product-type-variable"},"acf":[],"_links":{"self":[{"href":"https:\/\/xindasafety.com\/pt_br\/wp-json\/wp\/v2\/product\/3403","targetHints":{"allow":["GET"]}}],"collection":[{"href":"https:\/\/xindasafety.com\/pt_br\/wp-json\/wp\/v2\/product"}],"about":[{"href":"https:\/\/xindasafety.com\/pt_br\/wp-json\/wp\/v2\/types\/product"}],"version-history":[{"count":3,"href":"https:\/\/xindasafety.com\/pt_br\/wp-json\/wp\/v2\/product\/3403\/revisions"}],"predecessor-version":[{"id":6892,"href":"https:\/\/xindasafety.com\/pt_br\/wp-json\/wp\/v2\/product\/3403\/revisions\/6892"}],"wp:featuredmedia":[{"embeddable":true,"href":"https:\/\/xindasafety.com\/pt_br\/wp-json\/wp\/v2\/media\/3396"}],"wp:attachment":[{"href":"https:\/\/xindasafety.com\/pt_br\/wp-json\/wp\/v2\/media?parent=3403"}],"wp:term":[{"taxonomy":"product_brand","embeddable":true,"href":"https:\/\/xindasafety.com\/pt_br\/wp-json\/wp\/v2\/product_brand?post=3403"},{"taxonomy":"product_cat","embeddable":true,"href":"https:\/\/xindasafety.com\/pt_br\/wp-json\/wp\/v2\/product_cat?post=3403"},{"taxonomy":"product_tag","embeddable":true,"href":"https:\/\/xindasafety.com\/pt_br\/wp-json\/wp\/v2\/product_tag?post=3403"}],"curies":[{"name":"wp","href":"https:\/\/api.w.org\/{rel}","templated":true}]}}