{"id":3362,"date":"2025-10-05T03:21:07","date_gmt":"2025-10-05T03:21:07","guid":{"rendered":"https:\/\/xindasafety.com\/?post_type=product&#038;p=3362"},"modified":"2026-01-18T08:12:17","modified_gmt":"2026-01-18T08:12:17","slug":"almofada-protetora-de-corda","status":"publish","type":"product","link":"https:\/\/xindasafety.com\/pt_br\/product\/rope-protector-pad\/","title":{"rendered":"XDPJ289"},"content":{"rendered":"<p data-start=\"39\" data-end=\"432\"><strong data-start=\"39\" data-end=\"56\">Nome do produto:<\/strong> Almofada protetora de corda espessa de algod\u00e3o revestido<br data-start=\"99\" data-end=\"102\" \/><strong data-start=\"102\" data-end=\"112\">Marca:<\/strong> Xinda<br data-start=\"118\" data-end=\"121\" \/><strong data-start=\"121\" data-end=\"135\">Modelo n\u00ba:<\/strong> XD-PJ289<br data-start=\"144\" data-end=\"147\" \/><strong data-start=\"147\" data-end=\"160\" data-is-only-node=\"\">Material:<\/strong> Algod\u00e3o revestido<br data-start=\"174\" data-end=\"177\" \/><strong data-start=\"177\" data-end=\"186\">Tamanho:<\/strong> S (69 \u00d7 83 cm), L (83 \u00d7 143 cm)<br data-start=\"218\" data-end=\"221\" \/><strong data-start=\"221\" data-end=\"232\">Peso:<\/strong> 570 g \/ 1100 g<br data-start=\"247\" data-end=\"250\" \/><strong data-start=\"250\" data-end=\"260\">Cor:<\/strong> Verde + cinza escuro<br data-start=\"278\" data-end=\"281\" \/><strong data-start=\"281\" data-end=\"304\">Espessura do material:<\/strong> 16A<br data-start=\"308\" data-end=\"311\" \/><strong data-start=\"311\" data-end=\"333\">Escopo do aplicativo:<\/strong> Montanhismo, espeleologia, treinamento ao ar livre, resgate, trabalho a\u00e9reo, equipamentos de divers\u00e3o ao ar livre, etc.<\/p>\n<p data-start=\"434\" data-end=\"457\"><strong data-start=\"434\" data-end=\"455\">Caracter\u00edsticas do produto:<\/strong><\/p>\n<ol data-start=\"458\" data-end=\"972\">\n<li data-start=\"458\" data-end=\"582\">\n<p data-start=\"461\" data-end=\"582\">Projetado para uso em resgate - colocado no ch\u00e3o para proteger efetivamente o equipamento da abras\u00e3o direta com superf\u00edcies \u00e1speras.<\/p>\n<\/li>\n<li data-start=\"583\" data-end=\"739\">\n<p data-start=\"586\" data-end=\"739\">Feito de algod\u00e3o revestido, resistente a altas temperaturas; o tecido denso 16A de camada dupla com estrutura costurada garante forte durabilidade e resist\u00eancia ao desgaste.<\/p>\n<\/li>\n<li data-start=\"740\" data-end=\"972\">\n<p data-start=\"743\" data-end=\"972\">Equipado com seis ilh\u00f3s de a\u00e7o inoxid\u00e1vel 304 (17 mm de di\u00e2metro), que permitem a conex\u00e3o direta com mosquet\u00f5es de travamento principais para a conex\u00e3o r\u00e1pida de v\u00e1rias almofadas, proporcionando uma \u00e1rea de prote\u00e7\u00e3o estendida, especialmente adequada para terrenos irregulares.<\/p>\n<\/li>\n<\/ol>","protected":false},"excerpt":{"rendered":"<p>Xinda Outdoor Climbing and Mountaineering Rope Protector Pad - Tapete de armazenamento de equipamentos, almofada antiabras\u00e3o de corda, design ampliado e espesso<\/p>","protected":false},"featured_media":3356,"template":"","meta":{"_acf_changed":false},"product_brand":[],"product_cat":[15],"product_tag":[148],"class_list":{"0":"post-3362","1":"product","2":"type-product","3":"status-publish","4":"has-post-thumbnail","6":"product_cat-uncategorized","7":"product_tag-rope-protector-pad","9":"first","10":"instock","11":"shipping-taxable","12":"product-type-variable"},"acf":[],"_links":{"self":[{"href":"https:\/\/xindasafety.com\/pt_br\/wp-json\/wp\/v2\/product\/3362","targetHints":{"allow":["GET"]}}],"collection":[{"href":"https:\/\/xindasafety.com\/pt_br\/wp-json\/wp\/v2\/product"}],"about":[{"href":"https:\/\/xindasafety.com\/pt_br\/wp-json\/wp\/v2\/types\/product"}],"version-history":[{"count":2,"href":"https:\/\/xindasafety.com\/pt_br\/wp-json\/wp\/v2\/product\/3362\/revisions"}],"predecessor-version":[{"id":6736,"href":"https:\/\/xindasafety.com\/pt_br\/wp-json\/wp\/v2\/product\/3362\/revisions\/6736"}],"wp:featuredmedia":[{"embeddable":true,"href":"https:\/\/xindasafety.com\/pt_br\/wp-json\/wp\/v2\/media\/3356"}],"wp:attachment":[{"href":"https:\/\/xindasafety.com\/pt_br\/wp-json\/wp\/v2\/media?parent=3362"}],"wp:term":[{"taxonomy":"product_brand","embeddable":true,"href":"https:\/\/xindasafety.com\/pt_br\/wp-json\/wp\/v2\/product_brand?post=3362"},{"taxonomy":"product_cat","embeddable":true,"href":"https:\/\/xindasafety.com\/pt_br\/wp-json\/wp\/v2\/product_cat?post=3362"},{"taxonomy":"product_tag","embeddable":true,"href":"https:\/\/xindasafety.com\/pt_br\/wp-json\/wp\/v2\/product_tag?post=3362"}],"curies":[{"name":"wp","href":"https:\/\/api.w.org\/{rel}","templated":true}]}}